{"id":5122,"date":"2021-09-27T13:12:53","date_gmt":"2021-09-27T12:12:53","guid":{"rendered":"https:\/\/www.apotheek-erica.nl\/online\/?page_id=5122"},"modified":"2023-03-02T16:20:28","modified_gmt":"2023-03-02T15:20:28","slug":"verzendingsbeleid","status":"publish","type":"page","link":"https:\/\/www.apotheek-erica.nl\/online\/verzendingsbeleid\/","title":{"rendered":"Verzendingsbeleid"},"content":{"rendered":"<p>Nous envoyons les colis \u00e0 votre bureau de poste local o\u00f9 les facteurs les livrent \u00e0 votre domicile. Si vous n&#8217;\u00eates pas chez vous lors de leur passage, ils laisseront un avis sur votre porte.<\/p>\n<p>Il existe deux modes d&#8217;exp\u00e9dition<\/p>\n<ol>\n<li>Le courrier a\u00e9rien. Ce type de livraison prend 2 \u00e0 3 semaines et co\u00fbte 14,95 $;<\/li>\n<li>Courrier express (EMS). Ce type de livraison est plus rapide et prend de 3 \u00e0 8 jours ouvrables et co\u00fbte 19,95 $<\/li>\n<li>Malheureusement, ce mode d&#8217;exp\u00e9dition n&#8217;est pas disponible dans de nombreux pays. Si votre pays figure sur cette liste, vous ne pourrez pas choisir EMS comme mode d&#8217;exp\u00e9dition. Prix : 24,95 $.<\/li>\n<\/ol>\n<p>Vous devez \u00e9galement tenir compte du fait que nous ne sommes pas responsables des retards \u00e9ventuels aux douanes. C&#8217;est pourquoi certaines commandes peuvent arriver un peu plus tard ou plus t\u00f4t que pr\u00e9vu.<\/p>\n<p>Nous traitons g\u00e9n\u00e9ralement les commandes dans les 24 heures. Il peut arriver que la notification soit plac\u00e9e dans la section &#8220;Spam&#8221;. Regardez l\u00e0 si vous n&#8217;avez pas re\u00e7u de notification. Nous essayons de livrer votre commande \u00e0 temps, mais il arrive parfois que la livraison pose probl\u00e8me. Si vous rencontrez un probl\u00e8me, faites-le nous savoir et nous ferons tout notre possible pour le r\u00e9soudre dans les meilleurs d\u00e9lais.<\/p>\n<p>Nous fournissons un excellent service et nous sommes toujours pr\u00eats \u00e0 vous parler.<\/p>\n<p>&nbsp;<\/p>\n","protected":false},"excerpt":{"rendered":"<p>Nous envoyons les colis \u00e0 votre bureau de poste local o\u00f9 les facteurs les livrent \u00e0 votre domicile. Si vous n&#8217;\u00eates pas chez vous lors de leur passage, ils laisseront un avis sur votre porte. Il existe deux modes d&#8217;exp\u00e9dition Le courrier a\u00e9rien. Ce type de livraison prend 2 \u00e0 3 semaines et co\u00fbte 14,95 &#8230; <a title=\"Verzendingsbeleid\" class=\"read-more\" href=\"https:\/\/www.apotheek-erica.nl\/online\/verzendingsbeleid\/\" aria-label=\"Lees meer over Verzendingsbeleid\">Lees verder<\/a><\/p>\n","protected":false},"author":1,"featured_media":0,"parent":0,"menu_order":0,"comment_status":"closed","ping_status":"closed","template":"","meta":{"footnotes":""},"class_list":["post-5122","page","type-page","status-publish"],"amp_enabled":true,"_links":{"self":[{"href":"https:\/\/www.apotheek-erica.nl\/online\/wp-json\/wp\/v2\/pages\/5122","targetHints":{"allow":["GET"]}}],"collection":[{"href":"https:\/\/www.apotheek-erica.nl\/online\/wp-json\/wp\/v2\/pages"}],"about":[{"href":"https:\/\/www.apotheek-erica.nl\/online\/wp-json\/wp\/v2\/types\/page"}],"author":[{"embeddable":true,"href":"https:\/\/www.apotheek-erica.nl\/online\/wp-json\/wp\/v2\/users\/1"}],"replies":[{"embeddable":true,"href":"https:\/\/www.apotheek-erica.nl\/online\/wp-json\/wp\/v2\/comments?post=5122"}],"version-history":[{"count":1,"href":"https:\/\/www.apotheek-erica.nl\/online\/wp-json\/wp\/v2\/pages\/5122\/revisions"}],"predecessor-version":[{"id":68760,"href":"https:\/\/www.apotheek-erica.nl\/online\/wp-json\/wp\/v2\/pages\/5122\/revisions\/68760"}],"wp:attachment":[{"href":"https:\/\/www.apotheek-erica.nl\/online\/wp-json\/wp\/v2\/media?parent=5122"}],"curies":[{"name":"wp","href":"https:\/\/api.w.org\/{rel}","templated":true}]}}