{"id":4874,"date":"2025-07-07T15:25:30","date_gmt":"2025-07-07T14:25:30","guid":{"rendered":"https:\/\/www.apotheek-erica.nl\/online\/?post_type=product&#038;p=4874"},"modified":"2025-07-07T15:25:30","modified_gmt":"2025-07-07T14:25:30","slug":"premarin","status":"publish","type":"product","link":"https:\/\/www.apotheek-erica.nl\/online\/premarin\/","title":{"rendered":"Premarin"},"content":{"rendered":"<h3>Qu&#8217;est-ce que Premarin (oestrog\u00e8nes conjugu\u00e9s) ?<\/h3>\n<p>Premarin est un m\u00e9lange d&#8217;hormones \u0153strog\u00e8nes r\u00e9gulant le d\u00e9veloppement et les fonctions de l&#8217;appareil reproducteur f\u00e9minin. Ce m\u00e9dicament diminue la r\u00e9sorption osseuse de Ca2 \u00e0 la m\u00e9nopause, pr\u00e9vient l&#8217;involution des organes g\u00e9nitaux. Premarin (\u0153strog\u00e8nes conjugu\u00e9s) est utilis\u00e9 pour traiter les sympt\u00f4mes de la m\u00e9nopause, qui comprennent les bouff\u00e9es de chaleur, la s\u00e9cheresse vaginale, l&#8217;irritation et la s\u00e9cheresse vaginale, et est utilis\u00e9 pour pr\u00e9venir l&#8217;ost\u00e9oporose chez les femmes qui traversent la m\u00e9nopause. Il est utilis\u00e9 pour le traitement de substitution chez les femmes en p\u00e9riode de pr\u00e9 et post-m\u00e9nopause, d&#8217;hypofonctionnement ovarien (am\u00e9norrh\u00e9e primaire et secondaire, oligom\u00e9norrh\u00e9e, dysm\u00e9norrh\u00e9e) et autres cas.<\/p>\n<h3>Posologie et administration<\/h3>\n<p>Prenez ce m\u00e9dicament une fois par jour, comme prescrit, avec un grand verre d&#8217;eau, \u00e0 jeun ou avec de la nourriture. Premarin peut \u00eatre administr\u00e9 pour un traitement cyclique qui consiste en 25 jours suivis de 5 jours. Ne prenez pas plus que la dose prescrite. La dose individuelle d\u00e9pend de votre \u00e9tat (pour l&#8217;hypogonadisme &#8211; 0,3 mg ou 0,625 mg par jour, pour pr\u00e9venir l&#8217;ost\u00e9oporose post-m\u00e9nopausique &#8211; 0,3 mg \/ jour). Essayez de le prendre r\u00e9guli\u00e8rement pour obtenir le meilleur r\u00e9sultat. Ne pas prendre avec du jus de pamplemousse car il augmente les niveaux d&#8217;\u0153strog\u00e8nes.<\/p>\n<h3>Mises en garde et pr\u00e9cautions<\/h3>\n<p>Les oestrog\u00e8nes conjugu\u00e9s peuvent r\u00e9cidiver ou \u00eatre aggrav\u00e9s en cas d&#8217;hypertension art\u00e9rielle, de troubles h\u00e9patiques et\/ou r\u00e9naux, d&#8217;endom\u00e9triose, de troubles thromboemboliques, de diab\u00e8te sucr\u00e9, de chol\u00e9lithiase, de migraine ou de c\u00e9phal\u00e9es, de lupus \u00e9ryth\u00e9mateux diss\u00e9min\u00e9, d&#8217;\u00e9pilepsie, d&#8217;asthme, otoscl\u00e9rose, prurit, tumeurs \u0153strog\u00e9niques d\u00e9pendantes, ant\u00e9c\u00e9dents d&#8217;hyperplasie endom\u00e9triale, peut augmenter les taux d&#8217;hormones thyro\u00efdiennes circulantes, de substrat r\u00e9nal\/angiotensinog\u00e8ne, d&#8217;alpha one antitrypsine ou de c\u00e9ruloplasmine, de corticost\u00e9ro\u00efdes et de st\u00e9ro\u00efdes s\u00e9riques.<\/p>\n<h3>Effets secondaires<\/h3>\n<p>Lorsque vous commencez \u00e0 utiliser ce m\u00e9dicament, vous devez parler \u00e0 votre m\u00e9decin de vos \u00e9ventuelles allergies. Avant de prendre Premarin, vous devez conna\u00eetre les effets secondaires qu&#8217;il peut provoquer. Vous trouverez ci-dessous la liste des effets secondaires les plus courants que Premarin peut provoquer.<\/p>\n<p>Les effets secondaires des oestrog\u00e8nes conjugu\u00e9s sont :<br \/>\nnaus\u00e9es, vomissements, douleurs abdominales, anorexie, d\u00e9pression, saignements vaginaux, pertes mammaires, gyn\u00e9comastie, nostalgie, am\u00e9norrh\u00e9e, dysm\u00e9norrh\u00e9e, h\u00e9patite cholestatique, jaunisse, vertiges, maux de t\u00eate, hyperplasie endom\u00e9triale, alop\u00e9cie, prise de poids.<\/p>\n","protected":false},"excerpt":{"rendered":"<p>Premarine (geconjugeerde oestrogenen) wordt gebruikt bij de behandeling van tekenen en symptomen van oestrogeentekort als gevolg van natuurlijke of chirurgisch ge\u00efnduceerde menopauze, opvliegers, nachtelijk zweten, urogenitale stoornissen, preventie van osteoporose bij postmenopauzale vrouwen met een hoog risico op fracturen.<\/p>\n<h3>Prijs van Premarine<\/h3>\n<p>De prijs van Premarin is ongeveer \u20ac 110,7 tot \u20ac 584,5 per pil. U kunt de actuele prijs controleren via onderstaande links.<\/p>\n","protected":false},"featured_media":4857,"comment_status":"open","ping_status":"closed","template":"","meta":[],"product_brand":[],"product_cat":[868],"product_tag":[],"class_list":{"0":"post-4874","1":"product","2":"type-product","3":"status-publish","4":"has-post-thumbnail","6":"product_cat-angstmens-healthvrouwelijke-gezondheid","7":"pa_actief-ingredient-conjugated","8":"sales-flash-overlay","9":"woocommerce-text-align-center","10":"woocommerce-image-align-center","12":"first","13":"instock","14":"shipping-taxable","15":"product-type-external"},"amp_enabled":true,"_links":{"self":[{"href":"https:\/\/www.apotheek-erica.nl\/online\/wp-json\/wp\/v2\/product\/4874","targetHints":{"allow":["GET"]}}],"collection":[{"href":"https:\/\/www.apotheek-erica.nl\/online\/wp-json\/wp\/v2\/product"}],"about":[{"href":"https:\/\/www.apotheek-erica.nl\/online\/wp-json\/wp\/v2\/types\/product"}],"replies":[{"embeddable":true,"href":"https:\/\/www.apotheek-erica.nl\/online\/wp-json\/wp\/v2\/comments?post=4874"}],"wp:featuredmedia":[{"embeddable":true,"href":"https:\/\/www.apotheek-erica.nl\/online\/wp-json\/wp\/v2\/media\/4857"}],"wp:attachment":[{"href":"https:\/\/www.apotheek-erica.nl\/online\/wp-json\/wp\/v2\/media?parent=4874"}],"wp:term":[{"taxonomy":"product_brand","embeddable":true,"href":"https:\/\/www.apotheek-erica.nl\/online\/wp-json\/wp\/v2\/product_brand?post=4874"},{"taxonomy":"product_cat","embeddable":true,"href":"https:\/\/www.apotheek-erica.nl\/online\/wp-json\/wp\/v2\/product_cat?post=4874"},{"taxonomy":"product_tag","embeddable":true,"href":"https:\/\/www.apotheek-erica.nl\/online\/wp-json\/wp\/v2\/product_tag?post=4874"}],"curies":[{"name":"wp","href":"https:\/\/api.w.org\/{rel}","templated":true}]}}