{"id":4885,"date":"2025-07-07T15:36:50","date_gmt":"2025-07-07T14:36:50","guid":{"rendered":"https:\/\/www.apotheek-erica.nl\/online\/?post_type=product&#038;p=4885"},"modified":"2025-07-13T10:49:15","modified_gmt":"2025-07-13T09:49:15","slug":"betnovate","status":"publish","type":"product","link":"https:\/\/www.apotheek-erica.nl\/online\/betnovate\/","title":{"rendered":"Betnovate"},"content":{"rendered":"<h3>Wat is betamethason (Betnovate)?<\/h3>\n<p>Betamethason (Betnovate) is een <a href=\"https:\/\/www.apotheek-erica.nl\/online\/prednisolone\/\" data-internallinksmanager029f6b8e52c=\"208\" title=\"Prednisolon\">synthetisch<\/a> glucocortico\u00efde, het meest actieve ontstekingsremmende stero\u00efde. Het wordt plaatselijk gebruikt als ontstekingsremmer en oraal toegediend als vervangingstherapie bij bijnierinsuffici\u00ebntie. Het verlicht ontstekingen bij verschillende aandoeningen, dermatologische aandoeningen, gastro-intestinale aandoeningen en hematologische aandoeningen.<\/p>\n<h3>Indicaties en contra-indicaties<\/h3>\n<p>Betamethason is voornamelijk ge\u00efndiceerd voor de behandeling van verschillende ontstekingsziekten, allergie, astma, contactgevoeligheidsreacties, reacties op insectensteken. Betamethason is aangewezen voor de verlichting van pruritische en inflammatoire symptomen van corticostero\u00efd-responsieve dermatosen. Betamethason kan plaatselijk worden gebruikt in combinatie met een vitamine D-analoog zoals calcipotriene voor de behandeling van plaque psoriasis en andere huidziekten.<br \/>\nBetamethason is gecontra-indiceerd bij aandoeningen zoals herpes simplex infecties, acne vulgaris, periorale dermatitis, overgevoeligheid, servetuitslag en huidlaesies.<\/p>\n<h3>Dosering<\/h3>\n<p>De dosis voor volwassenen is 0,05 tot 0,1% met een frequentie van acht uur en de route is topisch. En de orale dosis is 0,5 tot vijf milligram met een frequentie van 20 uur en de route is oraal.<br \/>\nDit geneesmiddel mag alleen worden gebruikt voor huidaandoeningen die door uw arts zijn voorgeschreven. Raadpleeg uw arts voordat u het voor andere aandoeningen gebruikt, vooral als u een infectie vermoedt. Dit geneesmiddel mag niet worden gebruikt voor de behandeling van bepaalde soorten infecties of huidaandoeningen zoals ernstige brandwonden.<\/p>\n<h3>Bijwerkingen<\/h3>\n<p>Ernstige of onomkeerbare bijwerkingen van betamethason, die aanleiding geven tot andere complicaties, zijn atrofie, kwetsbaarheid van de huid, angio-oedeem, periorale dermatitis. Potentieel fatale effecten van betamethason zijn het syndroom van Cushing, <a href=\"https:\/\/www.apotheek-erica.nl\/online\/diabetes\/\" data-internallinksmanager029f6b8e52c=\"18\" title=\"diabetes\">diabetes<\/a>, hypertensie, groeionderdrukking, die aanleiding geven tot het staken van de betamethasontherapie.<br \/>\nDe symptomatische bijwerkingen van betamethason zijn min of meer verdraagbaar. Indien zij ernstig worden, kunnen zij symptomatisch worden behandeld.<\/p>\n<h3>Waarschuwingen<\/h3>\n<p>Betamethason moet met voorzichtigheid worden gebruikt bij pati\u00ebnten met actieve tuberculose-infectie van de luchtwegen of onbehandelde systemische schimmel-, bacterie- of virusinfecties. Systemische corticostero\u00efden dienen met grote voorzichtigheid te worden gebruikt bij pati\u00ebnten met congestief <a href=\"https:\/\/www.apotheek-erica.nl\/online\/lisinopril\/\" data-internallinksmanager029f6b8e52c=\"57\" title=\"Lisinopril (Zestril)\">hartfalen<\/a>, recent myocardinfarct, hypertensie, diabetes mellitus, epilepsie, glaucoom, hypothyreo\u00efdie, leverfalen, osteoporose, maagzweer of nierinsuffici\u00ebntie.<br \/>\nKinderen kunnen een verhoogd risico lopen op bepaalde bijwerkingen.<\/p>\n<p>Passieve immunisatie wordt aanbevolen voor niet-immune pati\u00ebnten die in contact komen met waterpokken of mazelen. Het levende vaccin mag niet worden toegediend aan pati\u00ebnten die een hoge dosis systemische corticostero\u00efden krijgen of gedurende ten minste drie maanden daarna.<\/p>\n<p>Tijdens langdurige behandeling met corticostero\u00efden moeten pati\u00ebnten regelmatig worden onderzocht. Langdurige behandeling moet worden vermeden, vooral bij zuigelingen en kinderen, aangezien bijniersuppressie kan optreden.<\/p>\n","protected":false},"excerpt":{"rendered":"<p>Betnovate is een corticostero\u00efd dat wordt gebruikt voor de lokale behandeling van huidirritaties. Betnovate helpt de roodheid, jeuk en zwelling van huidaandoeningen zoals eczeem, psoriasis, contactdermatitis en seborroe te verminderen en wordt gewoonlijk 2-3 keer per dag of volgens voorschrift aangebracht. Een voldoende hoeveelheid moet worden aangebracht om het getroffen gebied volledig te bedekken met een dunne film.<\/p>\n<h3>Betnovate Prijs<\/h3>\n<p>De prijs van Betnovate is ongeveer \u20ac 27,6 &#8211; \u20ac 44,8 per cr\u00e8me. U kunt de actuele prijs controleren door onderstaande links te volgen.<\/p>\n","protected":false},"featured_media":4820,"comment_status":"open","ping_status":"closed","template":"","meta":[],"product_brand":[],"product_cat":[53],"product_tag":[],"class_list":{"0":"post-4885","1":"product","2":"type-product","3":"status-publish","4":"has-post-thumbnail","6":"product_cat-skincare","7":"pa_actief-ingredient-betamethason","8":"sales-flash-overlay","9":"woocommerce-text-align-center","10":"woocommerce-image-align-center","12":"first","13":"instock","14":"shipping-taxable","15":"product-type-external"},"amp_enabled":true,"_links":{"self":[{"href":"https:\/\/www.apotheek-erica.nl\/online\/wp-json\/wp\/v2\/product\/4885","targetHints":{"allow":["GET"]}}],"collection":[{"href":"https:\/\/www.apotheek-erica.nl\/online\/wp-json\/wp\/v2\/product"}],"about":[{"href":"https:\/\/www.apotheek-erica.nl\/online\/wp-json\/wp\/v2\/types\/product"}],"replies":[{"embeddable":true,"href":"https:\/\/www.apotheek-erica.nl\/online\/wp-json\/wp\/v2\/comments?post=4885"}],"wp:featuredmedia":[{"embeddable":true,"href":"https:\/\/www.apotheek-erica.nl\/online\/wp-json\/wp\/v2\/media\/4820"}],"wp:attachment":[{"href":"https:\/\/www.apotheek-erica.nl\/online\/wp-json\/wp\/v2\/media?parent=4885"}],"wp:term":[{"taxonomy":"product_brand","embeddable":true,"href":"https:\/\/www.apotheek-erica.nl\/online\/wp-json\/wp\/v2\/product_brand?post=4885"},{"taxonomy":"product_cat","embeddable":true,"href":"https:\/\/www.apotheek-erica.nl\/online\/wp-json\/wp\/v2\/product_cat?post=4885"},{"taxonomy":"product_tag","embeddable":true,"href":"https:\/\/www.apotheek-erica.nl\/online\/wp-json\/wp\/v2\/product_tag?post=4885"}],"curies":[{"name":"wp","href":"https:\/\/api.w.org\/{rel}","templated":true}]}}