{"id":4891,"date":"2025-07-10T17:33:47","date_gmt":"2025-07-10T16:33:47","guid":{"rendered":"https:\/\/www.apotheek-erica.nl\/online\/?post_type=product&#038;p=4891"},"modified":"2025-07-13T10:49:12","modified_gmt":"2025-07-13T09:49:12","slug":"elimite","status":"publish","type":"product","link":"https:\/\/www.apotheek-erica.nl\/online\/elimite\/","title":{"rendered":"Elimite"},"content":{"rendered":"<p>Generiek Elimite (permethrine) wordt gebruikt voor de behandeling van haarluizen en schurft.<\/p>\n","protected":false},"excerpt":{"rendered":"<p><strong>Algemeen gebruik<\/strong><\/p>\n<p> Elimite (permethrine) wordt gebruikt voor de behandeling van haarluizen en schurft.<\/p>\n<p> <strong>Dosering en toediening<br \/><\/strong><br \/> Breng de cr\u00e8me aan op de schone en droge huid van top tot teen. Bij baby&#8217;s en geriatrische pati\u00ebnten ook aanbrengen op de hoofdhuid, de slapen en het voorhoofd. Voor een volwassene is de gemiddelde dosis 30 mg. Meestal is \u00e9\u00e9n behandeling voldoende om de infectie te behandelen. Breng de cr\u00e8me niet aan op ge\u00efrriteerde huid, open schrammen of wonden. Niet doorslikken. Vermijd contact van het geneesmiddel met de neus, mond, ogen of geslachtsdelen. Herhaal de behandeling als de luizen een week na de eerste toepassing opnieuw verschijnen.<\/p>\n","protected":false},"featured_media":4817,"comment_status":"open","ping_status":"closed","template":"","meta":[],"product_brand":[],"product_cat":[53],"product_tag":[],"class_list":{"0":"post-4891","1":"product","2":"type-product","3":"status-publish","4":"has-post-thumbnail","6":"product_cat-skincare","7":"pa_actief-ingredient-permethrin","8":"sales-flash-overlay","9":"woocommerce-text-align-center","10":"woocommerce-image-align-center","12":"first","13":"instock","14":"shipping-taxable","15":"product-type-external"},"amp_enabled":true,"_links":{"self":[{"href":"https:\/\/www.apotheek-erica.nl\/online\/wp-json\/wp\/v2\/product\/4891","targetHints":{"allow":["GET"]}}],"collection":[{"href":"https:\/\/www.apotheek-erica.nl\/online\/wp-json\/wp\/v2\/product"}],"about":[{"href":"https:\/\/www.apotheek-erica.nl\/online\/wp-json\/wp\/v2\/types\/product"}],"replies":[{"embeddable":true,"href":"https:\/\/www.apotheek-erica.nl\/online\/wp-json\/wp\/v2\/comments?post=4891"}],"wp:featuredmedia":[{"embeddable":true,"href":"https:\/\/www.apotheek-erica.nl\/online\/wp-json\/wp\/v2\/media\/4817"}],"wp:attachment":[{"href":"https:\/\/www.apotheek-erica.nl\/online\/wp-json\/wp\/v2\/media?parent=4891"}],"wp:term":[{"taxonomy":"product_brand","embeddable":true,"href":"https:\/\/www.apotheek-erica.nl\/online\/wp-json\/wp\/v2\/product_brand?post=4891"},{"taxonomy":"product_cat","embeddable":true,"href":"https:\/\/www.apotheek-erica.nl\/online\/wp-json\/wp\/v2\/product_cat?post=4891"},{"taxonomy":"product_tag","embeddable":true,"href":"https:\/\/www.apotheek-erica.nl\/online\/wp-json\/wp\/v2\/product_tag?post=4891"}],"curies":[{"name":"wp","href":"https:\/\/api.w.org\/{rel}","templated":true}]}}