{"id":4895,"date":"2025-07-06T14:06:16","date_gmt":"2025-07-06T13:06:16","guid":{"rendered":"https:\/\/www.apotheek-erica.nl\/online\/?post_type=product&#038;p=4895"},"modified":"2025-07-13T10:49:17","modified_gmt":"2025-07-13T09:49:17","slug":"trental","status":"publish","type":"product","link":"https:\/\/www.apotheek-erica.nl\/online\/trental\/","title":{"rendered":"Trental"},"content":{"rendered":"<h3>Qu&#8217;est-ce que Trental (Pentoxifylline) ?<\/h3>\n<p>Trental (Pentoxifylline) est utilis\u00e9 pour am\u00e9liorer le flux sanguin et transporter l&#8217;oxyg\u00e8ne dans le corps. Ce m\u00e9dicament r\u00e9duit les sympt\u00f4mes de la claudication intermittente. Cependant, il ne constitue pas un rem\u00e8de \u00e0 cette affection. Vous devez consulter un professionnel de la sant\u00e9 pour conna\u00eetre la posologie et le traitement appropri\u00e9s. N&#8217;utilisez pas Trental si vous avez des saignements dans le cerveau ou la r\u00e9tine.<\/p>\n<h3>Posologie et administration<\/h3>\n<p>Consultez votre m\u00e9decin avant d&#8217;utiliser le m\u00e9dicament. N&#8217;utilisez pas le m\u00e9dicament \u00e0 une dose sup\u00e9rieure \u00e0 celle prescrite. Prendre par voie orale pendant ou imm\u00e9diatement apr\u00e8s les repas, et avaler enti\u00e8rement avec de l&#8217;eau.<\/p>\n<p>La dose la plus couramment utilis\u00e9e pour les adultes est de 400 mg deux fois par jour.<br \/>\nElle ne peut pas \u00eatre utilis\u00e9e chez les enfants sans prescription m\u00e9dicale.<br \/>\nNote : Cette instruction est pour r\u00e9f\u00e9rence seulement. Il est n\u00e9cessaire de consulter votre m\u00e9decin avant de l&#8217;utiliser. Il vous aidera \u00e0 obtenir de meilleurs r\u00e9sultats.<\/p>\n<h3>Effets secondaires<\/h3>\n<p>Malgr\u00e9 les nombreux avantages de ce m\u00e9dicament, il est important de consulter votre m\u00e9decin avant de le prendre. Les effets ind\u00e9sirables les plus courants de Trental sont les troubles gastro-intestinaux (dyspepsie et \u00e9ructations), la dyspepsie, les naus\u00e9es et la constipation. Certains patients ont signal\u00e9 des saignements ou des r\u00e9actions d&#8217;hypersensibilit\u00e9, mais ces cas sont rares.<\/p>\n<p>Certaines personnes \u00e9prouvent des effets secondaires apr\u00e8s avoir pris ce m\u00e9dicament, notamment une faible tension art\u00e9rielle, une somnolence facile et des ecchymoses faciles. On a \u00e9galement signal\u00e9 des r\u00e9actions anaphylacto\u00efdes et m\u00eame des chocs anaphylactiques. Si vous ressentez l&#8217;un de ces effets secondaires, contactez imm\u00e9diatement votre m\u00e9decin. Vous devez \u00e9galement signaler imm\u00e9diatement \u00e0 votre m\u00e9decin tout saignement ou toute ecchymose inhabituels.<\/p>\n<h3>Pr\u00e9cautions d&#8217;emploi<\/h3>\n<p>Le Trental peut am\u00e9liorer les sympt\u00f4mes de la claudication intermittente mais ne doit pas \u00eatre utilis\u00e9 comme substitut d&#8217;un traitement d\u00e9finitif.<\/p>\n<p>Si le m\u00e9dicament est pris comme prescrit, il d\u00e9tend les muscles lisses des vaisseaux p\u00e9riph\u00e9riques. Cette action peut \u00eatre limit\u00e9e chez les personnes atteintes d&#8217;une maladie vasculaire p\u00e9riph\u00e9rique ou chez celles dont les vaisseaux ont d\u00e9j\u00e0 \u00e9t\u00e9 dilat\u00e9s au maximum. Cependant, il augmente la souplesse des globules rouges, ce qui am\u00e9liore le flux sanguin dans les vaisseaux p\u00e9riph\u00e9riques. Bien que cet effet ne soit pas li\u00e9 \u00e0 une am\u00e9lioration clinique, il convient de noter qu&#8217;il peut \u00eatre utile dans d&#8217;autres situations.<\/p>\n","protected":false},"excerpt":{"rendered":"<p>Trental (Pentoxifylline) wordt gebruikt voor de behandeling van claudicatio intermittens bij sommige pati\u00ebnten. Trental verlicht pijnlijke beenkrampen veroorzaakt door claudicatio intermittens, een aandoening die optreedt wanneer aderverkalking de bloedtoevoer naar de beenspieren vermindert.<\/p>\n<h3>Prijs van Trental<\/h3>\n<p>De prijs van Trental is ongeveer \u20ac 0,53 tot \u20ac 0,79 per pil. Dit is afhankelijk van de grootte van de verpakking en het aantal tabletten dat erin zit. U kunt Trental kopen door op onderstaande link te klikken.<\/p>\n","protected":false},"featured_media":4815,"comment_status":"open","ping_status":"closed","template":"","meta":[],"product_brand":[],"product_cat":[862],"product_tag":[],"class_list":{"0":"post-4895","1":"product","2":"type-product","3":"status-publish","4":"has-post-thumbnail","6":"product_cat-pijnbestrijding","7":"pa_actief-ingredient-pentoxifylline","8":"sales-flash-overlay","9":"woocommerce-text-align-center","10":"woocommerce-image-align-center","12":"first","13":"instock","14":"shipping-taxable","15":"product-type-external"},"amp_enabled":true,"_links":{"self":[{"href":"https:\/\/www.apotheek-erica.nl\/online\/wp-json\/wp\/v2\/product\/4895","targetHints":{"allow":["GET"]}}],"collection":[{"href":"https:\/\/www.apotheek-erica.nl\/online\/wp-json\/wp\/v2\/product"}],"about":[{"href":"https:\/\/www.apotheek-erica.nl\/online\/wp-json\/wp\/v2\/types\/product"}],"replies":[{"embeddable":true,"href":"https:\/\/www.apotheek-erica.nl\/online\/wp-json\/wp\/v2\/comments?post=4895"}],"wp:featuredmedia":[{"embeddable":true,"href":"https:\/\/www.apotheek-erica.nl\/online\/wp-json\/wp\/v2\/media\/4815"}],"wp:attachment":[{"href":"https:\/\/www.apotheek-erica.nl\/online\/wp-json\/wp\/v2\/media?parent=4895"}],"wp:term":[{"taxonomy":"product_brand","embeddable":true,"href":"https:\/\/www.apotheek-erica.nl\/online\/wp-json\/wp\/v2\/product_brand?post=4895"},{"taxonomy":"product_cat","embeddable":true,"href":"https:\/\/www.apotheek-erica.nl\/online\/wp-json\/wp\/v2\/product_cat?post=4895"},{"taxonomy":"product_tag","embeddable":true,"href":"https:\/\/www.apotheek-erica.nl\/online\/wp-json\/wp\/v2\/product_tag?post=4895"}],"curies":[{"name":"wp","href":"https:\/\/api.w.org\/{rel}","templated":true}]}}