{"id":4901,"date":"2025-07-10T06:32:56","date_gmt":"2025-07-10T05:32:56","guid":{"rendered":"https:\/\/www.apotheek-erica.nl\/online\/?post_type=product&#038;p=4901"},"modified":"2025-07-10T06:32:56","modified_gmt":"2025-07-10T05:32:56","slug":"risperdal","status":"publish","type":"product","link":"https:\/\/www.apotheek-erica.nl\/online\/risperdal\/","title":{"rendered":"Risperdal"},"content":{"rendered":"<h3>Qu&#8217;est-ce que Risperdal (Risperidone) ?<\/h3>\n<p>Risperdal (Risperidone) a un effet antipsychotique, apparemment caus\u00e9 par le blocage des r\u00e9cepteurs de la <a href=\"https:\/\/www.apotheek-erica.nl\/online\/wellbutrin\/\" data-internallinksmanager029f6b8e52c=\"152\" title=\"Wellbutrin\">dopamine<\/a> et de la s\u00e9rotonine dans le SNC. Il est disponible sous forme de comprim\u00e9s de 0,25, 0,5, 1, 2, 3 et 4 milligrammes, et \u00e9galement sous forme de solution orale de 1 mg\/ml.<br \/>\nLa risp\u00e9ridone est utilis\u00e9e dans la prise en charge des psychoses aigu\u00ebs ou chroniques et des \u00e9pisodes maniaques aigus mod\u00e9r\u00e9s \u00e0 s\u00e9v\u00e8res.<\/p>\n<h3>Posologie et administration<\/h3>\n<p>La posologie pour la psychose aigu\u00eb ou chronique chez l&#8217;adulte est de 2 mg en deux prises divis\u00e9es le premier jour. Puis, le deuxi\u00e8me jour, la dose est augment\u00e9e \u00e0 4 mg par jour en deux doses fractionn\u00e9es. La dose peut \u00eatre augment\u00e9e \u00e0 6 mg par jour en deux doses fractionn\u00e9es si n\u00e9cessaire. Pour la prise en charge d&#8217;un \u00e9pisode maniaque aigu mod\u00e9r\u00e9 \u00e0 s\u00e9v\u00e8re, la posologie pour les adultes est de 2 mg une fois par jour, augment\u00e9e si n\u00e9cessaire par paliers de 1 mg par jour, et la dose maximale est de 6 mg par jour. R\u00e9duire les doses de moiti\u00e9, la dose initiale et les doses croissantes, chez les patients \u00e2g\u00e9s et chez les patients pr\u00e9sentant une insuffisance h\u00e9patique ou r\u00e9nale et dans ce cas, la dose maximale est de 4 mg par jour.<br \/>\nDur\u00e9e du traitement pour une psychose aigu\u00eb, minimum trois mois et pour une psychose chronique, minimum un an. Le traitement doit \u00eatre interrompu progressivement sur quatre semaines et si des signes de rechute apparaissent pendant l&#8217;arr\u00eat du m\u00e9dicament, la dose doit \u00eatre augment\u00e9e. Dur\u00e9e du traitement pour les \u00e9pisodes maniaques, trois \u00e0 six semaines.<\/p>\n<h3>Pr\u00e9cautions d&#8217;emploi<\/h3>\n<p>La risp\u00e9ridone ne doit pas \u00eatre administr\u00e9e aux patients \u00e2g\u00e9s atteints de d\u00e9mence (maladie d&#8217;Alzheimer). Administrer avec prudence et surveiller l&#8217;utilisation chez les patients \u00e2g\u00e9s de plus de 60 ans et les patients atteints de la maladie de Parkinson ou d&#8217;une insuffisance cardiaque, h\u00e9patique ou r\u00e9nale. La risp\u00e9ridone peut provoquer une hypotension orthostatique, une hyperprolactin\u00e9mie, un dysfonctionnement sexuel, un syndrome extrapyramidal, une tachycardie, des maux de t\u00eate, des naus\u00e9es, une agitation, une anxi\u00e9t\u00e9, une insomnie, une somnolence ; informez donc les patients qu&#8217;elle peut affecter leur capacit\u00e9 \u00e0 conduire et \u00e0 utiliser des machines. Il peut \u00e9galement provoquer un syndrome malin des neuroleptiques (hyperthermie inexpliqu\u00e9e avec troubles neuromusculaires). Ce cas est rare, mais n\u00e9cessite l&#8217;arr\u00eat imm\u00e9diat du traitement.<\/p>\n<p>En cas de sympt\u00f4mes extrapyramidaux, associer le bip\u00e9rid\u00e8ne. \u00c9viter ou surveiller l&#8217;association avec la fluox\u00e9tine, la carbamaz\u00e9pine, la rifampicine, le furos\u00e9mide, les antihypertenseurs, les d\u00e9presseurs du SNC. De m\u00eame, \u00e9viter l&#8217;alcool pendant le traitement.<\/p>\n<h3>Grossesse et allaitement<\/h3>\n<p>En cas de grossesse, r\u00e9\u00e9valuer si le traitement est toujours n\u00e9cessaire. S&#8217;il est poursuivi, l&#8217;Halop\u00e9ridol ou la Chlorpromazine sont pr\u00e9f\u00e9rables. Toutefois, s&#8217;il est difficile de changer de traitement en d\u00e9but de grossesse, ou si la grossesse est d\u00e9j\u00e0 au deuxi\u00e8me trimestre, la Risperidone peut \u00eatre maintenue. Surveiller le nouveau-n\u00e9 les premiers jours car cela peut augmenter le risque d&#8217;hypertonie, de tremblements et de s\u00e9dation, et il n&#8217;y a pas de contre-indication en cas d&#8217;allaitement.<\/p>\n","protected":false},"excerpt":{"rendered":"<p>Risperidon behoort tot de klasse van de atypische antipsychotica. Het wordt gebruikt voor de behandeling van schizofrenie en bipolaire stoornis, en voor prikkelbaarheid in verband met autistische stoornis bij kinderen en adolescenten van 5 tot 16 jaar. Het kan ook in andere gevallen worden gebruikt.<\/p>\n<h3>Prijs van Risperdal<\/h3>\n<p>De prijs van Risperdal is ongeveer \u20ac 1,22 tot \u20ac 4,29 per pil. Dit is afhankelijk van het soort product (bijvoorbeeld pillen of vloeistof) en de hoeveelheid werkzame stoffen per eenheid (2 of 4 mg). U kunt de actuele prijs controleren via onderstaande links.<\/p>\n","protected":false},"featured_media":4785,"comment_status":"open","ping_status":"closed","template":"","meta":[],"product_brand":[],"product_cat":[864],"product_tag":[],"class_list":{"0":"post-4901","1":"product","2":"type-product","3":"status-publish","4":"has-post-thumbnail","6":"product_cat-andere","7":"pa_actief-ingredient-risperidone","8":"sales-flash-overlay","9":"woocommerce-text-align-center","10":"woocommerce-image-align-center","12":"first","13":"instock","14":"shipping-taxable","15":"product-type-external"},"amp_enabled":true,"_links":{"self":[{"href":"https:\/\/www.apotheek-erica.nl\/online\/wp-json\/wp\/v2\/product\/4901","targetHints":{"allow":["GET"]}}],"collection":[{"href":"https:\/\/www.apotheek-erica.nl\/online\/wp-json\/wp\/v2\/product"}],"about":[{"href":"https:\/\/www.apotheek-erica.nl\/online\/wp-json\/wp\/v2\/types\/product"}],"replies":[{"embeddable":true,"href":"https:\/\/www.apotheek-erica.nl\/online\/wp-json\/wp\/v2\/comments?post=4901"}],"wp:featuredmedia":[{"embeddable":true,"href":"https:\/\/www.apotheek-erica.nl\/online\/wp-json\/wp\/v2\/media\/4785"}],"wp:attachment":[{"href":"https:\/\/www.apotheek-erica.nl\/online\/wp-json\/wp\/v2\/media?parent=4901"}],"wp:term":[{"taxonomy":"product_brand","embeddable":true,"href":"https:\/\/www.apotheek-erica.nl\/online\/wp-json\/wp\/v2\/product_brand?post=4901"},{"taxonomy":"product_cat","embeddable":true,"href":"https:\/\/www.apotheek-erica.nl\/online\/wp-json\/wp\/v2\/product_cat?post=4901"},{"taxonomy":"product_tag","embeddable":true,"href":"https:\/\/www.apotheek-erica.nl\/online\/wp-json\/wp\/v2\/product_tag?post=4901"}],"curies":[{"name":"wp","href":"https:\/\/api.w.org\/{rel}","templated":true}]}}