{"id":4904,"date":"2025-07-02T07:38:49","date_gmt":"2025-07-02T06:38:49","guid":{"rendered":"https:\/\/www.apotheek-erica.nl\/online\/?post_type=product&#038;p=4904"},"modified":"2025-07-13T10:49:25","modified_gmt":"2025-07-13T09:49:25","slug":"seroquel","status":"publish","type":"product","link":"https:\/\/www.apotheek-erica.nl\/online\/seroquel\/","title":{"rendered":"Seroquel"},"content":{"rendered":"<h3>Qu&#8217;est-ce que le Seroquel ?<\/h3>\n<p>Le nom g\u00e9n\u00e9rique de ce m\u00e9dicament est Quetiapine, mais il est vendu sous plusieurs noms de marque, comme Seroquel. Il est disponible sous forme de comprim\u00e9 et de comprim\u00e9 \u00e0 lib\u00e9ration modifi\u00e9e. Le Seroquel fait partie d&#8217;un groupe de m\u00e9dicaments appel\u00e9s antipsychotiques. Il peut \u00eatre utilis\u00e9 pour traiter plusieurs probl\u00e8mes de sant\u00e9 mentale tels que la schizophr\u00e9nie, les \u00e9pisodes maniaques mod\u00e9r\u00e9s \u00e0 s\u00e9v\u00e8res et les \u00e9pisodes d\u00e9pressifs majeurs dans les troubles bipolaires.<\/p>\n<h3>Comment utiliser le Seroquel ?<\/h3>\n<p>Avalez le comprim\u00e9 entier avec un demi-verre d&#8217;eau. Ne le m\u00e2chez pas et ne le cassez pas, car cela pourrait r\u00e9duire son efficacit\u00e9. En outre, ces comprim\u00e9s ne doivent pas \u00eatre pris avec de la nourriture, car cela peut \u00e9galement en r\u00e9duire l&#8217;efficacit\u00e9. Par cons\u00e9quent, prenez-les toujours au moins une heure avant de manger. Le fait de prendre le Seroquel \u00e0 la m\u00eame heure chaque jour vous aidera \u00e0 vous souvenir de le prendre.La dur\u00e9e du traitement d\u00e9pend de l&#8217;indication d&#8217;utilisation ainsi que de la gravit\u00e9 de vos sympt\u00f4mes. Mais g\u00e9n\u00e9ralement, si le Seroquel est efficace pour vous, votre m\u00e9decin vous le prescrit pour au moins un \u00e0 deux ans et parfois m\u00eame pour plusieurs ann\u00e9es.<\/p>\n<h3>Dosage correct<\/h3>\n<p>Normalement, il n&#8217;existe aucune directive concernant l&#8217;utilisation du Seroquel en fonction du dosage. Le dosage correct diff\u00e8re beaucoup en fonction de l&#8217;indication sp\u00e9cifique, des effets secondaires que vous ressentez et de la gravit\u00e9 de vos sympt\u00f4mes. En g\u00e9n\u00e9ral, votre m\u00e9decin commence par une faible dose qu&#8217;il augmente rapidement en quelques jours, apr\u00e8s quoi il adaptera votre dose d&#8217;entretien tout au long de votre traitement en fonction des valeurs sanguines de Seroquel que vous avez et des sympt\u00f4mes que vous ressentez. Par cons\u00e9quent, utilisez toujours la quantit\u00e9 et la fr\u00e9quence prescrites que votre m\u00e9decin vous a donn\u00e9es.<\/p>\n<h3>Effets secondaires<\/h3>\n<p>Tr\u00e8s fr\u00e9quemment, les patients peuvent ressentir de la somnolence, une s\u00e9cheresse de la bouche, des vertiges, des crampes musculaires et une prise de poids. Fr\u00e9quemment, les patients peuvent ressentir une augmentation de l&#8217;app\u00e9tit, des cauchemars, un essoufflement, des palpitations, des vomissements et des changements dans leurs valeurs sanguines. Dans de rares cas, les patients peuvent pr\u00e9senter une r\u00e9action hypersensible ou allergique, un diab\u00e8te ou un dysfonctionnement sexuel.<\/p>\n<h3>Le Seroquel est-il s\u00fbr ?<\/h3>\n<p>Ne mangez pas de pamplemousse pendant que vous utilisez le Seroquel car cela pourrait augmenter les effets secondaires que vous ressentez. Il en va de m\u00eame pour la consommation d&#8217;alcool, qui pourrait augmenter les effets du Seroquel. En outre, il est g\u00e9n\u00e9ralement sans danger de conduire pendant l&#8217;utilisation de ce m\u00e9dicament. Cependant, il peut provoquer plusieurs effets secondaires comme des \u00e9tourdissements, des maux de t\u00eate, de la somnolence. Si vous ressentez l&#8217;un de ces effets, veuillez ne pas conduire. Enfin, le Seroquel peut avoir des interactions avec d&#8217;autres m\u00e9dicaments. Par cons\u00e9quent, discutez-en toujours avec votre m\u00e9decin prescripteur.<\/p>\n<p>Malheureusement, le Seroquel peut \u00eatre dangereux aussi bien en cas de grossesse qu&#8217;en cas d&#8217;allaitement. Il existe toutefois quelques exceptions. Par cons\u00e9quent, discutez-en toujours avec votre m\u00e9decin traitant.<\/p>\n","protected":false},"excerpt":{"rendered":"<p>Seroquel (Quetiapine) is een geneesmiddel dat inwerkt op de hersenen om schizofrenie te behandelen. Het staat ook bekend als een tweede generatie antipsychoticum (SGA) of atypisch antipsychoticum. Quetiapine brengt dopamine en serotonine in evenwicht om het denken, de stemming en het gedrag te verbeteren.<\/p>\n<h3>Prijs van Seroquel<\/h3>\n<p>Seroquel kost tussen de \u20ac 0,65 en \u20ac 5,87 per tablet. Dit is afhankelijk van het soort product (bijvoorbeeld pillen of vloeistof) en de hoeveelheid werkzame stoffen per eenheid (50 of 300 mg). U kunt Evista bestellen via de links onder volledige anonimiteit. Levering per post is ook mogelijk.<\/p>\n","protected":false},"featured_media":4782,"comment_status":"open","ping_status":"closed","template":"","meta":[],"product_brand":[],"product_cat":[864],"product_tag":[],"class_list":{"0":"post-4904","1":"product","2":"type-product","3":"status-publish","4":"has-post-thumbnail","6":"product_cat-andere","7":"pa_actief-ingredient-quetiapine","8":"sales-flash-overlay","9":"woocommerce-text-align-center","10":"woocommerce-image-align-center","12":"first","13":"instock","14":"shipping-taxable","15":"product-type-external"},"amp_enabled":true,"_links":{"self":[{"href":"https:\/\/www.apotheek-erica.nl\/online\/wp-json\/wp\/v2\/product\/4904","targetHints":{"allow":["GET"]}}],"collection":[{"href":"https:\/\/www.apotheek-erica.nl\/online\/wp-json\/wp\/v2\/product"}],"about":[{"href":"https:\/\/www.apotheek-erica.nl\/online\/wp-json\/wp\/v2\/types\/product"}],"replies":[{"embeddable":true,"href":"https:\/\/www.apotheek-erica.nl\/online\/wp-json\/wp\/v2\/comments?post=4904"}],"wp:featuredmedia":[{"embeddable":true,"href":"https:\/\/www.apotheek-erica.nl\/online\/wp-json\/wp\/v2\/media\/4782"}],"wp:attachment":[{"href":"https:\/\/www.apotheek-erica.nl\/online\/wp-json\/wp\/v2\/media?parent=4904"}],"wp:term":[{"taxonomy":"product_brand","embeddable":true,"href":"https:\/\/www.apotheek-erica.nl\/online\/wp-json\/wp\/v2\/product_brand?post=4904"},{"taxonomy":"product_cat","embeddable":true,"href":"https:\/\/www.apotheek-erica.nl\/online\/wp-json\/wp\/v2\/product_cat?post=4904"},{"taxonomy":"product_tag","embeddable":true,"href":"https:\/\/www.apotheek-erica.nl\/online\/wp-json\/wp\/v2\/product_tag?post=4904"}],"curies":[{"name":"wp","href":"https:\/\/api.w.org\/{rel}","templated":true}]}}