{"id":4931,"date":"2025-07-02T12:07:41","date_gmt":"2025-07-02T11:07:41","guid":{"rendered":"https:\/\/www.apotheek-erica.nl\/online\/?post_type=product&#038;p=4931"},"modified":"2025-07-02T12:07:41","modified_gmt":"2025-07-02T11:07:41","slug":"pristiq","status":"publish","type":"product","link":"https:\/\/www.apotheek-erica.nl\/online\/pristiq\/","title":{"rendered":"Pristiq"},"content":{"rendered":"<h3>Wat is desvenlafaxine (Pristiq)?<\/h3>\n<p>De merknaam voor desvenlafaxine is Pristiq. Desvenlafaxine is een krachtige selectieve serotonine- en noradrenalineheropnameremmer. Het versterkt de activiteit van deze neurotransmitters in het centrale zenuwstelsel. Desvenlafaxine is de belangrijkste metaboliet van venlafaxine, dat ook wordt gebruikt bij de behandeling van <a href=\"https:\/\/www.apotheek-erica.nl\/online\/depressie\/\" data-internallinksmanager029f6b8e52c=\"25\" title=\"Depressie\">depressie<\/a>ve stoornissen. De indicatie voor het gebruik van desvenlafaxine is daarom depressieve stoornis.<\/p>\n<h3>Contra-indicaties<\/h3>\n<p>Het gebruik van dit geneesmiddel is gecontra-indiceerd bij personen die in de voorafgaande 14 dagen een monoamine-oxidaseremmer hebben gebruikt. Als een persoon desvenlafaxine zou gebruiken met een <a href=\"https:\/\/www.apotheek-erica.nl\/online\/bupron-sr\/\" data-internallinksmanager029f6b8e52c=\"223\" title=\"Bupron SR\">MAO-remmer<\/a>, zoals linezolid of methyleenblauw IV, loopt hij een verhoogd risico op het ontwikkelen van het serotoninesyndroom. Het laatste punt van zorg in termen van contra-indicaties zou zijn als een persoon een overgevoeligheid heeft voor desvenlafaxine of venlafaxine.<\/p>\n<p>We moeten het gebruik van dit geneesmiddel vermijden bij oudere mensen met een voorgeschiedenis van vallen en breuken, tenzij er geen veiliger alternatieven beschikbaar zijn voor deze pati\u00ebnten, omdat ze dan een verhoogd risico lopen op ataxie, syncope en verminderde motorische functie.<\/p>\n<h3>Wat moet ik weten voordat ik Pristiq inneem?<\/h3>\n<p>Bij sommige pati\u00ebnten kan de bloeddruk stijgen bij gebruik van desvenlafaxine. Daarom moeten sommige pati\u00ebnten met hart- en vaatziekten beter worden gecontroleerd. Het is verstandig om ervoor te zorgen dat de bloeddruk van pati\u00ebnten gestabiliseerd of onder controle is voordat zij desvenlafaxine gaan gebruiken. Er is een verhoogd risico op bloedingen bij mensen die desvenlafaxine gebruiken. Dit risico komt vaker voor als pati\u00ebnten ook NSAID&#8217;s, aspirine of iets als warfarine gebruiken. Klinische verergering van depressie, su\u00efcidaliteit en ongewone gedragsveranderingen zijn gemeld bij pati\u00ebnten van alle leeftijden die dit geneesmiddel gebruiken. Ze komen echter vaker voor aan het begin van de behandeling. Pati\u00ebnten met een <a href=\"https:\/\/www.apotheek-erica.nl\/online\/lithium\/\" data-internallinksmanager029f6b8e52c=\"113\" title=\"Lithium\">bipolaire stoornis<\/a> die dit middel gebruiken kunnen een verhoogd risico lopen op manie.<\/p>\n<p>Interstiti\u00eble longziekte en eosinofiele pneumonie zijn beide gemeld met venlafaxine racemische mengsels. Het serotoninesyndroom is een risico bij dit middel. Zoals ik al eerder zei, is het risico van het serotoninesyndroom groter bij mensen die andere serotoninemodificerende geneesmiddelen gebruiken. Ernstige stoppingssyndromen zijn gemeld na abrupt stoppen met dit middel. Daarom moet het geleidelijk worden gestaakt als de pati\u00ebnt daarvoor kiest.<\/p>\n<h3>Dosering en toediening<\/h3>\n<p>Pristiq is verkrijgbaar als tabletten met verlengde afgifte van 50 en 100 milligram. Bij gebruik voor de indicatie depressieve stoornis nemen pati\u00ebnten gewoonlijk eenmaal daags 50 milligram tegelijk in.<br \/>\nOmdat deze tabletten een time-released werking hebben, is het belangrijk dat ze niet worden geplet, gesplitst, gekauwd of op welke manier dan ook gewijzigd. Een niet toegestaan gebruik van dit geneesmiddel is bij de behandeling van flushing in de menopauze. En in deze situatie wordt meestal eenmaal daags 100 milligram gebruikt. Het geneesmiddel kan met of zonder voedsel worden ingenomen, aangezien voedsel de absorptie niet be\u00efnvloedt.<\/p>\n<h3>Percentage bijwerkingen<\/h3>\n<p>Diaforese komt in 10 tot 21% van de gevallen voor. 3-10% van de mensen kan een verhoging van het cholesterolgehalte ervaren. En 1-6% van de pati\u00ebnten kan hetzelfde ervaren met hun triglyceriden. Constipatie komt in 9-14% van de gevallen voor. En 5-10% van de pati\u00ebnten merkt een verminderde eetlust.<\/p>\n<p>22% tot 41% van de pati\u00ebnten ervaart misselijkheid. En slechts 3-9% van de pati\u00ebnten ervaart braken. Duizeligheid komt in 16% van de gevallen voor. Slapeloosheid komt voor bij 15%. Slaperigheid bij 12%. Wazig zien kan voorkomen in 3-4% van de gevallen. 0,7% tot 2,3% van de pati\u00ebnten kan last krijgen van hypertensie. Enkele zeldzame maar ernstige bijwerkingen zijn anafylaxie, bovenste maag-darmbloedingen, hyponatri\u00ebmie of een aanval. Een aanval komt in minder dan 2% van de gevallen voor. En angio-oedeem komt ook voor in minder dan 2% van de gevallen.<\/p>\n","protected":false},"excerpt":{"rendered":"<p>De werkzame stof in Pristiq is desvenlafaxine. Uit onderzoek naar Pristiq is gebleken dat het een positief effect heeft op depressie bij mensen. Desvenlafaxine werkt in op neurotransmitters in de hersenen die uit balans kunnen raken en een depressie kunnen veroorzaken. Het is door de FDA goedgekeurd voor gebruik bij mensen met een ernstige depressie.<\/p>\n<h3>Prijs van Pristiq<\/h3>\n<p>De prijs van Pristiq varieert van 25,6 tot 464,1 euro per tablet. Deze is afhankelijk van de grootte van de verpakking en de hoeveelheid werkzame stof (50 of 100 mg). U kunt Evista op onze website volledig anoniem bestellen. Levering per post is ook mogelijk.<\/p>\n","protected":false},"featured_media":4399,"comment_status":"open","ping_status":"closed","template":"","meta":[],"product_brand":[],"product_cat":[878],"product_tag":[],"class_list":{"0":"post-4931","1":"product","2":"type-product","3":"status-publish","4":"has-post-thumbnail","6":"product_cat-depressie","7":"pa_actief-ingredient-desvenlafaxine","8":"sales-flash-overlay","9":"woocommerce-text-align-center","10":"woocommerce-image-align-center","12":"first","13":"instock","14":"shipping-taxable","15":"product-type-external"},"amp_enabled":true,"_links":{"self":[{"href":"https:\/\/www.apotheek-erica.nl\/online\/wp-json\/wp\/v2\/product\/4931","targetHints":{"allow":["GET"]}}],"collection":[{"href":"https:\/\/www.apotheek-erica.nl\/online\/wp-json\/wp\/v2\/product"}],"about":[{"href":"https:\/\/www.apotheek-erica.nl\/online\/wp-json\/wp\/v2\/types\/product"}],"replies":[{"embeddable":true,"href":"https:\/\/www.apotheek-erica.nl\/online\/wp-json\/wp\/v2\/comments?post=4931"}],"wp:featuredmedia":[{"embeddable":true,"href":"https:\/\/www.apotheek-erica.nl\/online\/wp-json\/wp\/v2\/media\/4399"}],"wp:attachment":[{"href":"https:\/\/www.apotheek-erica.nl\/online\/wp-json\/wp\/v2\/media?parent=4931"}],"wp:term":[{"taxonomy":"product_brand","embeddable":true,"href":"https:\/\/www.apotheek-erica.nl\/online\/wp-json\/wp\/v2\/product_brand?post=4931"},{"taxonomy":"product_cat","embeddable":true,"href":"https:\/\/www.apotheek-erica.nl\/online\/wp-json\/wp\/v2\/product_cat?post=4931"},{"taxonomy":"product_tag","embeddable":true,"href":"https:\/\/www.apotheek-erica.nl\/online\/wp-json\/wp\/v2\/product_tag?post=4931"}],"curies":[{"name":"wp","href":"https:\/\/api.w.org\/{rel}","templated":true}]}}