{"id":4943,"date":"2025-07-11T17:46:12","date_gmt":"2025-07-11T16:46:12","guid":{"rendered":"https:\/\/www.apotheek-erica.nl\/online\/?post_type=product&#038;p=4943"},"modified":"2025-07-11T17:46:12","modified_gmt":"2025-07-11T16:46:12","slug":"elavil","status":"publish","type":"product","link":"https:\/\/www.apotheek-erica.nl\/online\/elavil\/","title":{"rendered":"Elavil"},"content":{"rendered":"<h3>Wat is Elavil (Amitriptyline)?<\/h3>\n<p>Elavil (Amitriptyline) is een antidepressivum dat behoort tot een klasse van geneesmiddelen die tricyclische <a href=\"https:\/\/www.apotheek-erica.nl\/online\/depressie\/\" data-internallinksmanager029f6b8e52c=\"25\" title=\"Depressie\">antidepressiva<\/a> worden genoemd. Het remt de presynaptische heropname van noradrenaline en serotonine in het CZS en werkt pijnstillend, slaapverwekkend en misselijkmakend. Het werkingsmechanisme van amitriptyline bestaat uit binding aan specifieke plaatsen op het presynaptische membraan, waardoor de heropname van noradrenaline en serotonine wordt geremd.<\/p>\n<h3>Therapeutische dosering<\/h3>\n<p>Amitriptyline is verkrijgbaar als 10 milligram, 25 en 50, 75 en 100 en 150 milligram tabletten en ook als injectie. Amitriptyline wordt gebruikt voor de behandeling van depressie en de gebruikelijke startdosering voor ambulante pati\u00ebnten is 75 milligram per dag in verdeelde doses. Het kan zo nodig worden verhoogd tot 150 milligram per dag.<\/p>\n<p>De onderhoudsdosis is 40 tot 100 milligram per dag en de maximale dosis is 150 milligram per dag. De gebruikelijke begindosis voor ziekenhuispati\u00ebnten is 100 milligram per dag. De onderhoudsdosis bedraagt 40 tot 100 milligram als eenmalige dosis voor het slapen gaan. De maximale dosis is 300 milligram per dag. De gebruikelijke dosering voor adolescenten en ouderen is driemaal daags 10 milligram en eenmaal daags 20 milligram voor het slapen gaan.<\/p>\n<p>Het kan tot 30 dagen duren voordat het volledige therapeutische effect optreedt. De dosis moet over een periode van twee weken tot een maand worden aangepast en de minimale duur van de behandeling is zes maanden. De behandeling moet geleidelijk worden gestaakt over een periode van vier weken om de kans op terugval te verminderen.<\/p>\n<h3>Contra-indicaties en waarschuwingen<\/h3>\n<p>Amitriptyline is gecontra-indiceerd bij pati\u00ebnten met overgevoeligheid voor tricyclische antidepressiva, bij pati\u00ebnten in acute herstelperiode na een myocardinfarct en bij pati\u00ebnten die een kwaadaardige remmer krijgen. Het dient met voorzichtigheid te worden gebruikt bij pati\u00ebnten met epilepsie, hoekafsluitende glaucoom, hart- en vaatziekten, een voorgeschiedenis van urineretentie, su\u00efcidale neigingen, goedaardige prostaathypertrofie, gelijktijdig gebruik van anticholinerge geneesmiddelen, pati\u00ebnten met hyperthyreo\u00efdie die schildkliermedicijnen krijgen, alcoholisme en schizofrenie.<\/p>\n<p>Vermijd alcohol en andere CNS-depressiva zoals opio\u00efde pijnstillers en sedativa tijdens het gebruik van deze medicatie. Vermijd autorijden en andere activiteiten die mentale alertheid vereisen of potentieel gevaarlijk zijn totdat de reactie op het geneesmiddel bekend is.<br \/>\nAmitriptyline wordt niet aanbevolen voor gebruik bij kinderen.<\/p>\n<h3>Bijwerkingen<\/h3>\n<p>Veel voorkomende bijwerkingen zijn sedatie en anticholinerge effecten zoals een droge mond en obstipatie. Bijwerkingen zijn ook misselijkheid, duizeligheid en hoofdpijn, smaakstoornissen en gewichtstoename. Het kan ook orthostatische hypertensie, aritmie\u00ebn, extrapyramidale symptomen, toevallen, beenmergdepressie, hepatitis, verhoogde intraoculaire druk en allergische reacties veroorzaken.<\/p>\n<p>Verander langzaam van houding, vooral van liggen naar staan, om orthostatische hypotensie te minimaliseren. Bij een droge mond regelmatig spoelen met warm water. Kauw op suikervrije kauwgom of zuig op een ijsblokje of gebruik kunstspeeksel. Probeer bij constipatie uw vezel- en vochtinname te verhogen en vertel uw arts als de constipatie ernstig is.<\/p>\n","protected":false},"excerpt":{"rendered":"<p>Elavil (Amitriptyline) werkt in op het centrale zenuwstelsel (CZS) en helpt de symptomen van OCD te verlichten. Het behoort tot de klasse van antidepressiva die bekend staan als tricyclische middelen. Elavil helpt het evenwicht van bepaalde natuurlijke stoffen (o.a. serotonine) in de hersenen te herstellen. Het wordt gebruikt voor de behandeling van obsessieve-compulsieve stoornis (OCD), paniekaanvallen, depressie en aanwezige pijn.<\/p>\n<h3>Prijs van amitriptyline<\/h3>\n<p>De kosten van amitriptyline vari\u00ebren van \u20ac 26,6 tot \u20ac 97,5 per tablet. Dit is afhankelijk van de grootte van de verpakking en de hoeveelheid werkzame stof (25 of 50 mg). U kunt Elavil bestellen via de link op onze website.<\/p>\n","protected":false},"featured_media":4384,"comment_status":"open","ping_status":"closed","template":"","meta":[],"product_brand":[],"product_cat":[862],"product_tag":[],"class_list":{"0":"post-4943","1":"product","2":"type-product","3":"status-publish","4":"has-post-thumbnail","6":"product_cat-pijnbestrijding","7":"pa_actief-ingredient-amitriptyline","8":"sales-flash-overlay","9":"woocommerce-text-align-center","10":"woocommerce-image-align-center","12":"first","13":"instock","14":"shipping-taxable","15":"product-type-external"},"amp_enabled":true,"_links":{"self":[{"href":"https:\/\/www.apotheek-erica.nl\/online\/wp-json\/wp\/v2\/product\/4943","targetHints":{"allow":["GET"]}}],"collection":[{"href":"https:\/\/www.apotheek-erica.nl\/online\/wp-json\/wp\/v2\/product"}],"about":[{"href":"https:\/\/www.apotheek-erica.nl\/online\/wp-json\/wp\/v2\/types\/product"}],"replies":[{"embeddable":true,"href":"https:\/\/www.apotheek-erica.nl\/online\/wp-json\/wp\/v2\/comments?post=4943"}],"wp:featuredmedia":[{"embeddable":true,"href":"https:\/\/www.apotheek-erica.nl\/online\/wp-json\/wp\/v2\/media\/4384"}],"wp:attachment":[{"href":"https:\/\/www.apotheek-erica.nl\/online\/wp-json\/wp\/v2\/media?parent=4943"}],"wp:term":[{"taxonomy":"product_brand","embeddable":true,"href":"https:\/\/www.apotheek-erica.nl\/online\/wp-json\/wp\/v2\/product_brand?post=4943"},{"taxonomy":"product_cat","embeddable":true,"href":"https:\/\/www.apotheek-erica.nl\/online\/wp-json\/wp\/v2\/product_cat?post=4943"},{"taxonomy":"product_tag","embeddable":true,"href":"https:\/\/www.apotheek-erica.nl\/online\/wp-json\/wp\/v2\/product_tag?post=4943"}],"curies":[{"name":"wp","href":"https:\/\/api.w.org\/{rel}","templated":true}]}}