{"id":4949,"date":"2025-07-10T03:44:29","date_gmt":"2025-07-10T02:44:29","guid":{"rendered":"https:\/\/www.apotheek-erica.nl\/online\/?post_type=product&#038;p=4949"},"modified":"2025-07-13T10:49:13","modified_gmt":"2025-07-13T09:49:13","slug":"tricor","status":"publish","type":"product","link":"https:\/\/www.apotheek-erica.nl\/online\/tricor\/","title":{"rendered":"Tricor"},"content":{"rendered":"<h3>Tricor (fenofibraat): werkingsmechanisme<\/h3>\n<p>Fenofibraat verhoogt de lipolyse en verwijdering van triglyceride-rijke deeltjes uit plasma door lipoprote\u00efnelipase te activeren en de productie van apoprote\u00efne C-III te verminderen, waarvan wordt aangenomen dat het de activiteit van lipoprote\u00efnelipase remt. Fenofibraat werkt ook door verhoging van de receptorsynthese van lipoprote\u00efne met zeer lage dichtheid (VLDL) en verlaging van de triglycerideproductie in de lever, hetgeen leidt tot verlaging van de plasmaconcentraties VLDL-C en LDL-C.<\/p>\n<p>Het eindresultaat is een daling van totaal cholesterol, LDL-cholesterol en triglyceriden, en een stijging van HDL-cholesterol.<\/p>\n<h3>Indicaties en contra-indicaties<\/h3>\n<p>In termen van indicaties of redenen waarom fenofibraat aan een pati\u00ebnt zou worden voorgeschreven, wordt dit geneesmiddel gebruikt bij de behandeling van hypercholesterolemie of hoog cholesterol, evenals bij de behandeling van hypertriglyceridemie of wanneer een pati\u00ebnt hoge triglyceriden heeft.<\/p>\n<p>Wat contra-indicaties betreft, mag fenofibraat niet worden voorgeschreven aan een pati\u00ebnt die overgevoelig is voor fenofibraat of voor een ander bestanddeel van de formulering. Als een pati\u00ebnt ernstige nierinsuffici\u00ebntie of een galblaasaandoening heeft, mag dit geneesmiddel niet worden gebruikt. Het zou ook gecontra-indiceerd zijn bij pati\u00ebnten met een actieve leverziekte. Ook moeders die borstvoeding geven mogen fenofibraat niet gebruiken.<\/p>\n<h3>Dosering en toediening<\/h3>\n<p>Bij de behandeling van hypercholesterolemie, met behulp van de tabletten, zien we een dosis van 160 milligram oraal, per dag met voedsel. En dat is de maximale dosis, 160 milligram per dag. Als ze de capsules gebruiken, zien we 150 milligram oraal, per dag met voedsel, met een maximale dosis van 150 milligram per dag. Bij de behandeling van hypertriglyceridemie, met de tabletten, kunt u 54 tot 160 milligram per dag oraal innemen. Bij de capsules is de dosis 50 tot 150 milligram per dag oraal.<\/p>\n<h3>Percentage bijwerkingen<\/h3>\n<p>Misselijkheid kan optreden in ongeveer 2% van de gevallen, terwijl buikpijn kan optreden in 4,5% van de gevallen. Zeven en een half procent van de pati\u00ebnten kan abnormale leverfunctietests ervaren, en drie en een half procent van de pati\u00ebnten kan rugpijn ervaren. Rhinitis kan voorkomen in twee procent van de gevallen. Een ernstige bijwerking van fenofibraat is pancreatitis.<\/p>\n<p>Als u een van deze bijwerkingen of meer ernstige bijwerkingen ervaart, raadpleeg dan uw arts of zorgverlener.<\/p>\n","protected":false},"excerpt":{"rendered":"<p>Tricor bevat het werkzame bestanddeel fenofibraat. In de weefsels wordt het omgezet in de actieve metaboliet fenofibroenzuur. In combinatie met een dieet wordt het gebruikt om mensen met een zeer hoog triglyceridengehalte in het bloed of lipidenstoornissen te behandelen. Er zijn verschillende formuleringen van Tricor, die verschillende hoeveelheden van het geneesmiddel leveren.<\/p>\n<h3>Prijs van Tricor<\/h3>\n<p>De prijs van Cialis is ongeveer \u20ac 0,71 tot \u20ac 1,08 per pil. U kunt Tricor bestellen via de link op onze website.<\/p>\n","protected":false},"featured_media":4341,"comment_status":"open","ping_status":"closed","template":"","meta":[],"product_brand":[],"product_cat":[59],"product_tag":[],"class_list":{"0":"post-4949","1":"product","2":"type-product","3":"status-publish","4":"has-post-thumbnail","6":"product_cat-cholesterolverlagend","7":"pa_actief-ingredient-fenofibraat","8":"pa_actief-ingredient-fenofibrate","9":"sales-flash-overlay","10":"woocommerce-text-align-center","11":"woocommerce-image-align-center","13":"first","14":"instock","15":"shipping-taxable","16":"product-type-external"},"amp_enabled":true,"_links":{"self":[{"href":"https:\/\/www.apotheek-erica.nl\/online\/wp-json\/wp\/v2\/product\/4949","targetHints":{"allow":["GET"]}}],"collection":[{"href":"https:\/\/www.apotheek-erica.nl\/online\/wp-json\/wp\/v2\/product"}],"about":[{"href":"https:\/\/www.apotheek-erica.nl\/online\/wp-json\/wp\/v2\/types\/product"}],"replies":[{"embeddable":true,"href":"https:\/\/www.apotheek-erica.nl\/online\/wp-json\/wp\/v2\/comments?post=4949"}],"wp:featuredmedia":[{"embeddable":true,"href":"https:\/\/www.apotheek-erica.nl\/online\/wp-json\/wp\/v2\/media\/4341"}],"wp:attachment":[{"href":"https:\/\/www.apotheek-erica.nl\/online\/wp-json\/wp\/v2\/media?parent=4949"}],"wp:term":[{"taxonomy":"product_brand","embeddable":true,"href":"https:\/\/www.apotheek-erica.nl\/online\/wp-json\/wp\/v2\/product_brand?post=4949"},{"taxonomy":"product_cat","embeddable":true,"href":"https:\/\/www.apotheek-erica.nl\/online\/wp-json\/wp\/v2\/product_cat?post=4949"},{"taxonomy":"product_tag","embeddable":true,"href":"https:\/\/www.apotheek-erica.nl\/online\/wp-json\/wp\/v2\/product_tag?post=4949"}],"curies":[{"name":"wp","href":"https:\/\/api.w.org\/{rel}","templated":true}]}}