{"id":4957,"date":"2025-07-07T06:43:25","date_gmt":"2025-07-07T05:43:25","guid":{"rendered":"https:\/\/www.apotheek-erica.nl\/online\/?post_type=product&#038;p=4957"},"modified":"2025-07-07T06:43:25","modified_gmt":"2025-07-07T05:43:25","slug":"aldactone","status":"publish","type":"product","link":"https:\/\/www.apotheek-erica.nl\/online\/aldactone\/","title":{"rendered":"Aldactone"},"content":{"rendered":"<h3>Qu&#8217;est-ce que la Aldactone (Spironolactone) et quel est son m\u00e9canisme d&#8217;action ?<\/h3>\n<p>La aldactone (spironolactone) est un type de diur\u00e9tique d&#8217;\u00e9pargne potassique. Elle est \u00e9galement connue sous le nom de pilule \u00e0 eau et est vendue sous le nom de marque Aldactone. La spironolactone est un agoniste pharmacologique particulier de l&#8217;aldost\u00e9rone. Le mot agoniste ou antagoniste est un terme m\u00e9dical qui signifie substance qui bloque une action, et l&#8217;aldost\u00e9rone est une hormone st\u00e9ro\u00efde qui est produite par le cortex surr\u00e9nal. L&#8217;un des plus grands avantages de l&#8217;utilisation de ce diur\u00e9tique est qu&#8217;il emp\u00eache le taux de potassium sanguin de tomber trop bas et qu&#8217;il emp\u00eache le corps d&#8217;absorber trop de sel. Il est efficace \u00e0 la fois comme m\u00e9dicament antihypertenseur et comme traitement de l&#8217;oed\u00e8me qui peut se produire dans le syndrome n\u00e9phrotique, la cirrhose du foie et le m\u00e9canisme d&#8217;insuffisance cardiaque congestive,<\/p>\n<h3>Contre-indications \u00e0 la prise de Spironolactone<\/h3>\n<p>La Spironolactone ne doit pas \u00eatre prescrite aux personnes qui ont :<\/p>\n<ul>\n<li>des l\u00e9sions r\u00e9nales graves,<\/li>\n<li>un dysfonctionnement grave de l&#8217;excr\u00e9tion r\u00e9nale.<\/li>\n<li>anurie,<\/li>\n<li>hyperkali\u00e9mie,<\/li>\n<li>maladie d&#8217;Adisson.<\/li>\n<\/ul>\n<p>Les femmes enceintes ou celles qui envisagent de l&#8217;\u00eatre, ainsi que celles qui allaitent, doivent savoir que ce m\u00e9dicament fait partie de la cat\u00e9gorie de grossesse C. On ne sait pas s&#8217;il peut passer dans le lait maternel, mais il vaut mieux \u00eatre prudent et \u00e9viter de prendre ce m\u00e9dicament pendant l&#8217;allaitement. Si vous envisagez de tomber enceinte, ou si vous \u00eates d\u00e9j\u00e0 enceinte, parlez-en \u00e0 votre m\u00e9decin avant de prendre de la spironolactone.<\/p>\n<h3>Dosage et administration<\/h3>\n<p>Pour les adultes, la dose quotidienne recommand\u00e9e est de 25 mg \u00e0 400 mg selon les besoins du traitement.<\/p>\n<p>Le m\u00e9dicament peut \u00eatre pris en dose unique ou fractionn\u00e9e. Il peut \u00eatre pris avec ou sans nourriture. S&#8217;il d\u00e9range l&#8217;estomac, il doit \u00eatre pris avec de la nourriture. Il est recommand\u00e9 de le prendre en d\u00e9but de journ\u00e9e ou avant 18 heures afin d&#8217;\u00e9viter la g\u00eane qui peut \u00eatre provoqu\u00e9e par des mictions fr\u00e9quentes.<\/p>\n<p>Il est important de prendre l&#8217;Aldactone exactement comme prescrit. La posologie ne doit pas \u00eatre augment\u00e9e, diminu\u00e9e ou arr\u00eat\u00e9e sans consulter le m\u00e9decin. Un arr\u00eat soudain du m\u00e9dicament peut aggraver l&#8217;\u00e9tat de sant\u00e9.<\/p>\n<h3>Que faire en cas d&#8217;oubli d&#8217;une dose ?<\/h3>\n<p>Si une dose est oubli\u00e9e, le patient doit la prendre d\u00e8s qu&#8217;il s&#8217;en souvient. Si l&#8217;heure de la dose suivante est proche, il faut sauter la dose suivante et le patient ne doit pas doubler la dose.<\/p>\n<h3>Pr\u00e9cautions \u00e0 prendre<\/h3>\n<ul>\n<li>\u00c9vitez l&#8217;alcool.<\/li>\n<li>Pour des raisons de s\u00e9curit\u00e9, \u00e9vitez de conduire, d&#8217;utiliser des machines ou toute activit\u00e9 n\u00e9cessitant de la vigilance.<\/li>\n<li>Les enfants et les personnes \u00e2g\u00e9es doivent recevoir le m\u00e9dicament avec une prudence accrue, car ils peuvent \u00eatre plus sensibles aux effets et aux effets secondaires du m\u00e9dicament.<\/li>\n<\/ul>\n","protected":false},"excerpt":{"rendered":"<p>Aldacton is een antihypertensivum dat wordt gebruikt voor de behandeling van hoge bloeddruk en het nefrotisch syndroom. Het verlaagt de bloeddruk, waardoor het risico op cardiovasculaire voorvallen, zoals beroerte en hartinfarct, afneemt. Klinische studies hebben aangetoond dat Aldacton de overleving verbetert en het aantal ziekenhuisopnames vermindert. Het wordt vaak gebruikt in combinatie met andere behandelingen tegen hartfalen.<\/p>\n<h3>Prijs van Aldacton<\/h3>\n<p>De prijs van Aldacton is ongeveer \u20ac27,9 &#8211; \u20ac285,0 per pil. Dit hangt af van de grootte van de verpakking en de hoeveelheid werkzame stof (25 of 100 mg).<\/p>\n","protected":false},"featured_media":4288,"comment_status":"open","ping_status":"closed","template":"","meta":[],"product_brand":[],"product_cat":[865],"product_tag":[],"class_list":{"0":"post-4957","1":"product","2":"type-product","3":"status-publish","4":"has-post-thumbnail","6":"product_cat-bloeddruk","7":"pa_actief-ingredient-spironolactone","8":"sales-flash-overlay","9":"woocommerce-text-align-center","10":"woocommerce-image-align-center","12":"first","13":"instock","14":"shipping-taxable","15":"product-type-external"},"amp_enabled":true,"_links":{"self":[{"href":"https:\/\/www.apotheek-erica.nl\/online\/wp-json\/wp\/v2\/product\/4957","targetHints":{"allow":["GET"]}}],"collection":[{"href":"https:\/\/www.apotheek-erica.nl\/online\/wp-json\/wp\/v2\/product"}],"about":[{"href":"https:\/\/www.apotheek-erica.nl\/online\/wp-json\/wp\/v2\/types\/product"}],"replies":[{"embeddable":true,"href":"https:\/\/www.apotheek-erica.nl\/online\/wp-json\/wp\/v2\/comments?post=4957"}],"wp:featuredmedia":[{"embeddable":true,"href":"https:\/\/www.apotheek-erica.nl\/online\/wp-json\/wp\/v2\/media\/4288"}],"wp:attachment":[{"href":"https:\/\/www.apotheek-erica.nl\/online\/wp-json\/wp\/v2\/media?parent=4957"}],"wp:term":[{"taxonomy":"product_brand","embeddable":true,"href":"https:\/\/www.apotheek-erica.nl\/online\/wp-json\/wp\/v2\/product_brand?post=4957"},{"taxonomy":"product_cat","embeddable":true,"href":"https:\/\/www.apotheek-erica.nl\/online\/wp-json\/wp\/v2\/product_cat?post=4957"},{"taxonomy":"product_tag","embeddable":true,"href":"https:\/\/www.apotheek-erica.nl\/online\/wp-json\/wp\/v2\/product_tag?post=4957"}],"curies":[{"name":"wp","href":"https:\/\/api.w.org\/{rel}","templated":true}]}}