{"id":4963,"date":"2025-07-06T17:31:52","date_gmt":"2025-07-06T16:31:52","guid":{"rendered":"https:\/\/www.apotheek-erica.nl\/online\/?post_type=product&#038;p=4963"},"modified":"2025-07-13T10:49:19","modified_gmt":"2025-07-13T09:49:19","slug":"lopressor","status":"publish","type":"product","link":"https:\/\/www.apotheek-erica.nl\/online\/lopressor\/","title":{"rendered":"Lopressor"},"content":{"rendered":"<h3>Wat is Lopressor (Metoprolol)?<\/h3>\n<p>Lopressor (Metoprolol) behoort tot de classificatie van b\u00e8tablokkers en wordt gebruikt als <a href=\"https:\/\/www.apotheek-erica.nl\/online\/benicar\/\" data-internallinksmanager029f6b8e52c=\"71\" title=\"Benicar\">antihypertensivum<\/a>. Dit betekent dat Metoprolol de beta-adrenerge receptoren van het sympathische zenuwstelsel, ook bekend als het vecht- of vluchtzenuwstelsel, blokkeert of remt. Voor een kort overzicht van b\u00e8ta-adrenerge receptoren: b\u00e8ta-1 is verantwoordelijk voor het verhogen van de hartslag, de bloeddruk en de hartoutput. Terwijl beta-2 voornamelijk verantwoordelijk is voor bronchodilatatie.<\/p>\n<p>Bij lage doses is Metoprolol een selectieve b\u00e8ta-1-blokker, ook bekend als een cardioselectieve blokker. Daarom wordt Metoprolol gebruikt als antihypertensivum.<\/p>\n<h3>Waarvoor wordt Metoprolol gebruikt?<\/h3>\n<p>Metoprolol wordt voornamelijk gebruikt voor de behandeling van hypertensie en hoge bloeddruk, maar het wordt ook gebruikt voor de behandeling van chronisch <a href=\"https:\/\/www.apotheek-erica.nl\/online\/lisinopril\/\" data-internallinksmanager029f6b8e52c=\"57\" title=\"Lisinopril (Zestril)\">hartfalen<\/a>, angina en myocardinfarct. Metoprolol kan ook worden gebruikt voor de behandeling van bepaalde hartritmestoornissen, waaronder tachyaritmie en tachycardie.<\/p>\n<p>Dosering en toediening<\/p>\n<p>Dit geneesmiddel moet met voedsel of onmiddellijk na de maaltijd worden ingenomen. Een tablet niet kauwen, pletten of breken en er geen glas water bij drinken. De dosering is afhankelijk van de te behandelen ziekte en kan vari\u00ebren van 100 tot 450 mg per dag. Uw individuele dosering moet door uw arts worden voorgeschreven. Oudere pati\u00ebnten wordt aanbevolen te beginnen met de dagelijkse dosis van 50 mg. Nierinsuffici\u00ebntie vereist geen dosiscorrectie, terwijl leverinsuffici\u00ebntie het gebruik van andere beta-adrenoceptoren vereist die niet door de lever worden vernietigd.<\/p>\n<h3>Bijwerkingen<\/h3>\n<p>Om de bijwerkingen van metoprolol te onthouden, is het belangrijk te weten hoe het middel werkt. Vergeet niet dat metoprolol de binding aan de b\u00e8ta-1-receptorplaatsen remt, waardoor de hartslag, de bloeddruk en het hartminuutvolume dalen. Metoprolol kan daarom bradycardie veroorzaken, d.w.z. een abnormaal lage hartslag, orthostatische hypotensie, duizeligheid en andere problemen, zoals misselijkheid, gewichtstoename en slapeloosheid.<\/p>\n<p>Denk er altijd aan de bijwerkingen van metoprolol te beoordelen en te controleren. Let op veranderingen in de bloeddruk, zoals orthostatische hypotensie, en zorg er altijd voor dat de bloeddruk en de hartslag van de cli\u00ebnt binnen de normale grenzen liggen alvorens het geneesmiddel toe te dienen. Het is zeer belangrijk cli\u00ebnten te adviseren niet abrupt te stoppen met metoprolol, vanwege het risico van rebound hypertensie. Net als andere bloeddrukverlagende middelen moet metoprolol geleidelijk worden gestopt, zelfs als de bloeddruk van de cli\u00ebnt verbetert.<\/p>\n<h3>Contra-indicaties en overdosering<\/h3>\n<p>Het is belangrijk op te merken dat metoprolol bij hogere doses de b\u00e8ta-2-receptoren effectief kan blokkeren en bronchoconstrictie kan veroorzaken. Bronchoconstrictie kan zich uiten in piepende ademhaling en kortademigheid. Daarom moet metoprolol met voorzichtigheid worden gebruikt bij iedereen met astma, COPD of andere ademhalingsstoornissen vanwege dit risico van bronchoconstrictie bij hogere doses. Metoprolol is gecontra-indiceerd bij bradycardie, hypotensie, cardiogene shock, acuut hartfalen, acuut longoedeem, enz.<\/p>\n<p>In geval van overdosering van Metoprolol, in aanwezigheid van symptomatische bradycardie en hypotensie, is het meest gebruikelijke antidotum glucagon. Glucagon kan samen met <a href=\"https:\/\/www.apotheek-erica.nl\/online\/wellbutrin-sr\/\" data-internallinksmanager029f6b8e52c=\"124\" title=\"Wellbutrin SR\">norepinefrine<\/a> of epinefrine worden toegediend om de effecten van overdosering tegen te gaan.<\/p>\n","protected":false},"excerpt":{"rendered":"<p>Lopressor werkt voornamelijk als een blokker van de beta-adrenoreceptoren van het hart en wordt gebruikt voor de behandeling van hypertensie, pijn op de borst (angina), abnormale hartritmes, voor de behandeling en preventie van een hartinfarct. Dit geneesmiddel be\u00efnvloedt het autonome zenuwstelsel dat de hartslag verhoogt door de receptoren ervan te blokkeren en zo abnormaal snelle hartritmes te verminderen. Het vermindert ook myocardiale prikkelbaarheid, cardiale output en veroorzaakt andere effecten.<\/p>\n<h3>Prijs van Lopressor<\/h3>\n<p>De kosten van Lopressor vari\u00ebren van \u20ac 30,3 tot \u20ac 200,0 per tablet. Afhankelijk van de grootte van de verpakking en het aantal tabletten dat erin zit (12,5 of 100 mg) kunt u Lopressor kopen door op onderstaande link te klikken.<\/p>\n","protected":false},"featured_media":4254,"comment_status":"open","ping_status":"closed","template":"","meta":[],"product_brand":[],"product_cat":[865],"product_tag":[],"class_list":{"0":"post-4963","1":"product","2":"type-product","3":"status-publish","4":"has-post-thumbnail","6":"product_cat-bloeddruk","7":"pa_actief-ingredient-metoprolol","8":"sales-flash-overlay","9":"woocommerce-text-align-center","10":"woocommerce-image-align-center","12":"first","13":"instock","14":"shipping-taxable","15":"product-type-external"},"amp_enabled":true,"_links":{"self":[{"href":"https:\/\/www.apotheek-erica.nl\/online\/wp-json\/wp\/v2\/product\/4963","targetHints":{"allow":["GET"]}}],"collection":[{"href":"https:\/\/www.apotheek-erica.nl\/online\/wp-json\/wp\/v2\/product"}],"about":[{"href":"https:\/\/www.apotheek-erica.nl\/online\/wp-json\/wp\/v2\/types\/product"}],"replies":[{"embeddable":true,"href":"https:\/\/www.apotheek-erica.nl\/online\/wp-json\/wp\/v2\/comments?post=4963"}],"wp:featuredmedia":[{"embeddable":true,"href":"https:\/\/www.apotheek-erica.nl\/online\/wp-json\/wp\/v2\/media\/4254"}],"wp:attachment":[{"href":"https:\/\/www.apotheek-erica.nl\/online\/wp-json\/wp\/v2\/media?parent=4963"}],"wp:term":[{"taxonomy":"product_brand","embeddable":true,"href":"https:\/\/www.apotheek-erica.nl\/online\/wp-json\/wp\/v2\/product_brand?post=4963"},{"taxonomy":"product_cat","embeddable":true,"href":"https:\/\/www.apotheek-erica.nl\/online\/wp-json\/wp\/v2\/product_cat?post=4963"},{"taxonomy":"product_tag","embeddable":true,"href":"https:\/\/www.apotheek-erica.nl\/online\/wp-json\/wp\/v2\/product_tag?post=4963"}],"curies":[{"name":"wp","href":"https:\/\/api.w.org\/{rel}","templated":true}]}}