{"id":4967,"date":"2025-07-03T13:16:57","date_gmt":"2025-07-03T12:16:57","guid":{"rendered":"https:\/\/www.apotheek-erica.nl\/online\/?post_type=product&#038;p=4967"},"modified":"2025-07-03T13:16:57","modified_gmt":"2025-07-03T12:16:57","slug":"clonidine","status":"publish","type":"product","link":"https:\/\/www.apotheek-erica.nl\/online\/clonidine\/","title":{"rendered":"Clonidine"},"content":{"rendered":"<h3>Hoe werkt Clonidine?<\/h3>\n<p>De handelsnaam voor clonidine is Catapres. Het werkt door de concentratie van bepaalde chemische stoffen in het bloed te veranderen en door alfa2-adrenerge stoffen in de hersenstam te stimuleren, waardoor de overdracht van een signaal van de hersenen naar andere delen van het lichaam wordt verminderd. Dit resulteert in een verlaging van de perifere weerstand, de renale vaatweerstand, de hartslag en de bloeddruk.<\/p>\n<h3>Indicaties en contra-indicaties<\/h3>\n<p>Wanneer moeten pati\u00ebnten clonidine voorgeschreven krijgen? Dit geneesmiddel wordt voorgeschreven bij hypertensie of hoge bloeddruk. Het wordt gezien als een aanvullende therapie of als een extra behandeling voor pijn bij kanker. voor de behandeling van Attention Deficit Hyperactivity Disorder, of ADHD.<\/p>\n<p>Clonidine mag niet worden voorgeschreven als een pati\u00ebnt een overgevoeligheid of allergie heeft voor Clonidine of een ander bestanddeel van de formulering. Ook mag het niet worden gebruikt bij een antistollingstherapie. Bovendien kan dit geneesmiddel niet epiduraal worden toegediend boven het C4 dermatoom. Ten slotte kan dit geneesmiddel niet worden gebruikt als de injectieplaats ge\u00efnfecteerd is.<\/p>\n<h3>Dosering en toediening<\/h3>\n<p>Bij hypertensie is de aanvangsdosis 0,1 mg, tweemaal daags oraal toegediend, &#8216;s morgens en voor het slapen gaan, waarna deze dosis elke week met 0,1 mg per dag kan worden verhoogd. De gebruikelijke dosis is 0,2-0,6 mg per dag in twee verdeelde doses. Bij gebruik als adjuvans bij kankerpijn kan aanvankelijk 30 mcg\/uur worden gegeven als continue epidurale infusie. Deze dosis kan afhankelijk van de respons worden verhoogd of verlaagd.<\/p>\n<h3>Percentage bijwerkingen<\/h3>\n<p>Er zijn enkele bijwerkingen die pati\u00ebnten kunnen ondervinden bij het gebruik van Clonidine. Bijvoorbeeld, hypotensie of lage bloeddruk kan tot 45% van de tijd optreden. Orthostatische hypotensie, dat is een plotselinge daling van de bloeddruk wanneer men van een zittende naar een staande positie gaat, kan in 32% van de gevallen voorkomen. E\u00e9n tot vijf procent van de pati\u00ebnten kan een verhoging van de lichaamstemperatuur ervaren en \u00e9\u00e9n tot tien procent kan last hebben van constipatie. Misselijkheid kan voorkomen bij vijf tot acht procent van de pati\u00ebnten en zes tot acht procent van de pati\u00ebnten kan pijn in de keel ervaren.<\/p>\n<p>12 tot 20% kan pijn in de bovenbuik ervaren, en xerostomie of een droge mond komt in vijf tot 40% van de gevallen voor. bij 13% van de pati\u00ebnten kan verwarring optreden, en duizeligheid in 3-16% van de gevallen. Slapeloosheid komt voor bij 4-6%, en 10% van de pati\u00ebnten kan sedatie ervaren. Tot 38% kan last hebben van slaperigheid en 6-9% van prikkelbaarheid. Drie tot 9% kan nachtmerries krijgen, en vermoeidheid komt in 13 tot 16% van de gevallen voor.<\/p>\n<p>Raadpleeg bij ernstige bijwerkingen onmiddellijk uw arts.<\/p>\n","protected":false},"excerpt":{"rendered":"<p>Clonidine is een antihypertensieve alfa-agonist die wordt gebruikt om de bloeddruk te verlagen en wordt zowel alleen gebruikt als voorgeschreven in combinatie met andere antihypertensieve geneesmiddelen. Gebruik dit geneesmiddel niet tenzij uw arts u dat vertelt.<\/p>\n<h3>Clonidine Prijs<\/h3>\n<p>De kosten van Clonidine vari\u00ebren van \u20ac 27,7 tot \u20ac 76,4 per tablet. U kunt Clonidine zonder recept bestellen door op onderstaande link te klikken. Het is absoluut veilig en anoniem. De bestelling wordt per post bezorgd.<\/p>\n","protected":false},"featured_media":4250,"comment_status":"open","ping_status":"closed","template":"","meta":[],"product_brand":[],"product_cat":[865],"product_tag":[],"class_list":{"0":"post-4967","1":"product","2":"type-product","3":"status-publish","4":"has-post-thumbnail","6":"product_cat-bloeddruk","7":"pa_actief-ingredient-clonidine","8":"sales-flash-overlay","9":"woocommerce-text-align-center","10":"woocommerce-image-align-center","12":"first","13":"instock","14":"shipping-taxable","15":"product-type-external"},"amp_enabled":true,"_links":{"self":[{"href":"https:\/\/www.apotheek-erica.nl\/online\/wp-json\/wp\/v2\/product\/4967","targetHints":{"allow":["GET"]}}],"collection":[{"href":"https:\/\/www.apotheek-erica.nl\/online\/wp-json\/wp\/v2\/product"}],"about":[{"href":"https:\/\/www.apotheek-erica.nl\/online\/wp-json\/wp\/v2\/types\/product"}],"replies":[{"embeddable":true,"href":"https:\/\/www.apotheek-erica.nl\/online\/wp-json\/wp\/v2\/comments?post=4967"}],"wp:featuredmedia":[{"embeddable":true,"href":"https:\/\/www.apotheek-erica.nl\/online\/wp-json\/wp\/v2\/media\/4250"}],"wp:attachment":[{"href":"https:\/\/www.apotheek-erica.nl\/online\/wp-json\/wp\/v2\/media?parent=4967"}],"wp:term":[{"taxonomy":"product_brand","embeddable":true,"href":"https:\/\/www.apotheek-erica.nl\/online\/wp-json\/wp\/v2\/product_brand?post=4967"},{"taxonomy":"product_cat","embeddable":true,"href":"https:\/\/www.apotheek-erica.nl\/online\/wp-json\/wp\/v2\/product_cat?post=4967"},{"taxonomy":"product_tag","embeddable":true,"href":"https:\/\/www.apotheek-erica.nl\/online\/wp-json\/wp\/v2\/product_tag?post=4967"}],"curies":[{"name":"wp","href":"https:\/\/api.w.org\/{rel}","templated":true}]}}