{"id":4974,"date":"2025-07-06T08:21:36","date_gmt":"2025-07-06T07:21:36","guid":{"rendered":"https:\/\/www.apotheek-erica.nl\/online\/?post_type=product&#038;p=4974"},"modified":"2025-07-06T08:21:36","modified_gmt":"2025-07-06T07:21:36","slug":"yasmin","status":"publish","type":"product","link":"https:\/\/www.apotheek-erica.nl\/online\/yasmin\/","title":{"rendered":"Yasmin"},"content":{"rendered":"<h3>Qu&#8217;est-ce que Yasmin (\u00e9thinylestradiol\/drospir\u00e9none) ?<\/h3>\n<p>La pilule Yasmin est utilis\u00e9e comme m\u00e9thode contraceptive orale et contient les hormones progest\u00e9rone et \u0153strog\u00e8ne. Celles-ci agissent ensemble en vous emp\u00eachant d&#8217;ovuler et en rendant plus difficile la p\u00e9n\u00e9tration des spermatozo\u00efdes dans votre ut\u00e9rus.<br \/>\nLe nom g\u00e9n\u00e9rique de ce m\u00e9dicament est \u00e9thinylestradiol\/drospir\u00e9none, mais il est vendu sous plusieurs noms de marque comme Yasmin, Yaz, Rosal et Daylette, et il est disponible sous forme de comprim\u00e9.<\/p>\n<h3>Comment utiliser Yasmin ?<\/h3>\n<p>Veillez \u00e0 l&#8217;avaler compl\u00e8tement avec un demi-verre d&#8217;eau, ne le m\u00e2chez pas et ne le cassez pas.<br \/>\nIl est important de prendre ce comprim\u00e9 pendant 21 jours \u00e0 heure fixe, apr\u00e8s quoi, suit une pause de sept jours o\u00f9 vous ne prenez aucun comprim\u00e9. Pendant cette pause, il se peut que vous ayez des saignements semblables \u00e0 ceux des r\u00e8gles. Et pour celles d&#8217;entre vous qui veulent commencer \u00e0 utiliser cette pilule, il est conseill\u00e9 de le faire le premier jour de votre cycle. Et si vous souhaitez commencer \u00e0 un autre jour, veuillez en discuter avec votre m\u00e9decin. Vous devrez probablement prendre des pr\u00e9cautions suppl\u00e9mentaires, comme l&#8217;utilisation de pr\u00e9servatifs pendant les sept premiers jours d&#8217;utilisation. Si vous souffrez de diarrh\u00e9e s\u00e9v\u00e8re ou de vomissements extr\u00eames dans les quatre heures suivant la prise d&#8217;un des comprim\u00e9s, il est important que vous en preniez un autre d\u00e8s que vos intestins et votre estomac se seront calm\u00e9s et que vous contactiez votre m\u00e9decin pour v\u00e9rifier si des pr\u00e9cautions suppl\u00e9mentaires sont n\u00e9cessaires.<\/p>\n<h3>Effets secondaires<\/h3>\n<p>Yasmin est un m\u00e9dicament tr\u00e8s efficace, mais malheureusement, il peut avoir des effets secondaires. Je vais aborder ici les plus courants, mais si vous cherchez une liste compl\u00e8te, consultez votre notice ou demandez \u00e0 votre m\u00e9decin traitant.<br \/>\nLes effets secondaires les plus fr\u00e9quents, c&#8217;est-\u00e0-dire 1 \u00e0 10 % des patients, sont une humeur d\u00e9pressive, des maux de t\u00eate, des naus\u00e9es, des saignements intermittents, des douleurs mammaires ou des pertes vaginales. Plus rarement, les patients peuvent souffrir de d\u00e9pression, de nervosit\u00e9, de vertiges, d&#8217;hypertension art\u00e9rielle, de modifications de la libido et de transpiration accrue.<\/p>\n<h3>Yasmin est-il s\u00fbr ?<\/h3>\n<p>En ce qui concerne la s\u00e9curit\u00e9, Yasmin peut \u00eatre associ\u00e9 \u00e0 n&#8217;importe quel type de nourriture, vous pouvez conduire en toute s\u00e9curit\u00e9 lorsque vous utilisez Yasmin, et il peut m\u00eame \u00eatre associ\u00e9 \u00e0 l&#8217;alcool, avec mod\u00e9ration, bien s\u00fbr. Ce qu&#8217;il est important de savoir, c&#8217;est que Yasmin peut avoir certaines interactions avec d&#8217;autres m\u00e9dicaments. Par cons\u00e9quent, discutez-en toujours avec votre m\u00e9decin prescripteur.<br \/>\nSi vous souhaitez tomber enceinte, vous devez arr\u00eater d&#8217;utiliser une pilule contraceptive combin\u00e9e. Toutefois, si vous l&#8217;utilisez accidentellement une fois alors que vous \u00eates enceinte, il ne semble pas y avoir d&#8217;effets ind\u00e9sirables pour votre futur b\u00e9b\u00e9. En ce qui concerne l&#8217;allaitement, son utilisation n&#8217;est pas recommand\u00e9e pendant les six premi\u00e8res semaines apr\u00e8s l&#8217;accouchement, mais apr\u00e8s cela, ce m\u00e9dicament peut probablement \u00eatre utilis\u00e9 en toute s\u00e9curit\u00e9. Toutefois, pour \u00eatre s\u00fbr, discutez-en toujours avec votre m\u00e9decin prescripteur.<\/p>\n","protected":false},"excerpt":{"rendered":"<p>Yasmin bevat drospirenon (een synthetisch hormoon &#8211; een progestageen) en ethinylestradiol. Het wordt gebruikt om zwangerschap te voorkomen. Het verstoort de menstruatiecyclus van een vrouw en laat het lichaam denken dat de eisprong heeft plaatsgevonden terwijl dat niet zo is. Elke pil bevat 3,0 mg drospirenon en 0,030 mg ethinylestradiol.<\/p>\n<h3>Prijs van Yasmin<\/h3>\n<p>De kosten van Yasmin vari\u00ebren van \u20ac1,29 tot \u20ac1,67 per pil. U kunt Yasmin volledig anoniem bestellen via onze website. Levering per post is ook mogelijk.<\/p>\n","protected":false},"featured_media":4220,"comment_status":"open","ping_status":"closed","template":"","meta":[],"product_brand":[],"product_cat":[63],"product_tag":[],"class_list":{"0":"post-4974","1":"product","2":"type-product","3":"status-publish","4":"has-post-thumbnail","6":"product_cat-geboortebeperking","7":"pa_actief-ingredient-drospirenone","8":"sales-flash-overlay","9":"woocommerce-text-align-center","10":"woocommerce-image-align-center","12":"first","13":"instock","14":"shipping-taxable","15":"product-type-external"},"amp_enabled":true,"_links":{"self":[{"href":"https:\/\/www.apotheek-erica.nl\/online\/wp-json\/wp\/v2\/product\/4974","targetHints":{"allow":["GET"]}}],"collection":[{"href":"https:\/\/www.apotheek-erica.nl\/online\/wp-json\/wp\/v2\/product"}],"about":[{"href":"https:\/\/www.apotheek-erica.nl\/online\/wp-json\/wp\/v2\/types\/product"}],"replies":[{"embeddable":true,"href":"https:\/\/www.apotheek-erica.nl\/online\/wp-json\/wp\/v2\/comments?post=4974"}],"wp:featuredmedia":[{"embeddable":true,"href":"https:\/\/www.apotheek-erica.nl\/online\/wp-json\/wp\/v2\/media\/4220"}],"wp:attachment":[{"href":"https:\/\/www.apotheek-erica.nl\/online\/wp-json\/wp\/v2\/media?parent=4974"}],"wp:term":[{"taxonomy":"product_brand","embeddable":true,"href":"https:\/\/www.apotheek-erica.nl\/online\/wp-json\/wp\/v2\/product_brand?post=4974"},{"taxonomy":"product_cat","embeddable":true,"href":"https:\/\/www.apotheek-erica.nl\/online\/wp-json\/wp\/v2\/product_cat?post=4974"},{"taxonomy":"product_tag","embeddable":true,"href":"https:\/\/www.apotheek-erica.nl\/online\/wp-json\/wp\/v2\/product_tag?post=4974"}],"curies":[{"name":"wp","href":"https:\/\/api.w.org\/{rel}","templated":true}]}}