{"id":4979,"date":"2025-07-05T14:30:50","date_gmt":"2025-07-05T13:30:50","guid":{"rendered":"https:\/\/www.apotheek-erica.nl\/online\/?post_type=product&#038;p=4979"},"modified":"2025-07-05T14:30:50","modified_gmt":"2025-07-05T13:30:50","slug":"ventolin","status":"publish","type":"product","link":"https:\/\/www.apotheek-erica.nl\/online\/ventolin\/","title":{"rendered":"Ventoline (Proventil)"},"content":{"rendered":"<h2>Comment Ventoline (Proventil, Albuterol) fonctionne-t-il ?<\/h2>\n<p>L\u2019Albuterol (Ventoline, Proventil) est un agoniste b\u00eata-adr\u00e9nergique qui agit s\u00e9lectivement sur les r\u00e9cepteurs b\u00eata(2) adr\u00e9nergiques de l\u2019ad\u00e9nyl cyclase intracellulaire. Il augmente les niveaux d\u2019AMP cyclique, ce qui entra\u00eene une relaxation du muscle lisse bronchique. En termes d\u2019indications ou de raisons pour lesquelles nous avons prescrit ce m\u00e9dicament \u00e0 un patient, nous pouvons le voir utilis\u00e9 dans le traitement de l\u2019asthme, ainsi que dans le traitement de l\u2019asthme d\u2019effort. Il est g\u00e9n\u00e9ralement utilis\u00e9 \u00e0 titre prophylactique ou pr\u00e9ventif dans ce sens. Il peut \u00e9galement \u00eatre utilis\u00e9 occasionnellement pour traiter l\u2019hyperkali\u00e9mie ou les taux \u00e9lev\u00e9s de potassium.<\/p>\n<h2>Comment utiliser Ventoline ?<\/h2>\n<p>Dans le traitement de l\u2019asthme, si nous traitons un bronchiospasme, nous pouvons voir deux inhalations orales, toutes les quatre \u00e0 six heures, ou une inhalation orale toutes les quatre heures. Dans le cas d\u2019une exacerbation aigu\u00eb de l\u2019asthme, on peut envisager quatre \u00e0 huit inhalations orales toutes les 20 minutes pendant une p\u00e9riode allant jusqu\u2019\u00e0 quatre heures, puis toutes les une \u00e0 quatre heures selon les besoins.<\/p>\n<p>Pour la prophylaxie de l\u2019asthme induit par l\u2019exercice, on peut voir deux inhalations orales, 15 \u00e0 30 minutes avant l\u2019exercice.<\/p>\n<p>L\u2019inhalateur fourni avec l\u2019application doit \u00eatre bien secou\u00e9 avant d\u2019\u00eatre utilis\u00e9. Retirez le capuchon avant d\u2019utiliser l\u2019inhalateur. Vous devez inhaler compl\u00e8tement avant d\u2019utiliser l\u2019inhalateur, puis fermer la bouche. Veillez \u00e0 respirer lentement en tenant l\u2019inhalateur. Attendez au moins une minute apr\u00e8s chaque utilisation avant d\u2019en utiliser une deuxi\u00e8me. Puis secouez \u00e0 nouveau et r\u00e9p\u00e9tez la proc\u00e9dure. De cette fa\u00e7on, votre m\u00e9dicament aura un effet maximal.<\/p>\n<h2>Pourcentage d\u2019effets secondaires<\/h2>\n<p>Comme pour tous les m\u00e9dicaments, il existe des effets secondaires ou des r\u00e9actions ind\u00e9sirables que les patients peuvent ressentir en utilisant l\u2019albut\u00e9rol.<br \/>\nTrois \u00e0 7 % des patients peuvent souffrir de tachycardie ou d\u2019une acc\u00e9l\u00e9ration du rythme cardiaque. 10 % peuvent avoir des naus\u00e9es et 14 % une pharyngite. Des vomissements peuvent survenir dans 7 % des cas, et 2 % des patients peuvent souffrir de maux de dos. 7 % peuvent ressentir de la nervosit\u00e9 ou une sensation de nervosit\u00e9.<br \/>\nCinq \u00e0 sept pour cent des patients peuvent avoir des maux de t\u00eate et cinq \u00e0 sept pour cent des patients peuvent avoir des tremblements. La bronchite et la toux, ainsi que des douleurs dans la gorge peuvent survenir dans 5 % des cas, et la rhinite dans 5 \u00e0 16 % des cas. Une sinusite peut \u00e9galement survenir dans 5 % des cas. Les effets secondaires les plus rares mais les plus graves sont l\u2019\u0153d\u00e8me pulmonaire et la tachycardie superventriculaire.<\/p>\n<h2>Mises en garde<\/h2>\n<p>En termes de contre-indications ou de raisons pour lesquelles nous ne pourrions pas prescrire l\u2019albut\u00e9rol, nous ne donnerions tout simplement pas ce m\u00e9dicament \u00e0 un patient pr\u00e9sentant une hypersensibilit\u00e9 \u00e0 l\u2019albut\u00e9rol ou \u00e0 tout autre composant de la formulation.<br \/>\nLe lien entre l\u2019albut\u00e9rol et la mortalit\u00e9 ou l\u2019hospitalisation chez les personnes asthmatiques est inconnu, bien que le risque chez les personnes souffrant d\u2019une maladie obstructive des voies respiratoires ou d\u2019une maladie pulmonaire obstructive chronique.<\/p>\n","protected":false},"excerpt":{"rendered":"<p>Ventolin \/ Proventil is een bronchodilatator die de spieren van de luchtwegen ontspant en de luchtstroom naar de longen verhoogt.<\/p>\n<h2>Ventolin (Proventil) Prijs<\/h2>\n<p>De prijs van een inhalator (100 mcg) bedraagt 22 \u20ac. U kunt geld besparen als u een verpakking van 10 stuks koopt. Alle geneesmiddelen zijn zonder recept verkrijgbaar.<strong>Productbeschrijving <\/strong><strong> Algemeen gebruik <\/strong>Ventolin is een selectieve \u03b22-adrenerge agonist. De therapeutische doses ervan communiceren met \u03b22-adrenerge receptoren in de bronchiale spieren. Na inademing bereikt 10-20% van de toegediende dosis de onderste luchtwegen. Het medicijn begint 4-5 minuten na inhalatie te werken en houdt 4-6 uur aan. Ventolin wordt gebruikt om de symptomen van astma te verlichten, om pati\u00ebnten met chronische obstructieve bronchitis te behandelen.<strong>Andere namen voor albuterol :<\/strong><\/p>\n<ul>\n<li>Proventil<\/li>\n<li>Ventil<\/li>\n<li>Ventolin HFA<\/li>\n<li>Proair HFA<\/li>\n<li>ProAir RespiClick<\/li>\n<li>Proventil, AccuNeb<\/li>\n<li>Ventolin Injectie<\/li>\n<li>Ventolin Nevels PF<\/li>\n<li>Ventolin Vloeibaar voor oraal gebruik<\/li>\n<li>Ventolin Beademingsvloeistof<\/li>\n<li>Vospire ER<\/li>\n<\/ul>\n","protected":false},"featured_media":4192,"comment_status":"open","ping_status":"closed","template":"","meta":[],"product_brand":[],"product_cat":[869],"product_tag":[],"class_list":{"0":"post-4979","1":"product","2":"type-product","3":"status-publish","4":"has-post-thumbnail","6":"product_cat-astma","7":"pa_actief-ingredient-albuterol","8":"sales-flash-overlay","9":"woocommerce-text-align-center","10":"woocommerce-image-align-center","12":"first","13":"instock","14":"shipping-taxable","15":"product-type-external"},"amp_enabled":true,"_links":{"self":[{"href":"https:\/\/www.apotheek-erica.nl\/online\/wp-json\/wp\/v2\/product\/4979","targetHints":{"allow":["GET"]}}],"collection":[{"href":"https:\/\/www.apotheek-erica.nl\/online\/wp-json\/wp\/v2\/product"}],"about":[{"href":"https:\/\/www.apotheek-erica.nl\/online\/wp-json\/wp\/v2\/types\/product"}],"replies":[{"embeddable":true,"href":"https:\/\/www.apotheek-erica.nl\/online\/wp-json\/wp\/v2\/comments?post=4979"}],"wp:featuredmedia":[{"embeddable":true,"href":"https:\/\/www.apotheek-erica.nl\/online\/wp-json\/wp\/v2\/media\/4192"}],"wp:attachment":[{"href":"https:\/\/www.apotheek-erica.nl\/online\/wp-json\/wp\/v2\/media?parent=4979"}],"wp:term":[{"taxonomy":"product_brand","embeddable":true,"href":"https:\/\/www.apotheek-erica.nl\/online\/wp-json\/wp\/v2\/product_brand?post=4979"},{"taxonomy":"product_cat","embeddable":true,"href":"https:\/\/www.apotheek-erica.nl\/online\/wp-json\/wp\/v2\/product_cat?post=4979"},{"taxonomy":"product_tag","embeddable":true,"href":"https:\/\/www.apotheek-erica.nl\/online\/wp-json\/wp\/v2\/product_tag?post=4979"}],"curies":[{"name":"wp","href":"https:\/\/api.w.org\/{rel}","templated":true}]}}