{"id":4984,"date":"2025-07-10T00:57:03","date_gmt":"2025-07-09T23:57:03","guid":{"rendered":"https:\/\/www.apotheek-erica.nl\/online\/?post_type=product&#038;p=4984"},"modified":"2025-07-10T00:57:03","modified_gmt":"2025-07-09T23:57:03","slug":"naprosyn","status":"publish","type":"product","link":"https:\/\/www.apotheek-erica.nl\/online\/naprosyn\/","title":{"rendered":"Naprosyn"},"content":{"rendered":"<h3>Qu&#8217;est-ce que Naprosyn (Naproxen) ?<\/h3>\n<p>Naprosyn (Naproxen) est un nom g\u00e9n\u00e9rique et est \u00e9galement connu sous les noms de marque Aleve, Naprosyn, Anaprox et est disponible en comprim\u00e9s. Il est utilis\u00e9 pour faire baisser la fi\u00e8vre en cas de rhume ou de grippe. Et vous pouvez l&#8217;utiliser pour r\u00e9duire la douleur. Le Naproxen convient \u00e0 toute forme de douleur, aux maux de t\u00eate, aux claquages musculaires, \u00e0 l&#8217;arthrose, aux douleurs menstruelles. Il peut \u00e9galement \u00eatre utilis\u00e9 lors d&#8217;une crise de goutte aigu\u00eb pour diminuer la crise de goutte.<\/p>\n<h3>Comment utiliser Naprosyn ?<\/h3>\n<p>En g\u00e9n\u00e9ral, vous le prenez avant ou apr\u00e8s votre repas. Avant un repas, il agit un peu plus vite. Et vous attendez entre huit et douze heures entre les doses pour rester \u00e0 un niveau correct. Vous pouvez l&#8217;utiliser jusqu&#8217;\u00e0 la fin de vos troubles. Mais si cela prend plus de 10 jours, vous devez contacter votre m\u00e9decin, car un autre traitement serait peut-\u00eatre plus appropri\u00e9 pour vous. Si vous l&#8217;utilisez pour des maux de t\u00eate, veillez \u00e0 ne le faire que pendant quelques jours, au maximum deux semaines, car sinon l&#8217;utilisation du Naproxen peut provoquer des maux de t\u00eate et ce n&#8217;est pas ce que nous voulons.<\/p>\n<p>Si vous l&#8217;utilisez pour les migraines, veillez \u00e0 ne le faire que lorsque vous avez une crise de migraine. Et si vous avez plus de deux crises de migraine par mois, c&#8217;est une raison de contacter votre m\u00e9decin car d&#8217;autres traitements seraient peut-\u00eatre plus efficaces.<\/p>\n<h3>Le Naproxen est-il s\u00fbr ?<\/h3>\n<p>Le Naproxen peut entra\u00eener des vertiges, des \u00e9tourdissements ou de la fatigue. Si vous ressentez ces effets secondaires, il est dangereux de conduire et vous ne devriez pas le faire. Mais si vous n&#8217;avez pas ces effets secondaires, vous pouvez conduire en toute s\u00e9curit\u00e9 en utilisant le Naproxen. En ce qui concerne l&#8217;alcool, l&#8217;alcool peut augmenter les effets secondaires du Naproxen. Testez donc ces effets. Et si vous ressentez davantage d&#8217;effets secondaires, ne le combinez pas avec de l&#8217;alcool. Sinon, faites-le de mani\u00e8re mod\u00e9r\u00e9e. Et concernant les aliments, il n&#8217;y a pas de r\u00e9elles restrictions. Vous pouvez manger tout ce que vous voulez.<\/p>\n<h3>Dosage<\/h3>\n<p>Utilisez toujours la dose efficace la plus faible pour minimiser vos effets secondaires. Si vous prenez du Naproxen pour la fi\u00e8vre et\/ou la douleur, en tant qu&#8217;adulte, vous pouvez utiliser 200 \u00e0 250 milligrammes toutes les huit \u00e0 douze heures si n\u00e9cessaire, jusqu&#8217;\u00e0 750 milligrammes par jour. Pour les personnes \u00e2g\u00e9es, ce maximum n&#8217;est que de 4 \u00e0 500 milligrammes par jour.<\/p>\n<p>Si vous prenez du Naproxen pour des troubles articulaires comme l&#8217;arthrose, alors les adultes peuvent utiliser 375 \u00e0 750 milligrammes r\u00e9partis en deux prises. Et pour une utilisation \u00e0 court terme, m\u00eame mille milligrammes par jour sont autoris\u00e9s, r\u00e9partis sur deux doses.<\/p>\n<p>Si vous prenez du Naproxen pour une crise de goutte, commencez par 750 milligrammes \u00e0 raison de 500 milligrammes toutes les huit heures, puis 250 milligrammes toutes les huit heures jusqu&#8217;\u00e0 ce que votre crise de goutte soit termin\u00e9e.<\/p>\n<h3>Effets secondaires<\/h3>\n<p>Le Naproxen a beaucoup d&#8217;effets secondaires. Veillez donc \u00e0 v\u00e9rifier votre ordonnance si vous pensez en ressentir un. Vous pouvez souffrir de br\u00fblures d&#8217;estomac, de naus\u00e9es, de douleurs d&#8217;estomac, de constipation, de maux de t\u00eate, de vertiges, de soif, de diarrh\u00e9e, de vomissements, de palpitations et d&#8217;autres effets. Veillez donc \u00e0 v\u00e9rifier votre ordonnance si vous pensez avoir un effet secondaire.<\/p>\n<h3>Grossesse et allaitement<\/h3>\n<p>Le Naproxen n&#8217;est pas s\u00fbr \u00e0 utiliser lorsque vous \u00eates enceinte, en particulier au cours du premier et du troisi\u00e8me trimestre. Cela peut \u00eatre dangereux pour vous et votre b\u00e9b\u00e9. Veuillez donc vous abstenir de le faire. En ce qui concerne la lactation, le Naproxen passe dans le lait maternel, il peut donc \u00eatre nocif pour le b\u00e9b\u00e9. Veuillez donc ne pas utiliser Naproxen pendant l&#8217;allaitement.<\/p>\n<p>&nbsp;<\/p>\n<p>&nbsp;<\/p>\n<p>&nbsp;<\/p>\n","protected":false},"excerpt":{"rendered":"<p>Naprosyn behoort tot een klasse van niet-stero\u00efde anti-inflammatoire geneesmiddelen (NSAID&#8217;s). Het wordt gebruikt om ernstige pijn, ontsteking en stijfheid veroorzaakt door aandoeningen zoals artrose, reumato\u00efde artritis, artritis psoriatica, enz. te verminderen. Het kan ook in andere gevallen worden gebruikt.<\/p>\n<h3>Prijs van Naprosyn<\/h3>\n<p>De prijs van Naprosyn is ongeveer \u20ac 0,68 tot \u20ac 1,15 per pil. Dit is afhankelijk van het soort product (bijv. pillen of vloeistof) en de hoeveelheid werkzame stoffen per eenheid (250 of 500 mg). U kunt de actuele prijs controleren via onderstaande links.<\/p>\n","protected":false},"featured_media":4184,"comment_status":"open","ping_status":"closed","template":"","meta":[],"product_brand":[],"product_cat":[52],"product_tag":[],"class_list":{"0":"post-4984","1":"product","2":"type-product","3":"status-publish","4":"has-post-thumbnail","6":"product_cat-artritis","7":"pa_actief-ingredient-naproxen","8":"sales-flash-overlay","9":"woocommerce-text-align-center","10":"woocommerce-image-align-center","12":"first","13":"instock","14":"shipping-taxable","15":"product-type-external"},"amp_enabled":true,"_links":{"self":[{"href":"https:\/\/www.apotheek-erica.nl\/online\/wp-json\/wp\/v2\/product\/4984","targetHints":{"allow":["GET"]}}],"collection":[{"href":"https:\/\/www.apotheek-erica.nl\/online\/wp-json\/wp\/v2\/product"}],"about":[{"href":"https:\/\/www.apotheek-erica.nl\/online\/wp-json\/wp\/v2\/types\/product"}],"replies":[{"embeddable":true,"href":"https:\/\/www.apotheek-erica.nl\/online\/wp-json\/wp\/v2\/comments?post=4984"}],"wp:featuredmedia":[{"embeddable":true,"href":"https:\/\/www.apotheek-erica.nl\/online\/wp-json\/wp\/v2\/media\/4184"}],"wp:attachment":[{"href":"https:\/\/www.apotheek-erica.nl\/online\/wp-json\/wp\/v2\/media?parent=4984"}],"wp:term":[{"taxonomy":"product_brand","embeddable":true,"href":"https:\/\/www.apotheek-erica.nl\/online\/wp-json\/wp\/v2\/product_brand?post=4984"},{"taxonomy":"product_cat","embeddable":true,"href":"https:\/\/www.apotheek-erica.nl\/online\/wp-json\/wp\/v2\/product_cat?post=4984"},{"taxonomy":"product_tag","embeddable":true,"href":"https:\/\/www.apotheek-erica.nl\/online\/wp-json\/wp\/v2\/product_tag?post=4984"}],"curies":[{"name":"wp","href":"https:\/\/api.w.org\/{rel}","templated":true}]}}