{"id":4985,"date":"2025-07-07T17:49:16","date_gmt":"2025-07-07T16:49:16","guid":{"rendered":"https:\/\/www.apotheek-erica.nl\/online\/?post_type=product&#038;p=4985"},"modified":"2025-07-13T10:49:15","modified_gmt":"2025-07-13T09:49:15","slug":"feldene","status":"publish","type":"product","link":"https:\/\/www.apotheek-erica.nl\/online\/feldene\/","title":{"rendered":"Feldene"},"content":{"rendered":"<h3>Comment fonctionne le piroxicam (Feldene) ?<\/h3>\n<p>Le piroxicam (Feldene) est un m\u00e9dicament <a href=\"https:\/\/www.apotheek-erica.nl\/online\/colchicine\/\" data-internallinksmanager029f6b8e52c=\"85\" title=\"Colchicines\">anti-inflammatoire<\/a> non st\u00e9ro\u00efdien ou AINS. Outre ses propri\u00e9t\u00e9s anti-inflammatoires, il poss\u00e8de \u00e9galement des propri\u00e9t\u00e9s anti-douleur et anti-fi\u00e8vre. Il agit en diminuant la synth\u00e8se des prostaglandines par l&#8217;inhibition des COX-1 et COX-2. Le nom de marque du piroxicam est Feldene.<\/p>\n<h3>Indications et contre-indications<\/h3>\n<p>En termes d&#8217;indications ou de raisons, ce m\u00e9dicament est prescrit \u00e0 un patient dans le traitement de l&#8217;arthrose ou de la polyarthrite rhumato\u00efde.<br \/>\nEn ce qui concerne les contre-indications ou les raisons, nous ne pourrions pas prescrire le piroxicam \u00e0 un patient qui pr\u00e9sente une hypersensibilit\u00e9 au piroxicam ou \u00e0 tout autre composant de la formulation.<\/p>\n<p>Si un patient avait de l&#8217;asthme ou de l&#8217;urticaire ou une r\u00e9action de type allergique suite \u00e0 l&#8217;administration d&#8217;aspirine ou d&#8217;autres AINS dans le pass\u00e9, il n&#8217;utiliserait pas non plus le piroxicam. Enfin, on n&#8217;utiliserait pas ce m\u00e9dicament dans le cadre d&#8217;un CABG ou d&#8217;un pontage aorto-coronarien.<\/p>\n<h3>Dosage<\/h3>\n<p>Consultez votre m\u00e9decin avant d&#8217;utiliser ce m\u00e9dicament. N&#8217;utilisez pas plus que ce qui est prescrit. Prenez-le par voie orale avec de la nourriture ou du lait. Pour l&#8217;arthrose et la polyarthrite rhumato\u00efde, la posologie recommand\u00e9e est de 20 milligrammes (mg) une fois par jour ou 10 mg par jour par voie orale, en une seule prise, ou elle peut \u00eatre prise en doses fractionn\u00e9es. Prenez le comprim\u00e9 entier et ne l&#8217;\u00e9crasez ou ne le cassez jamais. N&#8217;utilisez pas ce m\u00e9dicament chez les enfants sans l&#8217;autorisation du m\u00e9decin.<br \/>\nRemarque : cette instruction est pr\u00e9sent\u00e9e ici uniquement \u00e0 titre d&#8217;examen. Il est tr\u00e8s n\u00e9cessaire de consulter votre m\u00e9decin avant de l&#8217;utiliser. Cela vous aidera \u00e0 obtenir de meilleurs r\u00e9sultats.<\/p>\n<h3>Effets secondaires<\/h3>\n<p>Certains patients peuvent pr\u00e9senter un prurit ou des d\u00e9mangeaisons de la peau, ainsi qu&#8217;une \u00e9ruption cutan\u00e9e. D&#8217;autres peuvent souffrir de douleurs abdominales, de constipation, de diarrh\u00e9e ou de flatulences. Des br\u00fblures d&#8217;estomac et des indigestions sont possibles, ainsi qu&#8217;une perte d&#8217;app\u00e9tit, des naus\u00e9es ou des vomissements. Certains patients peuvent pr\u00e9senter une augmentation des tests de la fonction h\u00e9patique, des \u00e9tourdissements ou des maux de t\u00eate. Certains patients peuvent pr\u00e9senter des acouph\u00e8nes ou des anomalies de la fonction r\u00e9nale ou des reins.<br \/>\nLes effets secondaires les plus graves seraient l&#8217;hypertension ou la pression art\u00e9rielle \u00e9lev\u00e9e, le bronchospasme, l&#8217;insuffisance cardiaque congestive ou une h\u00e9morragie gastro-intestinale.<\/p>\n<h3>Pr\u00e9cautions d&#8217;emploi<\/h3>\n<p>Comme Feldene contient du piroxicam, il est important de suivre les indications du fabricant. Il ne doit jamais \u00eatre utilis\u00e9 plus longtemps que ce qui est prescrit. Il peut s&#8217;\u00e9couler sept \u00e0 douze jours avant que vous n&#8217;en ressentiez tous les bienfaits. Si Feldene est g\u00e9n\u00e9ralement s\u00fbr pour les adultes, il ne l&#8217;est pas pour les enfants de moins de 12 ans. Des effets secondaires peuvent \u00eatre associ\u00e9s \u00e0 ce m\u00e9dicament. Lisez attentivement la notice du m\u00e9dicament avant de le prendre avec vous. La grossesse est un autre facteur de risque associ\u00e9 \u00e0 ce m\u00e9dicament. Il peut augmenter le risque de d\u00e9velopper une grossesse. Les femmes doivent donc discuter des avantages et des risques avec leur m\u00e9decin avant de le prendre.<\/p>\n<p>&nbsp;<\/p>\n","protected":false},"excerpt":{"rendered":"<p>Feldene (Piroxicam) is een niet-stero\u00efde ontstekingsremmer, die wordt gebruikt voor de behandeling van reumato\u00efde artritis of artrose. Feldene vermindert de hormonen die ontsteking en pijn in het lichaam veroorzaken. Piroxicam behoort tot een klasse van geneesmiddelen die NSAID&#8217;s worden genoemd. Piroxicam (Feldene) is alleen op recept verkrijgbaar.<\/p>\n<h3>Prijs van Feldene<\/h3>\n<p>De prijs van Feldene is ongeveer \u20ac41,2 &#8211; \u20ac150,8 per cap. U kunt de actuele prijs controleren via onderstaande links.<\/p>\n","protected":false},"featured_media":4183,"comment_status":"open","ping_status":"closed","template":"","meta":[],"product_brand":[],"product_cat":[52],"product_tag":[],"class_list":{"0":"post-4985","1":"product","2":"type-product","3":"status-publish","4":"has-post-thumbnail","6":"product_cat-artritis","7":"pa_actief-ingredient-piroxicam","8":"sales-flash-overlay","9":"woocommerce-text-align-center","10":"woocommerce-image-align-center","12":"first","13":"instock","14":"shipping-taxable","15":"product-type-external"},"amp_enabled":true,"_links":{"self":[{"href":"https:\/\/www.apotheek-erica.nl\/online\/wp-json\/wp\/v2\/product\/4985","targetHints":{"allow":["GET"]}}],"collection":[{"href":"https:\/\/www.apotheek-erica.nl\/online\/wp-json\/wp\/v2\/product"}],"about":[{"href":"https:\/\/www.apotheek-erica.nl\/online\/wp-json\/wp\/v2\/types\/product"}],"replies":[{"embeddable":true,"href":"https:\/\/www.apotheek-erica.nl\/online\/wp-json\/wp\/v2\/comments?post=4985"}],"wp:featuredmedia":[{"embeddable":true,"href":"https:\/\/www.apotheek-erica.nl\/online\/wp-json\/wp\/v2\/media\/4183"}],"wp:attachment":[{"href":"https:\/\/www.apotheek-erica.nl\/online\/wp-json\/wp\/v2\/media?parent=4985"}],"wp:term":[{"taxonomy":"product_brand","embeddable":true,"href":"https:\/\/www.apotheek-erica.nl\/online\/wp-json\/wp\/v2\/product_brand?post=4985"},{"taxonomy":"product_cat","embeddable":true,"href":"https:\/\/www.apotheek-erica.nl\/online\/wp-json\/wp\/v2\/product_cat?post=4985"},{"taxonomy":"product_tag","embeddable":true,"href":"https:\/\/www.apotheek-erica.nl\/online\/wp-json\/wp\/v2\/product_tag?post=4985"}],"curies":[{"name":"wp","href":"https:\/\/api.w.org\/{rel}","templated":true}]}}