{"id":4986,"date":"2025-07-10T17:31:48","date_gmt":"2025-07-10T16:31:48","guid":{"rendered":"https:\/\/www.apotheek-erica.nl\/online\/?post_type=product&#038;p=4986"},"modified":"2025-07-10T17:31:48","modified_gmt":"2025-07-10T16:31:48","slug":"indocin","status":"publish","type":"product","link":"https:\/\/www.apotheek-erica.nl\/online\/indocin\/","title":{"rendered":"Indocin"},"content":{"rendered":"<h3>Wat is Indocin (Indomethacine)?<\/h3>\n<p>Indocin (Indomethacine) is een niet-stero\u00efde ontstekingsremmer die wordt gebruikt om pijn, zwelling en stijfheid in gewrichten te behandelen. Het blokkeert de productie van stoffen in het lichaam die ontsteking, pijn en zwelling veroorzaken. Het wordt meestal als generiek geneesmiddel ingenomen, maar bij volwassenen kan het nodig zijn om flare-ups of perioden met veel ontstekingen onder controle te houden. Lees onderstaande informatie voor meer informatie over de juiste dosering van Indocin.<\/p>\n<h3>Dosering en toediening<\/h3>\n<p>De gebruikelijke dosis indomethacine voor volwassenen bij reumato\u00efde artritis, osteoartritis en ankyloserende spondylitis is 25 mg twee of drie keer per dag, tot een maximum van 200 mg per dag of 75 mg in verlengde vorm een of twee keer per dag, en voor jichtige artritis is de gebruikelijke dosis voor volwassenen 50 mg drie keer per dag. En voor acute schouderpijn is de gebruikelijke dosis voor volwassenen 75 tot 150 mg per dag in verdeelde doses gedurende 7 tot 14 dagen. En voor persisterende ductus arteriosus bij zuigelingen jonger dan twee dagen, 0,2 mg per kg intraveneus gevolgd door twee doses van 0,1 mg per kg 12 tot 24 uur uit elkaar. En voor zuigelingen van twee tot zeven dagen oud, drie doses van 0,2 mg per kg, 12 tot 24 uur uit elkaar. En voor zuigelingen ouder dan zeven dagen, 0,2 mg per kg, gevolgd door twee doses van 0,25 mg per kg, 12 tot 24 uur uit elkaar.<br \/>\nHet middel wordt gewoonlijk niet voorgeschreven tijdens het geven van borstvoeding. Het moet echter worden gestopt wanneer de symptomen ophouden.<\/p>\n<h3>Bijwerkingen<\/h3>\n<p>Indomethacine kan bloedingen in de maag en darmen veroorzaken. Het wordt afgeraden voor pati\u00ebnten met een gevorderde nierziekte, en bij pati\u00ebnten met een verminderde leverfunctie moet de dosis worden verlaagd. De dosering moet voor elke pati\u00ebnt worden aangepast. Inname van meer dan de aanbevolen dosis kan leiden tot ernstige bijwerkingen, waaronder leverfunctiestoornissen, braken en duizeligheid.<br \/>\nGelukkig zijn dit bijwerkingen van voorbijgaande aard die vaak verdwijnen als de pati\u00ebnt aan het middel gewend raakt.<\/p>\n<h3>Voorzorgsmaatregelen<\/h3>\n<p>Het middel mag niet worden gegeven bij overgevoeligheid voor aspirine of niet-stero\u00efdale ontstekingsremmers, actieve bloedingen, trombocytopenie en ernstige nierziekten. Neem het geneesmiddel in met voedsel, melk of maagzuurremmers als er maagklachten optreden en informeer uw arts als de maagklachten aanhouden. Vermijd alcohol, aspirine en andere geneesmiddelen die gastro-intestinale irritatie en bloedingen veroorzaken. Indomethacine kan slaperigheid veroorzaken, dus wees voorzichtig bij het autorijden of het uitvoeren van andere taken die geestelijke alertheid vereisen.<br \/>\nDe therapeutische effecten van reumato\u00efde artritis zijn mogelijk niet zichtbaar tot een maand na gebruik van indomethacine.<\/p>\n","protected":false},"excerpt":{"rendered":"<p>Indocin (Indomethacine) is een niet-stero\u00efde ontstekingsremmer. Het vermindert ontstekingen, pijn en koorts door de activiteit van cyclooxygenase en de synthese van prostaglandinen te remmen. Het is verkrijgbaar als tabletten, injecties en zetpillen. Indomethacine wordt gebruikt bij de behandeling van reumato\u00efde artritis, ankyloserende spondylitis, osteoartritis, jichtige artritis, acute pijnlijke schouder veroorzaakt door bursitis of tendonitis, en intraveneuze injectie van indomethacine natriumtrihydraat wordt gebruikt voor sluiting van patent ductus arteriosus.<br \/>\nIndocinn is verkrijgbaar als orale suspensie, capsule, capsule met verlengde afgifte en rectale zetpil. Het wordt twee of drie keer per dag met voedsel ingenomen.<\/p>\n<h3>Prijs van indocin<\/h3>\n<p>De kosten van Indocin vari\u00ebren van \u20ac30,1 tot \u20ac217,1 per pil. Het hangt af van de grootte van de verpakking en de hoeveelheid werkzame stof (25 of 75 mg). U kunt Indocin op onze website bestellen door op een knop te klikken.<\/p>\n","protected":false},"featured_media":4182,"comment_status":"open","ping_status":"closed","template":"","meta":[],"product_brand":[],"product_cat":[52],"product_tag":[],"class_list":{"0":"post-4986","1":"product","2":"type-product","3":"status-publish","4":"has-post-thumbnail","6":"product_cat-artritis","7":"pa_actief-ingredient-indomethacin","8":"sales-flash-overlay","9":"woocommerce-text-align-center","10":"woocommerce-image-align-center","12":"first","13":"instock","14":"shipping-taxable","15":"product-type-external"},"amp_enabled":true,"_links":{"self":[{"href":"https:\/\/www.apotheek-erica.nl\/online\/wp-json\/wp\/v2\/product\/4986","targetHints":{"allow":["GET"]}}],"collection":[{"href":"https:\/\/www.apotheek-erica.nl\/online\/wp-json\/wp\/v2\/product"}],"about":[{"href":"https:\/\/www.apotheek-erica.nl\/online\/wp-json\/wp\/v2\/types\/product"}],"replies":[{"embeddable":true,"href":"https:\/\/www.apotheek-erica.nl\/online\/wp-json\/wp\/v2\/comments?post=4986"}],"wp:featuredmedia":[{"embeddable":true,"href":"https:\/\/www.apotheek-erica.nl\/online\/wp-json\/wp\/v2\/media\/4182"}],"wp:attachment":[{"href":"https:\/\/www.apotheek-erica.nl\/online\/wp-json\/wp\/v2\/media?parent=4986"}],"wp:term":[{"taxonomy":"product_brand","embeddable":true,"href":"https:\/\/www.apotheek-erica.nl\/online\/wp-json\/wp\/v2\/product_brand?post=4986"},{"taxonomy":"product_cat","embeddable":true,"href":"https:\/\/www.apotheek-erica.nl\/online\/wp-json\/wp\/v2\/product_cat?post=4986"},{"taxonomy":"product_tag","embeddable":true,"href":"https:\/\/www.apotheek-erica.nl\/online\/wp-json\/wp\/v2\/product_tag?post=4986"}],"curies":[{"name":"wp","href":"https:\/\/api.w.org\/{rel}","templated":true}]}}