{"id":4998,"date":"2025-07-08T04:24:37","date_gmt":"2025-07-08T03:24:37","guid":{"rendered":"https:\/\/www.apotheek-erica.nl\/online\/?post_type=product&#038;p=4998"},"modified":"2025-07-13T10:49:15","modified_gmt":"2025-07-13T09:49:15","slug":"terramycin","status":"publish","type":"product","link":"https:\/\/www.apotheek-erica.nl\/online\/terramycin\/","title":{"rendered":"Terramycine"},"content":{"rendered":"<h3>Waarvoor wordt terramycine (oxytetracycline) gebruikt?<\/h3>\n<p>Terramycine (oxytetracycline) is een <a href=\"https:\/\/www.apotheek-erica.nl\/online\/minocycline\/\" data-internallinksmanager029f6b8e52c=\"52\" title=\"Minocycline\">tetracycline<\/a> <a href=\"https:\/\/www.apotheek-erica.nl\/online\/doxycycline\/\" data-internallinksmanager029f6b8e52c=\"90\" title=\"Doxycycline\">antibioticum<\/a>. Het wordt gebruikt om infecties veroorzaakt door bacteri\u00ebn te behandelen. Het vertraagt de groei van gevoelige bacteri\u00ebn door de productie van eiwitten die nodig zijn voor de groei van bacteri\u00ebn te be\u00efnvloeden. Het bereidt de afweermechanismen van het lichaam voor om de bacteri\u00ebn te vernietigen.<\/p>\n<p>Terramycine wordt gebruikt voor de behandeling van bacteri\u00eble infecties zoals miltvuur, gonorroe, syfilis en chlamydia. Het wordt ook gebruikt voor de behandeling van infecties veroorzaakt door schimmels, zoals ringworm.<\/p>\n<h3>Indicaties<\/h3>\n<p>Oxytetracycline kan worden gebruikt tegen bepaalde bacteri\u00ebn om een infectie te helpen overwinnen:<\/p>\n<ul>\n<li>Rickettsiae (Rocky Mountain spotted fever, tyfuskoorts en tyfusgroep, Q-koorts, rickettsialpox en tekenkoorts),<\/li>\n<li>Mycoplasma pneumoniae (PPLO, Eaton-agent),&#8221;<\/li>\n<li>Middelen van psittacose en ornithose,<\/li>\n<li>Agenten van lymphogranuloma venereum en granuloma inguinale,<\/li>\n<li>De spirocheet van terugkerende koorts (Borrelia recurrentis).<\/li>\n<\/ul>\n<p>Oxytetracycline is geschikt voor de behandeling van infecties veroorzaakt door Gram-positieve bacteri\u00ebn wanneer bacteriologische tests wijzen op gevoeligheid.<\/p>\n<p>Streptococcus-soorten :<\/p>\n<ul>\n<li>Diplococcus pneumoniae,<\/li>\n<li>Staphylococcus aureus, huid- en weke delen infecties. Oxytetracycline is niet het middel bij uitstek voor de behandeling van alle soorten stafylokokkeninfecties.<\/li>\n<\/ul>\n<p>Wanneer <a href=\"https:\/\/www.apotheek-erica.nl\/online\/cephalexin\/\" data-internallinksmanager029f6b8e52c=\"195\" title=\"Cephalexin\">penicilline<\/a> gecontra-indiceerd is, zijn tetracyclinen alternatieve geneesmiddelen voor de volgende soorten infecties:<\/p>\n<ul>\n<li>Neisseria gonorrhoeae,<\/li>\n<li>Treponema pallidum en Treponema pertenue (syfilis en yaws),<\/li>\n<li>Listeria monocytogenes,<\/li>\n<li>Clostridium soorten,<\/li>\n<li>Bacillus anthracis,<\/li>\n<li>Fusobacterium fusiforme (Vincent&#8217;s infectie),<\/li>\n<li>actinomyces soorten.<\/li>\n<\/ul>\n<h3>Dosering en gebruiksaanwijzing<\/h3>\n<p>Neem Terramycine zoals voorgeschreven door uw arts op een lege maag, ten minste 1 uur voor of 2 uur na een maaltijd. Als u ook maagzuurremmers gebruikt die aluminium, calcium of magnesium bevatten, producten die bismut, ijzer, zink of natriumbicarbonaat bevatten, of voedingsmiddelen die rijk zijn aan calcium (melk, zuivelproducten, calciumrijke sappen), mogen deze niet 2-3 uur voor of na inname van terramycine worden ingenomen. Om de infectie volledig uit te roeien, moet u terramycine gedurende de hele behandeling innemen. Blijf het innemen, zelfs als u zich na een paar dagen beter voelt.<\/p>\n<p>De dosis terramycine wordt vaak aangepast aan de ernst van de infectie. De duur hangt af van het type aandoening dat wordt behandeld en de reactie op het geneesmiddel. Het missen van een dosis kan leiden tot een terugval van de aandoening of de ontwikkeling van resistentie. Raadpleeg in het onwaarschijnlijke geval dat een dosis wordt gemist onmiddellijk uw arts.<\/p>\n<h3>Bijwerkingen en interactie met geneesmiddelen<\/h3>\n<p>Terramycine heeft zeer weinig bijwerkingen. De meest voorkomende bijwerkingen zijn diarree en misselijkheid, hoewel bij sommige pati\u00ebnten huiduitslag kan optreden. Het is bekend dat er een negatieve wisselwerking is met bloeddrukmedicatie en insuline. Ernstiger bijwerkingen, zoals nierbeschadiging en overlijden, kunnen optreden als de dosis terramycine wordt verhoogd of verlengd.<\/p>\n<p>Welke geneesmiddelen hebben interactie met terramycine? De volgende geneesmiddelen kunnen interageren met terramycine: <a href=\"https:\/\/www.apotheek-erica.nl\/online\/zithromax\/\" data-internallinksmanager029f6b8e52c=\"139\" title=\"Zithromax (Azitromycine)\">Azitromycine<\/a>, Claritromycine, Levofloxacine, Moxifloxacine, <a href=\"https:\/\/www.apotheek-erica.nl\/online\/noroxin\/\" data-internallinksmanager029f6b8e52c=\"125\" title=\"Noroxin\">Norfloxacine<\/a>, Oflaxacine, Par omomycine, Rifampicine, Sulfacetamide (zwavel), Tetracyclines (teicoplanine), Trimethoprim (sulfamethoxazol), Andere antibiotica.<\/p>\n<p>Ga naar uw arts of zorgverlener voor regelmatige controle. Neem onmiddellijk contact op met uw arts als u onregelmatige of plotselinge bloedingen, blauwe plekken of zichtproblemen krijgt.<\/p>\n","protected":false},"excerpt":{"rendered":"<p>Terramycine is een antibioticum dat de productie blokkeert van eiwitten die bacteri\u00ebn helpen groeien en gedijen. Het wordt aanbevolen om dit geneesmiddel alleen te gebruiken wanneer het klinisch noodzakelijk is om infecties veroorzaakt door vatbare bacteri\u00ebn te behandelen en te voorkomen.<\/p>\n<h3>Prijs van Terramycine<\/h3>\n<p>De prijs is ongeveer \u20ac 0,26 tot \u20ac 0,34 per pil. U kunt Robaxin bestellen via de link op onze website.<\/p>\n","protected":false},"featured_media":4133,"comment_status":"open","ping_status":"closed","template":"","meta":[],"product_brand":[],"product_cat":[886],"product_tag":[],"class_list":{"0":"post-4998","1":"product","2":"type-product","3":"status-publish","4":"has-post-thumbnail","6":"product_cat-antibiotica","7":"pa_actief-ingredient-tetracycline","8":"sales-flash-overlay","9":"woocommerce-text-align-center","10":"woocommerce-image-align-center","12":"first","13":"instock","14":"shipping-taxable","15":"product-type-external"},"amp_enabled":true,"_links":{"self":[{"href":"https:\/\/www.apotheek-erica.nl\/online\/wp-json\/wp\/v2\/product\/4998","targetHints":{"allow":["GET"]}}],"collection":[{"href":"https:\/\/www.apotheek-erica.nl\/online\/wp-json\/wp\/v2\/product"}],"about":[{"href":"https:\/\/www.apotheek-erica.nl\/online\/wp-json\/wp\/v2\/types\/product"}],"replies":[{"embeddable":true,"href":"https:\/\/www.apotheek-erica.nl\/online\/wp-json\/wp\/v2\/comments?post=4998"}],"wp:featuredmedia":[{"embeddable":true,"href":"https:\/\/www.apotheek-erica.nl\/online\/wp-json\/wp\/v2\/media\/4133"}],"wp:attachment":[{"href":"https:\/\/www.apotheek-erica.nl\/online\/wp-json\/wp\/v2\/media?parent=4998"}],"wp:term":[{"taxonomy":"product_brand","embeddable":true,"href":"https:\/\/www.apotheek-erica.nl\/online\/wp-json\/wp\/v2\/product_brand?post=4998"},{"taxonomy":"product_cat","embeddable":true,"href":"https:\/\/www.apotheek-erica.nl\/online\/wp-json\/wp\/v2\/product_cat?post=4998"},{"taxonomy":"product_tag","embeddable":true,"href":"https:\/\/www.apotheek-erica.nl\/online\/wp-json\/wp\/v2\/product_tag?post=4998"}],"curies":[{"name":"wp","href":"https:\/\/api.w.org\/{rel}","templated":true}]}}