{"id":4999,"date":"2025-07-06T15:12:18","date_gmt":"2025-07-06T14:12:18","guid":{"rendered":"https:\/\/www.apotheek-erica.nl\/online\/?post_type=product&#038;p=4999"},"modified":"2025-07-06T15:12:18","modified_gmt":"2025-07-06T14:12:18","slug":"noroxin","status":"publish","type":"product","link":"https:\/\/www.apotheek-erica.nl\/online\/noroxin\/","title":{"rendered":"Noroxin"},"content":{"rendered":"<h3>Wat wordt Noroxin (Norflox) gebruikt voor?<\/h3>\n<p>Norflox (Norfloxacin) is een fluoroquinolone <a href=\"https:\/\/www.apotheek-erica.nl\/online\/doxycycline\/\" data-internallinksmanager029f6b8e52c=\"90\" title=\"Doxycycline\">antibioticum<\/a> dat algemeen in de behandeling van bacteri\u00eble besmettingen wordt gebruikt. De behandeling van bacteri\u00eble besmettingen heeft een dubbel doel, het doodt de bacteri\u00ebn die de bacteri\u00eble besmetting veroorzaken en het herstelt het saldo van goede bacteri\u00ebn in de darm.<\/p>\n<p>Norfloxacin tabletten worden over het algemeen gebruikt om bacteri\u00eble infecties te behandelen, het meest effectief bacteri\u00eble diarree. Een ander gebruik van Northlands is diarree of diarree te behandelen die door de actie van het antibioticum wordt veroorzaakt wordt ook gebruikt om urineweginfectie te behandelen.<\/p>\n<h3>Dosering en instructies<\/h3>\n<p>Innemen op een lege maag. Doorslikken met water. Niet bijten, pletten of kauwen<\/p>\n<p>Raadpleeg uw arts voor de juiste dosering om de beste resultaten met Norflox te bereiken.<\/p>\n<p>Norflox kan bijwerkingen hebben zoals hoofdpijn, braken, misselijkheid, brandend <a href=\"https:\/\/www.apotheek-erica.nl\/online\/nexium\/\" data-internallinksmanager029f6b8e52c=\"116\" title=\"Nexium\">maagzuur<\/a>, duizeligheid.<\/p>\n<p>Af en toe kan dit geneesmiddel ernstige, soms onomkeerbare zenuwschade (perifere neuropathie) veroorzaken. Als u een van de volgende symptomen ervaart terwijl u norfloxacine inneemt, stop dan met het gebruik ervan en vertel het onmiddellijk aan uw arts: ongemak, hersenschudding, branderig gevoel, tintelingen, zwakte in de armen, handen, benen of voeten; veranderingen in de manier waarop u zich voelt; aanraking, pijn, temperatuur, trilling of lichaamshouding.<\/p>\n<p>Raadpleeg uw arts als uw bijwerkingen ernstig zijn of lang aanhouden.<\/p>\n<h3>Voordat u Norflox inneemt?<\/h3>\n<p>Vertel uw arts voordat u het geneesmiddel inneemt:<\/p>\n<ul>\n<li>Als u allergisch bent voor het geneesmiddel of een van de bestanddelen ervan, als u andere geneesmiddelen gebruikt.<\/li>\n<li>Als u zwanger bent of borstvoeding geeft.<\/li>\n<li>Als bij u nier- of leverproblemen zijn vastgesteld.<\/li>\n<\/ul>\n<p>Drink geen alcohol wanneer Norflox aan u is voorgeschreven.<\/p>\n<p>Rijd niet of bedien geen zware machines na het nemen van dit geneesmiddel. Zodra u het recept voor Norflox online op onze website hebt ontvangen.<\/p>\n<h3>Welke drugs werken met Noroxin samen?<\/h3>\n<p>Orale loratadine, <a href=\"https:\/\/www.apotheek-erica.nl\/online\/erythromycin\/\" data-internallinksmanager029f6b8e52c=\"210\" title=\"Erytromycine\">erytromycine<\/a>, claritromycine. De interactie met loratadine is een gemeenschappelijke bijwerking van de drug. Loratadine kan ernstige ademhalingsproblemen en zelfs de dood veroorzaken bij sommige mensen die het regelmatig op lange termijn innemen. Als u allergisch bent voor een geneesmiddel of ernstige astma heeft, vertel uw arts dan over alle geneesmiddelen die u gebruikt.<\/p>\n<p>U moet het gebruik van amitriptyline vermijden wanneer u ook <a href=\"https:\/\/www.apotheek-erica.nl\/online\/minocycline\/\" data-internallinksmanager029f6b8e52c=\"52\" title=\"Minocycline\">antibiotica<\/a> gebruikt, omdat het de symptomen kan verergeren door de bloeddruk te verlagen en de genezing van zweren en pijnverlichting te verbeteren door minder stimulatie van ontstekingen.<\/p>\n<p>Noroxin is een fluoroquinolone antibioticum dat wordt voorgeschreven aan pati\u00ebnten met frequente urineweginfecties.<\/p>\n","protected":false},"excerpt":{"rendered":"<p>Noroxin (Norflox) is een antibioticum dat nuttig is voor de behandeling van diverse bacteri\u00eble besmettingen. Noroxin is een type van geneeskunde dat werkt door bacteri\u00ebn te stoppen van het groeien. Het stopt de groei van kiemen. Dit antibioticum is slechts effici\u00ebnt tegen bacteri\u00eble voorwaarden. Aangezien om het even welk antibioticum dat wordt gebruikt wanneer het niet nodig is het tegen toekomstige besmettingen ondoeltreffend kan maken, wordt het niet geadviseerd om \u00e9\u00e9n te gebruiken wanneer het niet nodig is.<\/p>\n<h3>Prijs van Noroxin<\/h3>\n<p>De kosten van Noroxin vari\u00ebren van 30,7 tot 112,2 euro per pil. Dit hangt af van het soort product (bijv. pillen of vloeistof) en de hoeveelheid werkzame stoffen in elke eenheid. Noroxin is ook te bestellen onder andere namen, zoals :<\/p>\n<ul>\n<li>Norflox<\/li>\n<li>Norfloxacinel<\/li>\n<li>Norfloxacin<\/li>\n<li>Norfloxacin systemisch<\/li>\n<li>Norfloxin<\/li>\n<li>Norfloxacinum<\/li>\n<li>Norfloxacin pivoxi<\/li>\n<li>Flossac<\/li>\n<li>Chibroxina<\/li>\n<li>Fluseminal<\/li>\n<\/ul>\n","protected":false},"featured_media":4106,"comment_status":"open","ping_status":"closed","template":"","meta":[],"product_brand":[],"product_cat":[873],"product_tag":[],"class_list":{"0":"post-4999","1":"product","2":"type-product","3":"status-publish","4":"has-post-thumbnail","6":"product_cat-gastro-intestinale","7":"pa_actief-ingredient-norfloxacin","8":"sales-flash-overlay","9":"woocommerce-text-align-center","10":"woocommerce-image-align-center","12":"first","13":"instock","14":"shipping-taxable","15":"product-type-external"},"amp_enabled":true,"_links":{"self":[{"href":"https:\/\/www.apotheek-erica.nl\/online\/wp-json\/wp\/v2\/product\/4999","targetHints":{"allow":["GET"]}}],"collection":[{"href":"https:\/\/www.apotheek-erica.nl\/online\/wp-json\/wp\/v2\/product"}],"about":[{"href":"https:\/\/www.apotheek-erica.nl\/online\/wp-json\/wp\/v2\/types\/product"}],"replies":[{"embeddable":true,"href":"https:\/\/www.apotheek-erica.nl\/online\/wp-json\/wp\/v2\/comments?post=4999"}],"wp:featuredmedia":[{"embeddable":true,"href":"https:\/\/www.apotheek-erica.nl\/online\/wp-json\/wp\/v2\/media\/4106"}],"wp:attachment":[{"href":"https:\/\/www.apotheek-erica.nl\/online\/wp-json\/wp\/v2\/media?parent=4999"}],"wp:term":[{"taxonomy":"product_brand","embeddable":true,"href":"https:\/\/www.apotheek-erica.nl\/online\/wp-json\/wp\/v2\/product_brand?post=4999"},{"taxonomy":"product_cat","embeddable":true,"href":"https:\/\/www.apotheek-erica.nl\/online\/wp-json\/wp\/v2\/product_cat?post=4999"},{"taxonomy":"product_tag","embeddable":true,"href":"https:\/\/www.apotheek-erica.nl\/online\/wp-json\/wp\/v2\/product_tag?post=4999"}],"curies":[{"name":"wp","href":"https:\/\/api.w.org\/{rel}","templated":true}]}}