{"id":5012,"date":"2025-07-02T11:09:45","date_gmt":"2025-07-02T10:09:45","guid":{"rendered":"https:\/\/www.apotheek-erica.nl\/online\/?post_type=product&#038;p=5012"},"modified":"2025-07-13T10:49:24","modified_gmt":"2025-07-13T09:49:24","slug":"erythromycin","status":"publish","type":"product","link":"https:\/\/www.apotheek-erica.nl\/online\/erythromycin\/","title":{"rendered":"Erytromycine"},"content":{"rendered":"<h3>Wat is erytromycine?<\/h3>\n<p>Erytromycine wordt gebruikt om verschillende bacteri\u00eble infecties te behandelen. Het kan ook worden gebruikt om bepaalde bacteri\u00eble infecties te voorkomen. Erytromycine is een macrolide <a href=\"https:\/\/www.apotheek-erica.nl\/online\/doxycycline\/\" data-internallinksmanager029f6b8e52c=\"90\" title=\"Doxycycline\">antibioticum<\/a>. Het werkt door de groei van bacteri\u00ebn te remmen. Deze <a href=\"https:\/\/www.apotheek-erica.nl\/online\/minocycline\/\" data-internallinksmanager029f6b8e52c=\"52\" title=\"Minocycline\">antibiotica<\/a> behandelen of voorkomen alleen bacteri\u00eble infecties. Ze werken niet tegen virale infecties (zoals verkoudheid of griep). Het gebruik van een antibioticum wanneer het niet nodig is, is mogelijk niet effectief voor toekomstige infecties.<\/p>\n<h3>Hoe neem ik erytromycine in?<\/h3>\n<p>Erytromycine is een antibioticum dat kan worden ingenomen door mensen die allergisch zijn voor <a href=\"https:\/\/www.apotheek-erica.nl\/online\/cephalexin\/\" data-internallinksmanager029f6b8e52c=\"195\" title=\"Cephalexin\">penicilline<\/a>. Verdeel uw doses gelijkmatig over de dag en volg de volledige kuur van dit antibioticum, zelfs als u denkt dat uw infectie is verdwenen. In het algemeen kunt u erytromycine het beste met voedsel innemen, zodat uw maag niet van streek raakt.<\/p>\n<ul>\n<li>Volwassenen &#8211; 400 milligram (mg) om de 6 uur of 800 mg om de 12 uur. Afhankelijk van de ernst van uw infectie kan uw arts de dosis verhogen tot 4000 mg per dag.<\/li>\n<li>Kinderen &#8211; De dosering is gebaseerd op het lichaamsgewicht en moet door uw arts worden vastgesteld. De dosis is gewoonlijk 30 tot 50 milligram (mg) per kilogram (kg) per dag, verdeeld in gelijke doses en elke 6 uur ingenomen. Afhankelijk van de ernst van uw infectie kan uw arts de dosis zo nodig verhogen.<\/li>\n<\/ul>\n<h3>Bijwerkingen<\/h3>\n<p>Er zijn twee belangrijke bijwerkingen van erytromycine, namelijk misselijkheid en buikpijn.<br \/>\nOm misselijkheid te voorkomen, moet u lichte maaltijden blijven eten en rijk of gekruid voedsel vermijden terwijl u dit geneesmiddel inneemt.<br \/>\nHet kan helpen om uw erytromycine met een maaltijd of tussendoortje in te nemen. Als u ziek bent (braken), drink dan meerdere kleine slokjes vloeistof, zoals water of een frisdrank, om uitdroging te voorkomen. Tekenen van uitdroging zijn onder meer minder plassen dan gewoonlijk of het hebben van donkere, sterk ruikende urine. Neem geen andere geneesmiddelen in zonder met een apotheker of arts te overleggen.<br \/>\nAndere veel voorkomende bijwerkingen zijn:<\/p>\n<ul>\n<li>Diarree.<\/li>\n<li>Verlies van eetlust.<\/li>\n<li>Indigestie.<\/li>\n<\/ul>\n<h3>Kan erytromycine schadelijk zijn?<\/h3>\n<p>Erytromycine kan een aandoening veroorzaken die het hartritme be\u00efnvloedt (QT-intervalverlenging). QT-intervalverlenging kan zelden ernstige (zelden fatale) snelle\/onregelmatige hartslagen en andere symptomen (zoals ernstige duizeligheid, flauwvallen) veroorzaken die onmiddellijke medische aandacht vereisen.<\/p>\n<h3>Interacties met erytromycine<\/h3>\n<ul>\n<li><em>Welke geneesmiddelen mogen niet samen met erytromycine worden ingenomen?<\/em><\/li>\n<\/ul>\n<p>Verschillende rapporten en gecontroleerde studies hebben aangetoond dat erytromycine kan interageren met theofylline, carbamazepine, cyclosporine, <a href=\"https:\/\/www.apotheek-erica.nl\/online\/protopic\/\" data-internallinksmanager029f6b8e52c=\"79\" title=\"Protopic\">tacrolimus<\/a>, warfarine, digoxine, terfenadine, astemazol, cisapride, lovastatine, triazolam en disopyramide.<\/p>\n<ul>\n<li><em>Kan ik multivitaminen innemen met erytromycine?<\/em><\/li>\n<\/ul>\n<p>De meeste multivitaminen bevatten geen vitamine K. Erytromycine kan de absorptie en\/of activiteit van calcium, foliumzuur, magnesium, vitamine B6 en vitamine B12 verstoren, wat problemen kan veroorzaken, vooral bij langdurige behandeling met erytromycine.<\/p>\n<ul>\n<li><em>Mag u koffie drinken met erytromycine?<\/em><\/li>\n<\/ul>\n<p>Opmerkingen voor consumenten: Hoewel interactie mogelijk is, worden deze geneesmiddelen vaak samen gebruikt. De bijwerkingen van cafe\u00efne kunnen verergeren als u erytromycine gebruikt. Te veel cafe\u00efne kan effecten veroorzaken zoals misselijkheid, nervositeit of slapeloosheid. Mogelijk moet u uw cafe\u00efne-inname beperken.<\/p>\n","protected":false},"excerpt":{"rendered":"<p>Erytromycine behoort tot een groep geneesmiddelen die macrolide antibiotica worden genoemd. Erytromycine wordt gebruikt om verschillende soorten infecties veroorzaakt door bacteri\u00ebn te behandelen. Het wordt ook gebruikt om bacteri\u00eble endocarditis en aanvallen van reumatische koorts te voorkomen.<\/p>\n<h3>Prijs van erytromycine<\/h3>\n<p>De kosten van erytromycine vari\u00ebren van \u20ac27,7 tot \u20ac199,5 per pil. Dit hangt af van de grootte van de verpakking en de hoeveelheid werkzame stof (250 of 500 mg). U kunt de actuele prijs controleren via onderstaande links.<\/p>\n","protected":false},"featured_media":4061,"comment_status":"open","ping_status":"closed","template":"","meta":[],"product_brand":[],"product_cat":[15,864],"product_tag":[],"class_list":{"0":"post-5012","1":"product","2":"type-product","3":"status-publish","4":"has-post-thumbnail","6":"product_cat-uncategorized","7":"product_cat-andere","8":"sales-flash-overlay","9":"woocommerce-text-align-center","10":"woocommerce-image-align-center","12":"first","13":"instock","14":"shipping-taxable","15":"product-type-external"},"amp_enabled":true,"_links":{"self":[{"href":"https:\/\/www.apotheek-erica.nl\/online\/wp-json\/wp\/v2\/product\/5012","targetHints":{"allow":["GET"]}}],"collection":[{"href":"https:\/\/www.apotheek-erica.nl\/online\/wp-json\/wp\/v2\/product"}],"about":[{"href":"https:\/\/www.apotheek-erica.nl\/online\/wp-json\/wp\/v2\/types\/product"}],"replies":[{"embeddable":true,"href":"https:\/\/www.apotheek-erica.nl\/online\/wp-json\/wp\/v2\/comments?post=5012"}],"wp:featuredmedia":[{"embeddable":true,"href":"https:\/\/www.apotheek-erica.nl\/online\/wp-json\/wp\/v2\/media\/4061"}],"wp:attachment":[{"href":"https:\/\/www.apotheek-erica.nl\/online\/wp-json\/wp\/v2\/media?parent=5012"}],"wp:term":[{"taxonomy":"product_brand","embeddable":true,"href":"https:\/\/www.apotheek-erica.nl\/online\/wp-json\/wp\/v2\/product_brand?post=5012"},{"taxonomy":"product_cat","embeddable":true,"href":"https:\/\/www.apotheek-erica.nl\/online\/wp-json\/wp\/v2\/product_cat?post=5012"},{"taxonomy":"product_tag","embeddable":true,"href":"https:\/\/www.apotheek-erica.nl\/online\/wp-json\/wp\/v2\/product_tag?post=5012"}],"curies":[{"name":"wp","href":"https:\/\/api.w.org\/{rel}","templated":true}]}}