{"id":5016,"date":"2025-07-09T12:35:27","date_gmt":"2025-07-09T11:35:27","guid":{"rendered":"https:\/\/www.apotheek-erica.nl\/online\/?post_type=product&#038;p=5016"},"modified":"2025-07-13T10:49:14","modified_gmt":"2025-07-13T09:49:14","slug":"tetracycline","status":"publish","type":"product","link":"https:\/\/www.apotheek-erica.nl\/online\/tetracycline\/","title":{"rendered":"Tetracycline"},"content":{"rendered":"<p><a href=\"https:\/\/www.apotheek-erica.nl\/online\/minocycline\/\" data-internallinksmanager029f6b8e52c=\"52\" title=\"Minocycline\">Tetracycline<\/a> wordt gebruikt om infecties veroorzaakt door bepaalde bacteri\u00ebn te behandelen en is een tetracycline van de antibioticafamilie.<\/p>\n","protected":false},"excerpt":{"rendered":"<p><strong>Product Beschrijving<br \/><\/strong><br \/><strong> Algemeen gebruik<br \/><\/strong><br \/> Tetracycline wordt gebruikt om infecties veroorzaakt door bepaalde bacteri\u00ebn te behandelen. Het is een tetracycline van de antibioticafamilie. Het vertraagt de groei van vatbare bacteri\u00ebn door de productie van eiwitten te be\u00efnvloeden die nodig zijn voor de groei van bacteri\u00ebn. Het bereidt de afweermechanismen van het lichaam voor om de bacteri\u00ebn te vernietigen.<\/p>\n","protected":false},"featured_media":4057,"comment_status":"open","ping_status":"closed","template":"","meta":[],"product_brand":[],"product_cat":[886],"product_tag":[],"class_list":{"0":"post-5016","1":"product","2":"type-product","3":"status-publish","4":"has-post-thumbnail","6":"product_cat-antibiotica","7":"pa_actief-ingredient-tetracycline","8":"sales-flash-overlay","9":"woocommerce-text-align-center","10":"woocommerce-image-align-center","12":"first","13":"instock","14":"shipping-taxable","15":"product-type-external"},"amp_enabled":true,"_links":{"self":[{"href":"https:\/\/www.apotheek-erica.nl\/online\/wp-json\/wp\/v2\/product\/5016","targetHints":{"allow":["GET"]}}],"collection":[{"href":"https:\/\/www.apotheek-erica.nl\/online\/wp-json\/wp\/v2\/product"}],"about":[{"href":"https:\/\/www.apotheek-erica.nl\/online\/wp-json\/wp\/v2\/types\/product"}],"replies":[{"embeddable":true,"href":"https:\/\/www.apotheek-erica.nl\/online\/wp-json\/wp\/v2\/comments?post=5016"}],"wp:featuredmedia":[{"embeddable":true,"href":"https:\/\/www.apotheek-erica.nl\/online\/wp-json\/wp\/v2\/media\/4057"}],"wp:attachment":[{"href":"https:\/\/www.apotheek-erica.nl\/online\/wp-json\/wp\/v2\/media?parent=5016"}],"wp:term":[{"taxonomy":"product_brand","embeddable":true,"href":"https:\/\/www.apotheek-erica.nl\/online\/wp-json\/wp\/v2\/product_brand?post=5016"},{"taxonomy":"product_cat","embeddable":true,"href":"https:\/\/www.apotheek-erica.nl\/online\/wp-json\/wp\/v2\/product_cat?post=5016"},{"taxonomy":"product_tag","embeddable":true,"href":"https:\/\/www.apotheek-erica.nl\/online\/wp-json\/wp\/v2\/product_tag?post=5016"}],"curies":[{"name":"wp","href":"https:\/\/api.w.org\/{rel}","templated":true}]}}