{"id":5018,"date":"2025-07-02T16:26:11","date_gmt":"2025-07-02T15:26:11","guid":{"rendered":"https:\/\/www.apotheek-erica.nl\/online\/?post_type=product&#038;p=5018"},"modified":"2025-07-02T16:26:11","modified_gmt":"2025-07-02T15:26:11","slug":"aciclovir","status":"publish","type":"product","link":"https:\/\/www.apotheek-erica.nl\/online\/aciclovir\/","title":{"rendered":"Aciclovir"},"content":{"rendered":"<p>L&#8217;aciclovir est un m\u00e9dicament antiviral. Aciclovir est utilis\u00e9 pour traiter des infections virales comme l&#8217;herp\u00e8s labial, pour arr\u00eater la croissance du virus de l&#8217;herp\u00e8s simplex, le virus varicelle-zona, etc.<\/p>\n<p>Maintenant, parlons de ce que ces virus provoquent. Donc HSV1 et HSV2. Ce sont des virus qui infectent principalement la peau, mais ils peuvent aussi infecter les surfaces muqueuses et donc l&#8217;int\u00e9rieur de la bouche. Ainsi, les l\u00e8vres et la muqueuse buccale, qui est la surface de l&#8217;int\u00e9rieur de la bouche, si vous mettez votre doigt dans votre bouche et que vous frottez l&#8217;int\u00e9rieur de votre joue, c&#8217;est votre muqueuse buccale. <\/p>\n<p>Les virus de l&#8217;herp\u00e8s simplex, femme deux peuvent infecter ce tissu de la muqueuse buccale ; ils peuvent \u00e9galement infecter les l\u00e8vres. Ils peuvent \u00e9galement infecter la muqueuse g\u00e9nitale, c&#8217;est-\u00e0-dire la muqueuse de l&#8217;int\u00e9rieur du vagin chez l&#8217;homme, les glandes du p\u00e9nis et la vulve externe chez la femme. <\/p>\n<p>Comment se propage-t-elle ? Il se propage par contact. Ainsi, si une personne est infect\u00e9e par le HSV \u00e0 un endroit et que cette zone touche quelqu&#8217;un d&#8217;autre, le virus passera sur sa peau, ou potentiellement sur celle d&#8217;un baiser. Par exemple, si une personne a le HSV sur la l\u00e8vre ou \u00e0 l&#8217;int\u00e9rieur de la muqueuse buccale et qu&#8217;elle embrasse quelqu&#8217;un d&#8217;autre, le virus peut \u00eatre transmis \u00e0 cette personne et elle peut contracter des infections de la l\u00e8vre ou de la muqueuse buccale, souvent dans la bouche.<\/p>\n<p>Et bien s\u00fbr, il n&#8217;est pas n\u00e9cessaire d&#8217;avoir un contact avec l&#8217;endroit o\u00f9 se trouve l&#8217;infection. Par exemple, disons que quelqu&#8217;un a cette infection sur une partie de sa peau qui n&#8217;est pas expos\u00e9e. Disons qu&#8217;il s&#8217;agit de son abdomen, mais qu&#8217;il l&#8217;a touch\u00e9 avec ses mains et qu&#8217;il ne s&#8217;est pas lav\u00e9 les mains. Si vous touchez les mains de cette personne, vous pouvez l&#8217;attraper sur vos mains, puis vous pouvez toucher votre visage. Les acheteurs peuvent alors se trouver sur la peau de votre visage et vous pouvez avoir une \u00e9pid\u00e9mie sur la peau de votre visage, c&#8217;est donc par contact que le virus se propage. Donc la zone infect\u00e9e aura beaucoup de virus sur elle. Ce virus peut ensuite \u00eatre r\u00e9cup\u00e9r\u00e9 par d&#8217;autres surfaces qui entrent en contact avec lui et se propager \u00e0 d&#8217;autres personnes. En effet, si une personne atteinte d&#8217;une infection cutan\u00e9e h\u00e9patique touche cette zone puis d&#8217;autres parties de sa peau, elle risque de propager l&#8217;infection \u00e0 ces autres parties de la peau.<\/p>\n<h2>Effets ind\u00e9sirables<\/h2>\n<h3>Traitement syst\u00e9mique<\/h3>\n<p>Les effets ind\u00e9sirables courants (\u22651% des patients) associ\u00e9s au traitement syst\u00e9mique par l&#8217;aciclovir (par voie orale ou IV) comprennent des naus\u00e9es, des vomissements, des diarrh\u00e9es, une enc\u00e9phalopathie (avec l&#8217;utilisation IV uniquement), des r\u00e9actions au site d&#8217;injection (avec l&#8217;utilisation IV uniquement) et des c\u00e9phal\u00e9es. A fortes doses, des hallucinations ont \u00e9t\u00e9 rapport\u00e9es. Les effets ind\u00e9sirables peu fr\u00e9quents (0,1 \u00e0 1 % des patients) comprennent l&#8217;agitation, le vertige, la confusion, les \u00e9tourdissements, l&#8217;oed\u00e8me, l&#8217;arthralgie, les maux de gorge, la constipation, les douleurs abdominales, la perte de cheveux, les \u00e9ruptions cutan\u00e9es et la faiblesse. Les effets ind\u00e9sirables rares (< 0,1 % des patients) comprennent le coma, les convulsions, la neutrop\u00e9nie, la leucop\u00e9nie, la cristallurie, l'anorexie, la fatigue, l'h\u00e9patite, le syndrome de Stevens-Johnson, la n\u00e9crolyse \u00e9pidermique toxique, le purpura thrombotique thrombocytop\u00e9nique et l'anaphylaxie.\n\n\n\nL'aciclovir intraveineux peut provoquer une n\u00e9phrotoxicit\u00e9 r\u00e9versible chez 5 \u00e0 10 % des patients en raison de la pr\u00e9cipitation de cristaux d'aciclovir dans le rein. La n\u00e9phropathie cristalline de l'aciclovir est plus fr\u00e9quente lorsque l'aciclovir est administr\u00e9 en perfusion rapide et chez les patients pr\u00e9sentant une d\u00e9shydratation et une insuffisance r\u00e9nale pr\u00e9existante. Une hydratation ad\u00e9quate, une vitesse de perfusion plus lente et une posologie bas\u00e9e sur la fonction r\u00e9nale peuvent r\u00e9duire ce risque.\n\n\n\nIl a \u00e9t\u00e9 d\u00e9montr\u00e9 que le m\u00e9tabolite de l'aciclovir, la 9-carboxym\u00e9thoxym\u00e9thylguanine (9-CMMG), joue un r\u00f4le dans les effets ind\u00e9sirables neurologiques, en particulier chez les personnes \u00e2g\u00e9es et celles dont la fonction r\u00e9nale est r\u00e9duite.\n\n\n\n\n\n<h3>Traitement topique<\/h3>\n<p>La cr\u00e8me topique d&#8217;aciclovir est fr\u00e9quemment associ\u00e9e (\u22651% des patients) \u00e0 : une s\u00e9cheresse ou une desquamation de la peau ou des sensations transitoires de piq\u00fbre\/br\u00fblure. Les effets ind\u00e9sirables peu fr\u00e9quents incluent un \u00e9ryth\u00e8me ou des d\u00e9mangeaisons.[14] Lorsqu&#8217;il est appliqu\u00e9 sur l&#8217;\u0153il, l&#8217;aciclovir est fr\u00e9quemment associ\u00e9 (\u22651% des patients) \u00e0 une l\u00e9g\u00e8re sensation de picotement transitoire. Peu fr\u00e9quemment (0,1-1% des patients), l&#8217;aciclovir ophtalmique est associ\u00e9 \u00e0 une k\u00e9ratite ponctu\u00e9e superficielle ou \u00e0 des r\u00e9actions allergiques.<\/p>\n","protected":false},"excerpt":{"rendered":"<p>Wat is Aciclovir? Aciclovir is een lid van de klasse van geneesmiddelen die bekend staat als antivirale middelen. Dit zijn dus geneesmiddelen gebruikt om virale infecties te behandelen, in tegenstelling tot, bijvoorbeeld, antibiotica, die zijn geneesmiddelen gebruikt om bacteri\u00eble infecties te behandelen, en schimmelwerende middelen, die zijn geneesmiddelen gebruikt om schimmelinfecties te behandelen. <\/p>\n<p>Antiviraal betekent dat het wordt gebruikt om een virale infectie te behandelen. En de drie belangrijkste soorten virale infecties waarvoor Aciclovir kan worden gebruikt zijn deze drie virussen hier. <\/p>\n<p>Het wordt voornamelijk gebruikt voor de behandeling van herpes simplex virus infecties, waterpokken en gordelroos. Andere toepassingen zijn preventie van cytomegalovirus infecties na transplantatie en ernstige complicaties van Epstein-Barr virus infectie.<\/p>\n<h2>Aciclovir Prijs<\/h2>\n<p>De prijs van Aciclovir is ongeveer \u20ac0,34 &#8211; \u20ac1,53 per pil. Dit hangt af van de grootte van de verpakking en de hoeveelheid werkzame stof (200 of 800 mg).<\/p>\n<h2>Aciclovir zonder recept<\/h2>\n<p>U kunt Aciclovir zonder recept <a href=\"https:\/\/pharm-store.com\/categories\/Anti%20Viral\/Aciclovir?id=1983&#038;language=fr&#038;trackid=vezere&#038;currency=EUR\">hier<\/a> kopen. Klik gewoon hieronder, kies uw dosering en de hoeveelheid pillen. U ontvangt ze per post.<\/p>\n","protected":false},"featured_media":4047,"comment_status":"closed","ping_status":"closed","template":"","meta":[],"product_brand":[],"product_cat":[15,864],"product_tag":[],"class_list":{"0":"post-5018","1":"product","2":"type-product","3":"status-publish","4":"has-post-thumbnail","6":"product_cat-uncategorized","7":"product_cat-andere","8":"sales-flash-overlay","9":"woocommerce-text-align-center","10":"woocommerce-image-align-center","12":"first","13":"instock","14":"shipping-taxable","15":"product-type-external"},"amp_enabled":true,"_links":{"self":[{"href":"https:\/\/www.apotheek-erica.nl\/online\/wp-json\/wp\/v2\/product\/5018","targetHints":{"allow":["GET"]}}],"collection":[{"href":"https:\/\/www.apotheek-erica.nl\/online\/wp-json\/wp\/v2\/product"}],"about":[{"href":"https:\/\/www.apotheek-erica.nl\/online\/wp-json\/wp\/v2\/types\/product"}],"replies":[{"embeddable":true,"href":"https:\/\/www.apotheek-erica.nl\/online\/wp-json\/wp\/v2\/comments?post=5018"}],"wp:featuredmedia":[{"embeddable":true,"href":"https:\/\/www.apotheek-erica.nl\/online\/wp-json\/wp\/v2\/media\/4047"}],"wp:attachment":[{"href":"https:\/\/www.apotheek-erica.nl\/online\/wp-json\/wp\/v2\/media?parent=5018"}],"wp:term":[{"taxonomy":"product_brand","embeddable":true,"href":"https:\/\/www.apotheek-erica.nl\/online\/wp-json\/wp\/v2\/product_brand?post=5018"},{"taxonomy":"product_cat","embeddable":true,"href":"https:\/\/www.apotheek-erica.nl\/online\/wp-json\/wp\/v2\/product_cat?post=5018"},{"taxonomy":"product_tag","embeddable":true,"href":"https:\/\/www.apotheek-erica.nl\/online\/wp-json\/wp\/v2\/product_tag?post=5018"}],"curies":[{"name":"wp","href":"https:\/\/api.w.org\/{rel}","templated":true}]}}