{"id":5025,"date":"2025-07-06T17:49:38","date_gmt":"2025-07-06T16:49:38","guid":{"rendered":"https:\/\/www.apotheek-erica.nl\/online\/?post_type=product&#038;p=5025"},"modified":"2025-07-13T10:49:16","modified_gmt":"2025-07-13T09:49:16","slug":"clarinex","status":"publish","type":"product","link":"https:\/\/www.apotheek-erica.nl\/online\/clarinex\/","title":{"rendered":"Clarinex"},"content":{"rendered":"<h3>Qu&#8217;est-ce que Clarinex (Desloratadine) ?<\/h3>\n<p>Le Clarinex est un antagoniste de l&#8217;histamine qui r\u00e9duit l&#8217;impact biologique de l&#8217;histamine dans l&#8217;organisme. Les \u00e9ternuements, les d\u00e9mangeaisons, le larmoiement et l&#8217;\u00e9coulement nasal sont tous des sympt\u00f4mes produits par l&#8217;histamine.<\/p>\n<p>Clarinex est une association d&#8217;antihistaminiques utilis\u00e9e pour traiter les sympt\u00f4mes d&#8217;allergie tels que les \u00e9ternuements, le larmoiement, les d\u00e9mangeaisons et l&#8217;\u00e9coulement nasal.<\/p>\n<p>Les antihistaminiques agissent en bloquant l&#8217;action d&#8217;une substance chimique appel\u00e9e histamine, qui est cr\u00e9\u00e9e par l&#8217;organisme. L&#8217;histamine peut provoquer des d\u00e9mangeaisons, des \u00e9ternuements, un \u00e9coulement nasal et un larmoiement. Chez certaines personnes, l&#8217;histamine peut \u00e9galement obstruer les bronches (passages d&#8217;air dans les poumons) et rendre la respiration difficile. L&#8217;histamine peut induire de l&#8217;urticaire chez certaines personnes, provoquant des d\u00e9mangeaisons cutan\u00e9es intenses.<\/p>\n<p>Le Clarinex est \u00e9galement utilis\u00e9 pour traiter l&#8217;urticaire et les d\u00e9mangeaisons cutan\u00e9es chez les personnes souffrant de probl\u00e8mes de peau chroniques.<\/p>\n<p>Ce m\u00e9dicament n&#8217;est disponible que sur ordonnance de votre m\u00e9decin.<\/p>\n<h3>Comment dois-je prendre Clarinex ?<\/h3>\n<p>Suivez toutes les instructions figurant sur l&#8217;\u00e9tiquette de votre ordonnance et lisez tous les guides de m\u00e9dicaments ou les feuilles d&#8217;instructions. Utilisez le m\u00e9dicament comme indiqu\u00e9 par votre m\u00e9decin. Ce m\u00e9dicament ne doit pas \u00eatre administr\u00e9 aux enfants de moins de 6 mois. Lorsque vous donnez de la desloratadine \u00e0 un enfant, suivez attentivement les recommandations posologiques de votre m\u00e9decin. La desloratadine ne doit pas \u00eatre administr\u00e9e aux jeunes de moins de 6 mois.<\/p>\n<h3>Dosage et administration<\/h3>\n<p>Ne retirez un comprim\u00e9 \u00e0 d\u00e9litement oral de son emballage que lorsque vous \u00eates pr\u00eat \u00e0 l&#8217;utiliser. Laissez le comprim\u00e9 se dissoudre sur votre langue sans le m\u00e2cher. Au fur et \u00e0 mesure que le comprim\u00e9 se dissout, avalez plusieurs fois.<\/p>\n<p>Votre posologie est d\u00e9termin\u00e9e par votre \u00e2ge, votre \u00e9tat de sant\u00e9 et votre r\u00e9ponse au traitement. Vous ne devez pas augmenter la quantit\u00e9 que vous prenez ou la prendre plus fr\u00e9quemment que conseill\u00e9.<\/p>\n<p>Lorsque vous administrez des m\u00e9dicaments liquides, soyez tr\u00e8s attentif. Utilisez la seringue doseuse fournie ou un dispositif de mesure de la dose de m\u00e9dicament (pas une cuill\u00e8re de cuisine).<\/p>\n<h3>Effets secondaires de Clarinex<\/h3>\n<p>Obtenez de l&#8217;aide m\u00e9dicale d&#8217;urgence si vous pr\u00e9sentez des signes de r\u00e9action allergique : urticaire, respiration difficile, gonflement du visage, des l\u00e8vres, de la langue ou de la gorge.<\/p>\n<p>Appelez imm\u00e9diatement votre m\u00e9decin si vous avez :<\/p>\n<ul>\n<li>des battements de c\u0153ur rapides ou battants et des vertiges soudains (comme si vous alliez vous \u00e9vanouir) ;<\/li>\n<li>une respiration qui s&#8217;arr\u00eate pendant le sommeil ;<\/li>\n<li>une respiration sifflante, une oppression thoracique ;<\/li>\n<li>essoufflement, m\u00eame avec un effort l\u00e9ger ;<\/li>\n<li>gonflement des chevilles ou des pieds ; ou<\/li>\n<li>une somnolence extr\u00eame.<\/li>\n<\/ul>\n<p>Cette liste d&#8217;effets secondaires n&#8217;est pas exhaustive et d&#8217;autres peuvent survenir. Appelez votre m\u00e9decin pour obtenir un avis m\u00e9dical sur les effets secondaires.<\/p>\n","protected":false},"excerpt":{"rendered":"<p>Clarinex (Desloratadine) is uitgebreid onderzocht in klinische studies, waarvan de resultaten hebben aangetoond dat het de symptomen van allergische rhinitis bij kinderen vanaf zes maanden aanzienlijk kan verbeteren. Naast deze positieve resultaten zijn de tabletten ook veilig voor volwassenen met lichte tot matige astma en seizoensgebonden allergie\u00ebn. Echter, zoals met alle andere medicijnen, moet u uw arts raadplegen voordat u Clarinex inneemt.<\/p>\n<h3>Prijs van Clarinex<\/h3>\n<p>Clarinex kost tussen de 29,9 en 161,5 euro per tablet. Dit is afhankelijk van de grootte van de verpakking en het aantal tabletten dat erin zit (5 of 5 mg). Andere namen voor Clarinex zijn:<\/p>\n<ul>\n<li>Desloratadine,<\/li>\n<li>Claritin,<\/li>\n<li>Aerius,<\/li>\n<li>Allex,<\/li>\n<li>Clarinex-D,<\/li>\n<li>Neoclarityn,<\/li>\n<li>Clarinex Reditabs,<\/li>\n<li>Azomyr<\/li>\n<\/ul>\n","protected":false},"featured_media":4012,"comment_status":"open","ping_status":"closed","template":"","meta":[],"product_brand":[],"product_cat":[50],"product_tag":[],"class_list":{"0":"post-5025","1":"product","2":"type-product","3":"status-publish","4":"has-post-thumbnail","6":"product_cat-allergieen","7":"pa_actief-ingredient-desloratadine","8":"sales-flash-overlay","9":"woocommerce-text-align-center","10":"woocommerce-image-align-center","12":"first","13":"instock","14":"shipping-taxable","15":"product-type-external"},"amp_enabled":true,"_links":{"self":[{"href":"https:\/\/www.apotheek-erica.nl\/online\/wp-json\/wp\/v2\/product\/5025","targetHints":{"allow":["GET"]}}],"collection":[{"href":"https:\/\/www.apotheek-erica.nl\/online\/wp-json\/wp\/v2\/product"}],"about":[{"href":"https:\/\/www.apotheek-erica.nl\/online\/wp-json\/wp\/v2\/types\/product"}],"replies":[{"embeddable":true,"href":"https:\/\/www.apotheek-erica.nl\/online\/wp-json\/wp\/v2\/comments?post=5025"}],"wp:featuredmedia":[{"embeddable":true,"href":"https:\/\/www.apotheek-erica.nl\/online\/wp-json\/wp\/v2\/media\/4012"}],"wp:attachment":[{"href":"https:\/\/www.apotheek-erica.nl\/online\/wp-json\/wp\/v2\/media?parent=5025"}],"wp:term":[{"taxonomy":"product_brand","embeddable":true,"href":"https:\/\/www.apotheek-erica.nl\/online\/wp-json\/wp\/v2\/product_brand?post=5025"},{"taxonomy":"product_cat","embeddable":true,"href":"https:\/\/www.apotheek-erica.nl\/online\/wp-json\/wp\/v2\/product_cat?post=5025"},{"taxonomy":"product_tag","embeddable":true,"href":"https:\/\/www.apotheek-erica.nl\/online\/wp-json\/wp\/v2\/product_tag?post=5025"}],"curies":[{"name":"wp","href":"https:\/\/api.w.org\/{rel}","templated":true}]}}