{"id":5026,"date":"2025-07-10T04:01:41","date_gmt":"2025-07-10T03:01:41","guid":{"rendered":"https:\/\/www.apotheek-erica.nl\/online\/?post_type=product&#038;p=5026"},"modified":"2025-07-10T04:01:41","modified_gmt":"2025-07-10T03:01:41","slug":"decadron","status":"publish","type":"product","link":"https:\/\/www.apotheek-erica.nl\/online\/decadron\/","title":{"rendered":"Decadron"},"content":{"rendered":"<p>Decadron wordt gebruikt om aandoeningen te behandelen zoals artritis, bloedhormonen en aandoeningen van het immuunsysteem, allergische reacties, huid- en bepaalde oogaandoeningen, ademhalingsproblemen, bepaalde darmproblemen<\/p>\n","protected":false},"excerpt":{"rendered":"<p><strong>Product Beschrijving<br \/><\/strong><br \/><strong> Algemeen gebruik<br \/><\/strong><br \/> Decadron wordt gebruikt voor de behandeling van aandoeningen zoals artritis, bloedhormonen en aandoeningen van het immuunsysteem, allergische reacties, huid- en bepaalde oogaandoeningen, ademhalingsproblemen, bepaalde darmstoornissen. Het wordt ook gebruikt bij de behandeling van kanker van witte bloedcellen (leukemie\u00ebn) en lymfeklierkanker (lymfomen). Ten slotte wordt Decadron gebruikt als vervangingstherapie bij pati\u00ebnten van wie de bijnieren niet in staat zijn voldoende hoeveelheden corticostero\u00efden te produceren.<\/p>\n","protected":false},"featured_media":3998,"comment_status":"open","ping_status":"closed","template":"","meta":[],"product_brand":[],"product_cat":[53],"product_tag":[],"class_list":{"0":"post-5026","1":"product","2":"type-product","3":"status-publish","4":"has-post-thumbnail","6":"product_cat-skincare","7":"pa_actief-ingredient-dexamethason","8":"pa_actief-ingredient-dexamethasone","9":"sales-flash-overlay","10":"woocommerce-text-align-center","11":"woocommerce-image-align-center","13":"first","14":"instock","15":"shipping-taxable","16":"product-type-external"},"amp_enabled":true,"_links":{"self":[{"href":"https:\/\/www.apotheek-erica.nl\/online\/wp-json\/wp\/v2\/product\/5026","targetHints":{"allow":["GET"]}}],"collection":[{"href":"https:\/\/www.apotheek-erica.nl\/online\/wp-json\/wp\/v2\/product"}],"about":[{"href":"https:\/\/www.apotheek-erica.nl\/online\/wp-json\/wp\/v2\/types\/product"}],"replies":[{"embeddable":true,"href":"https:\/\/www.apotheek-erica.nl\/online\/wp-json\/wp\/v2\/comments?post=5026"}],"wp:featuredmedia":[{"embeddable":true,"href":"https:\/\/www.apotheek-erica.nl\/online\/wp-json\/wp\/v2\/media\/3998"}],"wp:attachment":[{"href":"https:\/\/www.apotheek-erica.nl\/online\/wp-json\/wp\/v2\/media?parent=5026"}],"wp:term":[{"taxonomy":"product_brand","embeddable":true,"href":"https:\/\/www.apotheek-erica.nl\/online\/wp-json\/wp\/v2\/product_brand?post=5026"},{"taxonomy":"product_cat","embeddable":true,"href":"https:\/\/www.apotheek-erica.nl\/online\/wp-json\/wp\/v2\/product_cat?post=5026"},{"taxonomy":"product_tag","embeddable":true,"href":"https:\/\/www.apotheek-erica.nl\/online\/wp-json\/wp\/v2\/product_tag?post=5026"}],"curies":[{"name":"wp","href":"https:\/\/api.w.org\/{rel}","templated":true}]}}