{"id":5030,"date":"2025-07-08T00:50:02","date_gmt":"2025-07-07T23:50:02","guid":{"rendered":"https:\/\/www.apotheek-erica.nl\/online\/?post_type=product&#038;p=5030"},"modified":"2025-07-08T00:50:02","modified_gmt":"2025-07-07T23:50:02","slug":"periactin","status":"publish","type":"product","link":"https:\/\/www.apotheek-erica.nl\/online\/periactin\/","title":{"rendered":"Periactin"},"content":{"rendered":"<h3>Hoe werkt Periactin (Cyproheptadine)?<\/h3>\n<p>Cyproheptadine is een serotonine en histamine antagonist die concurreert met serotonine en histamine voor receptorplaatsen. Dit geneesmiddel heeft ook anticholinerge en kalmerende effecten. Het wordt gebruikt voor de behandeling van allergiesymptomen zoals tranende ogen, loopneus, jeukende ogen\/neus, niezen, netelroos en jeuk.<\/p>\n<h3>Indicaties en contra-indicaties<\/h3>\n<p>In termen van indicaties of redenen waarom dit geneesmiddel aan een pati\u00ebnt zou worden voorgeschreven, is het een behandeling voor allergische conjunctivitis. Cyproheptadine kan worden gebruikt bij blijvende en seizoensgebonden allergische rhinitis en als aanvullende therapie bij anafylaxie. Het kan in bepaalde situaties worden gebruikt om een overgevoeligheidsreactie te behandelen. Het kan worden gebruikt om koude urticaria te behandelen. Ten slotte kan dit geneesmiddel worden gebruikt voor de behandeling van vasomotorische rhinitis.<br \/>\nDit geneesmiddel mag niet worden gegeven aan pati\u00ebnten die hoekafsluitend glaucoom of blaashalsobstructie hebben gehad.<\/p>\n<p>Oudere en verzwakte pati\u00ebnten mogen dit geneesmiddel niet gebruiken, evenmin als pati\u00ebnten die overgevoelig zijn voor cyproheptadine of voor een ander bestanddeel van de formulering. Pati\u00ebnten die worden behandeld met monoamine-oxidaseremmers mogen geen cyproheptadine gebruiken, evenmin als pasgeborenen of premature kinderen.<\/p>\n<p>Zogende moeders en pati\u00ebnten met een stenoserende maagzweer mogen dit middel niet gebruiken. Als een pati\u00ebnt symptomatische prothesehypertrofie heeft, moet dit geneesmiddel ook niet worden gebruikt.<\/p>\n<h3>Dosering en toediening<\/h3>\n<p>Bij de behandeling van allergische conjunctivitis kan een initi\u00eble dosis van vier milligram oraal driemaal daags worden aangehouden. De dosis zou dan worden aangepast volgens de grootte en de reactie van de pati\u00ebnt. Het bereik hier zou vier tot 20 milligram per dag zijn, en de maximale dosis zou 0,5 milligram per kilogram per dag zijn. Als een pati\u00ebnt dit middel gebruikt voor verlies van eetlust, kan hij een week lang vier maal daags twee milligram gebruiken, en daarna vier maal daags vier milligram. Voor jeuk of pruritus kunnen ze drie of vier keer per dag vier milligram oraal gebruiken.<\/p>\n<h3>Bijwerkingen<\/h3>\n<p>Sommige pati\u00ebnten kunnen een toename in eetlust of gewichtstoename opmerken. Sommige pati\u00ebnten kunnen last krijgen van buikpijn, diarree, misselijkheid of braken. CNS of <a href=\"https:\/\/www.apotheek-erica.nl\/online\/skelaxin\/\" data-internallinksmanager029f6b8e52c=\"181\" title=\"Skelaxin\">centraal<\/a> zenuwstelsel <a href=\"https:\/\/www.apotheek-erica.nl\/online\/depressie\/\" data-internallinksmanager029f6b8e52c=\"25\" title=\"Depressie\">depressie<\/a> kan optreden, evenals slaperigheid. Sommige pati\u00ebnten kunnen last krijgen van dik sputum, hepatitis of xerostomie, d.w.z. een droge mond.<\/p>\n","protected":false},"excerpt":{"rendered":"<p>Periactin (Cyproheptadine) is een vrij verkrijgbaar antihistaminicum, een natuurlijke en veilige manier om allergische reacties te behandelen. Het is effectief bij de behandeling van allergiesymptomen, keelzwelling en jeuk veroorzaakt door verschillende huidaandoeningen. Bij sommige mensen kan Periactine verschillende bijwerkingen veroorzaken, waaronder sedatie. U kunt moeite hebben met ademhalen, netelroos, zwelling van de lippen, tong of gezicht, bleke huid, donkere urine en duizeligheid. U moet dringend medische hulp inroepen als u een van deze symptomen ervaart. Naast deze bijwerkingen kan Periactin overgaan in de moedermelk en een allergische reactie veroorzaken.<\/p>\n<h3>Prijs van Periactin<\/h3>\n<p>De kosten van Periactin vari\u00ebren van \u20ac0,44 tot \u20ac0,58 per tablet. Bestel levering per koerier met \u00e9\u00e9n klik op onze website.<\/p>\n","protected":false},"featured_media":3971,"comment_status":"open","ping_status":"closed","template":"","meta":[],"product_brand":[],"product_cat":[50],"product_tag":[],"class_list":{"0":"post-5030","1":"product","2":"type-product","3":"status-publish","4":"has-post-thumbnail","6":"product_cat-allergieen","7":"pa_actief-ingredient-cyproheptadine","8":"sales-flash-overlay","9":"woocommerce-text-align-center","10":"woocommerce-image-align-center","12":"first","13":"instock","14":"shipping-taxable","15":"product-type-external"},"amp_enabled":true,"_links":{"self":[{"href":"https:\/\/www.apotheek-erica.nl\/online\/wp-json\/wp\/v2\/product\/5030","targetHints":{"allow":["GET"]}}],"collection":[{"href":"https:\/\/www.apotheek-erica.nl\/online\/wp-json\/wp\/v2\/product"}],"about":[{"href":"https:\/\/www.apotheek-erica.nl\/online\/wp-json\/wp\/v2\/types\/product"}],"replies":[{"embeddable":true,"href":"https:\/\/www.apotheek-erica.nl\/online\/wp-json\/wp\/v2\/comments?post=5030"}],"wp:featuredmedia":[{"embeddable":true,"href":"https:\/\/www.apotheek-erica.nl\/online\/wp-json\/wp\/v2\/media\/3971"}],"wp:attachment":[{"href":"https:\/\/www.apotheek-erica.nl\/online\/wp-json\/wp\/v2\/media?parent=5030"}],"wp:term":[{"taxonomy":"product_brand","embeddable":true,"href":"https:\/\/www.apotheek-erica.nl\/online\/wp-json\/wp\/v2\/product_brand?post=5030"},{"taxonomy":"product_cat","embeddable":true,"href":"https:\/\/www.apotheek-erica.nl\/online\/wp-json\/wp\/v2\/product_cat?post=5030"},{"taxonomy":"product_tag","embeddable":true,"href":"https:\/\/www.apotheek-erica.nl\/online\/wp-json\/wp\/v2\/product_tag?post=5030"}],"curies":[{"name":"wp","href":"https:\/\/api.w.org\/{rel}","templated":true}]}}