{"id":5077,"date":"2025-07-06T11:54:41","date_gmt":"2025-07-06T10:54:41","guid":{"rendered":"https:\/\/www.apotheek-erica.nl\/online\/?post_type=product&#038;p=5077"},"modified":"2025-07-13T10:49:17","modified_gmt":"2025-07-13T09:49:17","slug":"kamagra","status":"publish","type":"product","link":"https:\/\/www.apotheek-erica.nl\/online\/kamagra\/","title":{"rendered":"Kamagra"},"content":{"rendered":"<h2>Wat is Kamagra?<\/h2>\n<p>Kamagra tabletten bevatten <a href=\"https:\/\/www.apotheek-erica.nl\/online\/viagra\/\" data-internallinksmanager029f6b8e52c=\"211\" title=\"Viagra\">sildenafil<\/a>, dat behoort tot een groep van geneesmiddelen genaamd type vijf specifieke fosfodiesterase (PDE5) remmers, en wordt gebruikt om erectiestoornissen bij mannen en pulmonale arteri\u00eble hypertensie te behandelen.<\/p>\n<h2>Is er een onderscheid tussen Viagra en Kamagra?<\/h2>\n<p>Het actieve ingredi\u00ebnt in Kamagra is <a href=\"https:\/\/www.apotheek-erica.nl\/online\/viagra-jelly\/\" data-internallinksmanager029f6b8e52c=\"84\" title=\"Viagra Jelly\">sildenafil citraat<\/a>, dat ook in Viagra zit. Sildenafil (wat gewoon de generieke (merkloze), en dus goedkopere, versie van Viagra is) bevat sildenafil citraat en werkt op een vergelijkbare manier als Viagra.<\/p>\n<h2>Hoe gebruik ik Kamagra?<\/h2>\n<p>Gebruik Kamagra alleen als je man bent en ouder dan 18 jaar. Slik de pil in zijn geheel door met water. Eet vooraf iets lichts. Zorg ervoor dat je in een veilige omgeving bent om verlegenheid te voorkomen. Maak er geen gewoonte van om het te gebruiken om een erectie te krijgen. Gebruik niet meer dan \u00e9\u00e9n tablet of 100 mg Kamagra per dag (Farmacotherapeutisch Kompas, 2021).<\/p>\n<p>Tijdens het gebruik van Kamagra tabletten moet u het drinken van alcohol vermijden, omdat het uw bloeddruk verlaagt. Duizeligheid, flauwvallen, opvliegers, aanhoudende hoofdpijn, veranderingen in de hartslag en andere bijwerkingen kunnen optreden.<\/p>\n<p>Als u Kamagra inneemt, vermijd dan autorijden of andere activiteiten waarbij u alert moet zijn.<\/p>\n<h2>Hoe lang werkt Kamagra?<\/h2>\n<p>De Kamagra tablet begint binnen 30 tot 60 minuten na inname te werken en kan tot 24 uur in het lichaam blijven. Het is belangrijk om niet meer dan \u00e9\u00e9n tablet of 100 mg Kamagra per dag te nemen en een overdosis te vermijden omdat dit ernstige bijwerkingen kan veroorzaken.<\/p>\n<h2>Bijwerkingen<\/h2>\n<p>Bij het gebruik van Kamagra kunnen bijwerkingen optreden. Als u een van de volgende ernstige bijwerkingen ervaart, stop dan onmiddellijk met het innemen van Kamagra en zoek medische hulp:<\/p>\n<ul>\n<li>Pijn op de borst of onregelmatige hartslag<\/li>\n<li>Kortademigheid<\/li>\n<li>Plotseling gehoorverlies<\/li>\n<li>Plotseling verlies van het gezichtsvermogen<\/li>\n<li>Zwelling van de enkels, voeten of handen<\/li>\n<\/ul>\n<p>Het is belangrijk om uw arts te raadplegen voordat u dit geneesmiddel gebruikt als u allergisch bent voor sildenafil of een van de andere bestanddelen van dit geneesmiddel, als u hartproblemen, een lage of hoge bloeddruk, ernstig gezichtsverlies, nier- of leverproblemen of bloedproblemen heeft of ooit heeft gehad, waaronder sikkelcelanemie of leukemie, of als u een penismisvorming of de ziekte van Lapeyronie heeft.<\/p>\n<p>Kamagra is niet geschikt voor vrouwen. Als u andere geneesmiddelen gebruikt, zoals nitraatbevattende geneesmiddelen, alfablokkers, eiwitremmers en isosorbidemononitraat en isosorbidedinitraat, evenals andere medische behandelingen die erecties veroorzaken, informeer dan uw arts. Bijwerkingen die kunnen optreden bij het gebruik van Kamagra zijn onder meer hoofdpijn, blozen, maagklachten, tijdelijke veranderingen in het kleurenzicht en sommige graden van gezichtsverlies.<\/p>\n","protected":false},"excerpt":{"rendered":"<p>Kamagra is een receptgeneesmiddel dat wordt aangewend bij de behandeling van erectiestoornissen (impotentie) bij mannen. De aanbevolen dosis van Kamagra varieert van \u00e9\u00e9n tot twee tabletten per dag, afhankelijk van de individuele behoeften van de pati\u00ebnt. Het is van essentieel belang om de tabletten 3 tot 4 uur v\u00f3\u00f3r de seksuele activiteit in te nemen om een \u200b\u200blangdurige erectie te bevorderen. Bij het optreden van symptomen zoals langdurige erectie, dient u onmiddellijk contact op te nemen met uw arts. Het is belangrijk om te voorkomen dat u meer dan \u00e9\u00e9n dosis van het geneesmiddel inneemt, aangezien dit ernstige bijwerkingen kan veroorzaken. Het wordt sterk afgeraden om de dosis te verdubbelen. De aanbevolen dosis voor mannen is \u00e9\u00e9n tablet per dag.<\/p>\n<h2>Prijs van Kamagra<\/h2>\n<p>De prijs van Kamagra varieert van \u20ac46,9 tot \u20ac271 per verpakking, afhankelijk van de grootte van de verpakking en de hoeveelheid werkzame stof (50 of 100 mg). Het is belangrijk op te merken dat het middel niet zonder recept mag worden gebruikt, aangezien er risico&#8217;s verbonden zijn aan het gebruik ervan. Echter, Kamagra kan veilig en anoniem via een online apotheek worden besteld. Het wordt discreet per post geleverd om de privacy van de klant te waarborgen.<\/p>\n","protected":false},"featured_media":3804,"comment_status":"open","ping_status":"closed","template":"","meta":[],"product_brand":[],"product_cat":[874],"product_tag":[],"class_list":{"0":"post-5077","1":"product","2":"type-product","3":"status-publish","4":"has-post-thumbnail","6":"product_cat-erectiele-disfunctie","7":"pa_actief-ingredient-sildenafil","8":"sales-flash-overlay","9":"woocommerce-text-align-center","10":"woocommerce-image-align-center","12":"first","13":"instock","14":"shipping-taxable","15":"product-type-external"},"amp_enabled":true,"_links":{"self":[{"href":"https:\/\/www.apotheek-erica.nl\/online\/wp-json\/wp\/v2\/product\/5077","targetHints":{"allow":["GET"]}}],"collection":[{"href":"https:\/\/www.apotheek-erica.nl\/online\/wp-json\/wp\/v2\/product"}],"about":[{"href":"https:\/\/www.apotheek-erica.nl\/online\/wp-json\/wp\/v2\/types\/product"}],"replies":[{"embeddable":true,"href":"https:\/\/www.apotheek-erica.nl\/online\/wp-json\/wp\/v2\/comments?post=5077"}],"wp:featuredmedia":[{"embeddable":true,"href":"https:\/\/www.apotheek-erica.nl\/online\/wp-json\/wp\/v2\/media\/3804"}],"wp:attachment":[{"href":"https:\/\/www.apotheek-erica.nl\/online\/wp-json\/wp\/v2\/media?parent=5077"}],"wp:term":[{"taxonomy":"product_brand","embeddable":true,"href":"https:\/\/www.apotheek-erica.nl\/online\/wp-json\/wp\/v2\/product_brand?post=5077"},{"taxonomy":"product_cat","embeddable":true,"href":"https:\/\/www.apotheek-erica.nl\/online\/wp-json\/wp\/v2\/product_cat?post=5077"},{"taxonomy":"product_tag","embeddable":true,"href":"https:\/\/www.apotheek-erica.nl\/online\/wp-json\/wp\/v2\/product_tag?post=5077"}],"curies":[{"name":"wp","href":"https:\/\/api.w.org\/{rel}","templated":true}]}}