{"id":5092,"date":"2025-07-10T08:49:36","date_gmt":"2025-07-10T07:49:36","guid":{"rendered":"https:\/\/www.apotheek-erica.nl\/online\/?post_type=product&#038;p=5092"},"modified":"2025-07-13T10:49:13","modified_gmt":"2025-07-13T09:49:13","slug":"levitra","status":"publish","type":"product","link":"https:\/\/www.apotheek-erica.nl\/online\/levitra\/","title":{"rendered":"Levitra"},"content":{"rendered":"<h2>Wat is Levitra (Vardenafil)?<\/h2>\n<p>Levitra (<a href=\"https:\/\/www.apotheek-erica.nl\/online\/super-levitra\/\" data-internallinksmanager029f6b8e52c=\"69\" title=\"Super Levitra\">Vardenafil<\/a>) wordt gebruikt voor de behandeling van erectieproblemen bij mannen. Vardenafil werkt sneller dan <a href=\"https:\/\/www.apotheek-erica.nl\/online\/viagra\/\" data-internallinksmanager029f6b8e52c=\"211\" title=\"Viagra\">sildenafil<\/a> (Viagra\u00ae) en veroorzaakt minder vaak visuele stoornissen als bijwerking.<\/p>\n<p>Voor de meeste pati\u00ebnten is de aanbevolen startdosis van LEVITRA 10 mg, via de mond ingenomen, ongeveer 60 minuten voor de seksuele activiteit. De dosis kan worden verhoogd tot de aanbevolen maximale dosis van 20 mg of worden verlaagd tot 5 mg, afhankelijk van de werkzaamheid en bijwerkingen. De aanbevolen maximale dosis is \u00e9\u00e9n per dag. Seksuele stimulatie is essentieel voor de respons op de behandeling. Levitra kan met of zonder voedsel worden ingenomen.<\/p>\n<h2>Snelle werking van Levitra<\/h2>\n<p>Wat is het beste moment om Levitra in te nemen? Het is belangrijk om Levitra v\u00f3\u00f3r seksuele activiteit in te nemen om mogelijke negatieve bijwerkingen te voorkomen. U mag Levitra slechts \u00e9\u00e9n keer per dag innemen. U moet het een uur v\u00f3\u00f3r de seksuele activiteit innemen voor maximale effectiviteit. Als u een dosis vergeet, kunt u last krijgen van priapisme, wat gevaarlijk is en leidt tot de aanwezigheid van bloed in de penis. Dit kan ook leiden tot weefselbeschadiging en pijnlijke erectie.<\/p>\n<p>Bijvoorbeeld, Levitra heeft ongeveer 15 minuten nodig om effect te hebben, terwijl <a href=\"https:\/\/www.apotheek-erica.nl\/online\/cialis\/\" data-internallinksmanager029f6b8e52c=\"11\" title=\"cialis\">Cialis<\/a> tot twee uur kan duren. Cialis kan tot 36 uur duren, maar Levitra heeft minder tijd nodig. Zolang u uw medicijn niet vergeet op tijd in te nemen, zal het effec<\/p>\n<p>Omdat het medicijn de PDE5-enzymen be\u00efnvloedt, kan het voor sommige mensen effectief zijn. Het is echter belangrijk om te onthouden dat PDE5-remmers niet geschikt zijn voor alle pati\u00ebnten. Of ze geschikt voor u zijn of niet, hangt af van het type erectiestoornis waar u last van heeft. Daarnaast moet u ook met uw arts praten voor een juiste diagnose. Hij of zij moet weten of u een van de volgende aandoeningen heeft:<\/p>\n<ul>\n<li>anatomische vervorming van de penis, de ziekte van Peyronie of als u eerder een erectie<\/li>\n<li>heeft gehad die langer dan 4 uur heeft geduurd<\/li>\n<li>stollingsstoornis<\/li>\n<li>kanker<\/li>\n<li><a href=\"https:\/\/www.apotheek-erica.nl\/online\/diabetes\/\" data-internallinksmanager029f6b8e52c=\"18\" title=\"diabetes\">diabetes<\/a><\/li>\n<li>frequente <a href=\"https:\/\/www.apotheek-erica.nl\/online\/nexium\/\" data-internallinksmanager029f6b8e52c=\"116\" title=\"Nexium\">maagzuur<\/a> of gastro-oesofageale reflux<\/li>\n<li>hartziekte, angina pectoris, hoge of lage bloeddruk, een voorgeschiedenis van een<\/li>\n<li>hartaanval of andere hartaandoeningen<\/li>\n<li>hoog cholesterol<\/li>\n<li>HIV-infectie<\/li>\n<li>nierziekte<\/li>\n<li>leverziekte<\/li>\n<\/ul>\n<h2>FAQ &#8211; H\u00e4ufig gestellte Fragen<\/h2>\n<div class=\"schema-faq-code\">\n<div class=\"faq-question\">\n<h3 class=\"faq-q\">Wie kann man Levitra effektiver machen?<\/h3>\n<div>\n<p class=\"faq-a\">Levitra ist ein verschreibungspflichtiges Medikament zur Behandlung von erektiler Dysfunktion. Es ist nicht m\u00f6glich, die Wirksamkeit des Medikaments \u00fcber die empfohlene Dosierung hinaus zu steigern. Wenn Sie Levitra einnehmen und es f\u00fcr Sie nicht wirksam ist, sollten Sie mit Ihrem Arzt sprechen. Er kann Ihre Dosierung anpassen oder Ihnen ein anderes Medikament verschreiben. Es ist wichtig, die empfohlene Dosierung von Levitra oder anderen Medikamenten nicht zu \u00fcberschreiten, da dies gef\u00e4hrlich sein kann.<\/p>\n<\/div>\n<\/div>\n<div class=\"faq-question\">\n<h3 class=\"faq-q\">Ist Levitra besser als Viagra?<\/h3>\n<div>\n<p class=\"faq-a\">Levitra und Viagra sind beide wirksame Behandlungen f\u00fcr erektile Dysfunktion und wirken \u00e4hnlich. Sie sind jedoch nicht austauschbar und das spezifische Medikament, das f\u00fcr Sie am besten geeignet ist, kann von mehreren Faktoren abh\u00e4ngen, wie z.B. Ihrer medizinischen Vorgeschichte und anderen Medikamenten, die Sie einnehmen. Es ist wichtig, mit Ihrem Arzt \u00fcber die spezifischen Vorteile und potenziellen Risiken beider Medikamente zu sprechen, bevor Sie sich f\u00fcr eine Behandlung entscheiden. Er kann Ihnen helfen, die beste Behandlungsoption f\u00fcr Ihre individuellen Bed\u00fcrfnisse zu finden.<\/p>\n<\/div>\n<\/div>\n<div class=\"faq-question\">\n<h3 class=\"faq-q\">Wie lange dauert die Wirkung von Levitra 20 mg?<\/h3>\n<div>\n<p class=\"faq-a\">Die Wirkungsdauer von Levitra kann je nach mehreren Faktoren variieren, wie z.B. dem Alter der Person, ihrem allgemeinen Gesundheitszustand und anderen Medikamenten, die sie einnimmt. Im Allgemeinen wurde gezeigt, dass Levitra bis zu 8 Stunden lang wirksam ist. Das bedeutet jedoch nicht, dass die Erektion 8 Stunden anh\u00e4lt. Das Medikament erleichtert einfach die Erzielung und Aufrechterhaltung einer Erektion, wenn Sie sexuell erregt sind. Es ist wichtig, die Anweisungen Ihres Arztes zu befolgen und Levitra nur wie empfohlen einzunehmen.<\/p>\n<\/div>\n<\/div>\n<\/div>\n","protected":false},"excerpt":{"rendered":"<p>Levitra is een medicijn dat wordt voorgeschreven bij seksuele functieproblemen zoals impotentie of erectiestoornissen. Het monohydrochloridezout van vardenafil is een selectieve remmer van het fosfodi\u00ebsterase type 5 (PDE5), dat specifiek gericht is op cyclisch guanosinemonofosfaat (cGMP). Het generieke geneesmiddel wordt vervaardigd door een gecertificeerd Indiaas bedrijf (GMP) en wordt erkend door de Amerikaanse gezondheidsautoriteiten.<\/p>\n<h2>Prijs van Levitra<\/h2>\n<p>De kosten van Levitra vari\u00ebren van \u20ac0,96 tot \u20ac3,87 per pil, afhankelijk van de grootte van de verpakking en de hoeveelheid werkzame stof (10 of 20 mg). U kunt Levitra bestellen op onze website met volledige anonimiteit. Levering per post is ook mogelijk.<\/p>\n","protected":false},"featured_media":3789,"comment_status":"open","ping_status":"closed","template":"","meta":[],"product_brand":[],"product_cat":[874],"product_tag":[],"class_list":{"0":"post-5092","1":"product","2":"type-product","3":"status-publish","4":"has-post-thumbnail","6":"product_cat-erectiele-disfunctie","7":"pa_actief-ingredient-vardenafil","8":"sales-flash-overlay","9":"woocommerce-text-align-center","10":"woocommerce-image-align-center","12":"first","13":"instock","14":"shipping-taxable","15":"product-type-external"},"amp_enabled":true,"_links":{"self":[{"href":"https:\/\/www.apotheek-erica.nl\/online\/wp-json\/wp\/v2\/product\/5092","targetHints":{"allow":["GET"]}}],"collection":[{"href":"https:\/\/www.apotheek-erica.nl\/online\/wp-json\/wp\/v2\/product"}],"about":[{"href":"https:\/\/www.apotheek-erica.nl\/online\/wp-json\/wp\/v2\/types\/product"}],"replies":[{"embeddable":true,"href":"https:\/\/www.apotheek-erica.nl\/online\/wp-json\/wp\/v2\/comments?post=5092"}],"wp:featuredmedia":[{"embeddable":true,"href":"https:\/\/www.apotheek-erica.nl\/online\/wp-json\/wp\/v2\/media\/3789"}],"wp:attachment":[{"href":"https:\/\/www.apotheek-erica.nl\/online\/wp-json\/wp\/v2\/media?parent=5092"}],"wp:term":[{"taxonomy":"product_brand","embeddable":true,"href":"https:\/\/www.apotheek-erica.nl\/online\/wp-json\/wp\/v2\/product_brand?post=5092"},{"taxonomy":"product_cat","embeddable":true,"href":"https:\/\/www.apotheek-erica.nl\/online\/wp-json\/wp\/v2\/product_cat?post=5092"},{"taxonomy":"product_tag","embeddable":true,"href":"https:\/\/www.apotheek-erica.nl\/online\/wp-json\/wp\/v2\/product_tag?post=5092"}],"curies":[{"name":"wp","href":"https:\/\/api.w.org\/{rel}","templated":true}]}}