{"id":5098,"date":"2025-07-08T09:11:27","date_gmt":"2025-07-08T08:11:27","guid":{"rendered":"https:\/\/www.apotheek-erica.nl\/online\/?post_type=product&#038;p=5098"},"modified":"2025-07-08T09:11:27","modified_gmt":"2025-07-08T08:11:27","slug":"cialis","status":"publish","type":"product","link":"https:\/\/www.apotheek-erica.nl\/online\/cialis\/","title":{"rendered":"Cialis"},"content":{"rendered":"<h2>Wat is een erectiestoornis?<\/h2>\n<p>Er is sprake van erectiestoornissen wanneer iemand regelmatig geen volledige erectie kan krijgen die geslachtsgemeenschap mogelijk maakt.<\/p>\n<p>Erectiele disfunctie is vaak een symptoom van een ander gezondheidsprobleem of wordt verergerd door emotionele problemen en kan worden veroorzaakt door een breed scala aan aandoeningen, zoals prestatieangst, huiselijke problemen, psychiatrische of emotionele problemen.<\/p>\n<p>Het gebruik van behandelingen voor psychiatrische stoornissen of behandelingen voor hoge bloeddruk kunnen erectiestoornissen veroorzaken of verergeren.<\/p>\n<p>Erectiestoornissen kunnen in verband worden gebracht met hoge bloeddruk, hartaandoeningen en neurologische stoornissen.<\/p>\n<p>Het wordt ook in verband gebracht met slechte gewoonten, zoals te veel drinken of roken, en het gebruik van bepaalde drugs, zoals coca\u00efne of amfetaminen, of zelfs bepaalde opio\u00efden.<\/p>\n<p>En vaak hebben we geen goede reden waarom mensen erectiestoornissen ontwikkelen, die in verband lijken te staan met aderverkalking.<\/p>\n<h2>Hoe gebruikt u Cialis?<\/h2>\n<p>Het wordt aanbevolen om Cialis op twee manieren in te nemen:<\/p>\n<p>Ofwel neem het wanneer u weet dat u seksuele activiteit gaat hebben. Dus minstens 30 minuten voor de seksuele activiteit neemt u meestal 10 milligram; sommige mannen hebben 20 milligram nodig, anderen slechts 5 milligram.<\/p>\n<p>Neem vooral niet meer dan \u00e9\u00e9n dosis per dag.<\/p>\n<p><img decoding=\"async\" class=\"aligncenter wp-image-68685 size-medium\" src=\"http:\/\/www.apotheek-erica.nl\/online\/wp-content\/uploads\/2022\/05\/erecile-disfunction-solved-300x300.jpg\" alt=\"R\u00e9solution des probl\u00e8mes de dysfonctionnement \u00e9rectile\" width=\"300\" height=\"300\" srcset=\"https:\/\/www.apotheek-erica.nl\/online\/wp-content\/uploads\/2022\/05\/erecile-disfunction-solved-300x300.jpg 300w, https:\/\/www.apotheek-erica.nl\/online\/wp-content\/uploads\/2022\/05\/erecile-disfunction-solved-150x150.jpg 150w, https:\/\/www.apotheek-erica.nl\/online\/wp-content\/uploads\/2022\/05\/erecile-disfunction-solved-200x200.jpg 200w, https:\/\/www.apotheek-erica.nl\/online\/wp-content\/uploads\/2022\/05\/erecile-disfunction-solved-100x100.jpg 100w, https:\/\/www.apotheek-erica.nl\/online\/wp-content\/uploads\/2022\/05\/erecile-disfunction-solved.jpg 450w\" sizes=\"(max-width: 300px) 100vw, 300px\" \/><\/p>\n<p>Neem het \u00e9\u00e9n keer per dag en het is goedgekeurd in een veel lagere dosis.<\/p>\n<p>Dus in plaats van 10 milligram per dag, naar behoefte, kunt u nu twee en een halve milligram per dag nemen, en u kunt de dosis verhogen tot vijf milligram indien nodig. Als je goedaardige prostaathyperplasie hebt, kun je vijf milligram nemen. En bij deze doses hoeft u zich geen zorgen te maken over de dagelijkse dosis, u hoeft zich geen zorgen te maken over wanneer u seks gaat hebben, u neemt gewoon de pil en u bent klaar wanneer u klaar bent.<\/p>\n<p>Als u het gebruikt voor goedaardige prostaathyperplasie, mag de behandeling niet langer duren dan zes maanden. En gedurende deze tijd moet u geen Avodart of <a href=\"https:\/\/www.apotheek-erica.nl\/online\/proscar\/\" data-internallinksmanager029f6b8e52c=\"212\" title=\"Proscar\">Proscar<\/a> gebruiken, die zullen het overnemen en u zult geen Cialis nodig hebben.<\/p>\n<h2>Aanbevolen dosering van Cialis<\/h2>\n<p>In het algemeen zal uw arts u vragen te beginnen met een lage dosis Cialis. Vervolgens zal hij of zij de dosis na verloop van tijd aanpassen aan de hoeveelheid die voor u goed is. Uiteindelijk zal uw arts u de laagste dosis voorschrijven die het gewenste effect geeft.<\/p>\n<p>De volgende informatie beschrijft de doseringen die gewoonlijk worden gebruikt of aanbevolen. Zorg er echter voor dat u de dosis inneemt die uw arts heeft voorgeschreven. Uw arts zal bepalen wat voor u de beste dosering is.<\/p>\n<p>Ongeacht de aandoening waarvoor Cialis wordt gebruikt, is de maximale aanbevolen dosis per dag 20 mg. Dit is de hoogste dosering die een arts kan voorschrijven.<\/p>\n<h3>Dosering voor erectiestoornissen (ED)<\/h3>\n<p>Voor de behandeling van erectiestoornissen (ED) kan Cialis dagelijks of af en toe worden gebruikt.<\/p>\n<h3>Cialis ED dosering voor dagelijks gebruik<\/h3>\n<p>Voor de behandeling van erectiestoornissen is de dosering van Cialis voor dagelijks gebruik 2,5 mg eenmaal per dag. Het is niet nodig om Cialis op een specifiek tijdstip voor de seksuele activiteit in te nemen wanneer het op deze manier wordt voorgeschreven. U kunt uw dosis op elk moment van de dag innemen. Maar u moet proberen het <strong>elke dag<\/strong> op <strong>hetzelfde tijdstip<\/strong> in te nemen. Dit zorgt ervoor dat er voldoende medicijn in uw lichaam is om de Cialis effectief te laten zijn.<\/p>\n<p>Uw arts kan uw dosis verhogen tot 5 mg als de dosis van 2,5 mg niet goed voor u werkt.<\/p>\n<h3>Cialis ED dosering voor incidenteel gebruik<\/h3>\n<p>De normale dosis Cialis voor incidenteel gebruik bij de behandeling van erectiestoornissen is 10 mg v\u00f3\u00f3r de seksuele activiteit. Als u bijwerkingen krijgt bij de dosis van 10 mg, kan uw arts u een dosis van 5 mg voorschrijven. Als de dosis van 10 mg niet het gewenste effect geeft, kan hij deze verhogen tot de maximale dosis van 20 mg eenmaal daags.<\/p>\n<p>Bij incidenteel gebruik voor de behandeling van erectiestoornissen kunnen de effecten van Cialis tot 36 uur aanhouden.<\/p>\n<p>Ongeacht de voorgeschreven dosis mag u niet meer dan \u00e9\u00e9n Cialis tablet per dag innemen.<\/p>\n<h3>Dosering voor goedaardige prostaathyperplasie (BPH)<\/h3>\n<p>Voor de behandeling van goedaardige prostaathyperplasie (BPH) is de aanbevolen dosis Cialis 5 mg eenmaal daags.<\/p>\n<h3>Dosering voor erectiestoornissen en BPH<\/h3>\n<p>Voor gebruik als een enkel geneesmiddel voor de behandeling van zowel erectiestoornissen als goedaardige prostaathyperplasie is de aanbevolen dosering van Cialis 5 mg eenmaal daags. Het is niet nodig om Cialis op een specifiek tijdstip voor de seksuele activiteit in te nemen wanneer het op deze manier wordt voorgeschreven. U kunt uw dosis op elk moment van de dag innemen. Maar u moet proberen het elke dag op hetzelfde tijdstip in te nemen om de werkzaamheid te waarborgen.<\/p>\n<h2>Langdurig gebruik<\/h2>\n<p>Artsen adviseren Cialis te gebruiken als langdurige behandeling, zelfs als u het slechts af en toe gebruikt om erectiestoornissen te behandelen. Als u en uw arts vaststellen dat Cialis veilig en effectief voor u is, zult u het waarschijnlijk langdurig gebruiken.<\/p>\n<h2>De effectiviteit van Cialis<\/h2>\n<p>Bij lichte erectiestoornissen is het middel waarschijnlijk 85% effectief, bij matige erectiestoornissen is het 50-70% effectief, en bij ernstige erectiestoornissen kunt u hoogstens rekenen op de hulp van \u00e9\u00e9n op de drie mannen, maar als u een radicale prostatectomie heeft ondergaan, is de kans dat het middel effectief is aanzienlijk kleiner.<\/p>\n<p>En als u diabeet bent, zal slechts 50% van de mensen beter worden. Er zijn andere geneesmiddelen beschikbaar voor het geval de familie van geneesmiddelen, waarvan Cialis deel uitmaakt, niet werkt. Welnu, Cialis blijft langer dan enig ander middel in de bloedbaan, en het lijkt meer te werken op de geslachtsorganen en de prostaat dan op andere gebieden waar <a href=\"https:\/\/www.apotheek-erica.nl\/online\/levitra\/\" data-internallinksmanager029f6b8e52c=\"5\" title=\"Levitra\">Levitra<\/a> of <a href=\"https:\/\/www.apotheek-erica.nl\/online\/viagra\/\" data-internallinksmanager029f6b8e52c=\"211\" title=\"Viagra\">Viagra<\/a> een ravage kunnen aanrichten.<\/p>\n<h2>Bijwerkingen<\/h2>\n<p>Hoofdpijn, indigestie, rugpijn, <a href=\"https:\/\/www.apotheek-erica.nl\/online\/voltaren\/\" data-internallinksmanager029f6b8e52c=\"98\" title=\"Voltaren\">spierpijn<\/a>, loopneus, opvliegers of duizeligheid kunnen voorkomen. Als een van deze effecten aanhoudt of verergert, vertel dit dan aan uw arts of apotheker. Om het risico op duizeligheid en hoofdpijn te verminderen, moet u langzaam opstaan wanneer u van een zittende of liggende positie naar een staande positie gaat.<\/p>\n<p>Seksuele activiteit kan uw hart extra belasten, vooral als u hartproblemen heeft. Als u hartproblemen heeft en een van deze ernstige bijwerkingen ervaart tijdens de seks: ernstige duizeligheid, rusteloosheid, pijn op de borst\/kaak\/linkerarm, misselijkheid; stop onmiddellijk en zoek medische hulp.<\/p>\n","protected":false},"excerpt":{"rendered":"<p>Cialis is een van de effectieve behandelingen voor mannelijke erectiestoornissen, dat is bewezen in klinisch onderzoek [tabel id=3 \/] Dit geneesmiddel is onderzocht aan de hand van een deel van een onderzoek dat de International Index of Erectile Function (IIEF) heet. Een hogere score op de IIEF betekent dat de erectiele functie beter is en de symptomen van erectiestoornissen verbeteren. Het is dus bewezen dat Cialis effectief is bij de behandeling van erectiestoornissen.<\/p>\n<h2>Hoeveel kost Cialis?<\/h2>\n<p>De prijs van Cialis kan vari\u00ebren van \u20ac0,56 tot ruim \u20ac2,90 per tablet, afhankelijk van de dosering. Voor een levering van 30 dagen kan de prijs vari\u00ebren van \u20ac29,01 tot \u20ac150 of meer. U kunt de actuele prijs controleren via onderstaande links.<\/p>\n","protected":false},"featured_media":68684,"comment_status":"open","ping_status":"closed","template":"","meta":[],"product_brand":[],"product_cat":[874],"product_tag":[],"class_list":{"0":"post-5098","1":"product","2":"type-product","3":"status-publish","4":"has-post-thumbnail","6":"product_cat-erectiele-disfunctie","7":"pa_actief-ingredient-tadalafil","8":"sales-flash-overlay","9":"woocommerce-text-align-center","10":"woocommerce-image-align-center","11":"wc-has-gallery","13":"first","14":"instock","15":"shipping-taxable","16":"product-type-external"},"amp_enabled":true,"_links":{"self":[{"href":"https:\/\/www.apotheek-erica.nl\/online\/wp-json\/wp\/v2\/product\/5098","targetHints":{"allow":["GET"]}}],"collection":[{"href":"https:\/\/www.apotheek-erica.nl\/online\/wp-json\/wp\/v2\/product"}],"about":[{"href":"https:\/\/www.apotheek-erica.nl\/online\/wp-json\/wp\/v2\/types\/product"}],"replies":[{"embeddable":true,"href":"https:\/\/www.apotheek-erica.nl\/online\/wp-json\/wp\/v2\/comments?post=5098"}],"wp:featuredmedia":[{"embeddable":true,"href":"https:\/\/www.apotheek-erica.nl\/online\/wp-json\/wp\/v2\/media\/68684"}],"wp:attachment":[{"href":"https:\/\/www.apotheek-erica.nl\/online\/wp-json\/wp\/v2\/media?parent=5098"}],"wp:term":[{"taxonomy":"product_brand","embeddable":true,"href":"https:\/\/www.apotheek-erica.nl\/online\/wp-json\/wp\/v2\/product_brand?post=5098"},{"taxonomy":"product_cat","embeddable":true,"href":"https:\/\/www.apotheek-erica.nl\/online\/wp-json\/wp\/v2\/product_cat?post=5098"},{"taxonomy":"product_tag","embeddable":true,"href":"https:\/\/www.apotheek-erica.nl\/online\/wp-json\/wp\/v2\/product_tag?post=5098"}],"curies":[{"name":"wp","href":"https:\/\/api.w.org\/{rel}","templated":true}]}}